{"id":173,"date":"2021-03-08T17:39:35","date_gmt":"2021-03-08T15:39:35","guid":{"rendered":"https:\/\/ecohotelcrete.com\/?page_id=173"},"modified":"2021-10-10T19:13:48","modified_gmt":"2021-10-10T16:13:48","slug":"photo-gallery-ecohotel-crete-greece","status":"publish","type":"page","link":"https:\/\/ecohotelcrete.com\/cs\/photo-gallery-ecohotel-crete-greece\/","title":{"rendered":"Fotogalerie Mourztanakis Ecotourism Hotel CRETE"},"content":{"rendered":"","protected":false},"excerpt":{"rendered":"","protected":false},"author":1,"featured_media":0,"parent":0,"menu_order":0,"comment_status":"closed","ping_status":"closed","template":"","meta":{"footnotes":""},"categories":[],"tags":[],"class_list":["post-173","page","type-page","status-publish","hentry"],"yoast_head":"<!-- This site is optimized with the Yoast SEO plugin v26.7 - https:\/\/yoast.com\/wordpress\/plugins\/seo\/ -->\n<title>Photo Gallery Mourztanakis Ecotourism Hotel on Crete Greece<\/title>\n<meta name=\"description\" content=\"Eco tourism holidays Photo Gallery - Mourztanakis Ecotourism Hotel on the island fo Crete in Greece. See what our eco lodge offers\" \/>\n<meta name=\"robots\" content=\"index, follow, max-snippet:-1, max-image-preview:large, max-video-preview:-1\" \/>\n<link rel=\"canonical\" href=\"https:\/\/ecohotelcrete.com\/cs\/photo-gallery-ecohotel-crete-greece\/\" \/>\n<meta property=\"og:locale\" content=\"cs_CZ\" \/>\n<meta property=\"og:type\" content=\"article\" \/>\n<meta property=\"og:title\" content=\"Photo Gallery Mourztanakis Ecotourism Hotel on Crete Greece\" \/>\n<meta property=\"og:description\" content=\"Eco tourism holidays Photo Gallery - Mourztanakis Ecotourism Hotel on the island fo Crete in Greece. See what our eco lodge offers\" \/>\n<meta property=\"og:url\" content=\"https:\/\/ecohotelcrete.com\/cs\/photo-gallery-ecohotel-crete-greece\/\" \/>\n<meta property=\"og:site_name\" content=\"Ecotourism on Crete: Mourtzanakis ecotourism hotel on Crete Greece\" \/>\n<meta property=\"article:modified_time\" content=\"2021-10-10T16:13:48+00:00\" \/>\n<meta name=\"twitter:card\" content=\"summary_large_image\" \/>\n<script type=\"application\/ld+json\" class=\"yoast-schema-graph\">{\"@context\":\"https:\/\/schema.org\",\"@graph\":[{\"@type\":\"WebPage\",\"@id\":\"https:\/\/ecohotelcrete.com\/he\/photo-gallery-ecohotel-crete-greece\/\",\"url\":\"https:\/\/ecohotelcrete.com\/he\/photo-gallery-ecohotel-crete-greece\/\",\"name\":\"Photo Gallery Mourztanakis Ecotourism Hotel on Crete Greece\",\"isPartOf\":{\"@id\":\"https:\/\/ecohotelcrete.com\/cs\/#website\"},\"datePublished\":\"2021-03-08T15:39:35+00:00\",\"dateModified\":\"2021-10-10T16:13:48+00:00\",\"description\":\"Eco tourism holidays Photo Gallery - Mourztanakis Ecotourism Hotel on the island fo Crete in Greece. See what our eco lodge offers\",\"breadcrumb\":{\"@id\":\"https:\/\/ecohotelcrete.com\/he\/photo-gallery-ecohotel-crete-greece\/#breadcrumb\"},\"inLanguage\":\"cs\",\"potentialAction\":[{\"@type\":\"ReadAction\",\"target\":[\"https:\/\/ecohotelcrete.com\/he\/photo-gallery-ecohotel-crete-greece\/\"]}]},{\"@type\":\"BreadcrumbList\",\"@id\":\"https:\/\/ecohotelcrete.com\/he\/photo-gallery-ecohotel-crete-greece\/#breadcrumb\",\"itemListElement\":[{\"@type\":\"ListItem\",\"position\":1,\"name\":\"Home\",\"item\":\"https:\/\/ecohotelcrete.com\/cs\/\"},{\"@type\":\"ListItem\",\"position\":2,\"name\":\"Photo Gallery Mourztanakis Ecotourism Hotel CRETE\"}]},{\"@type\":\"WebSite\",\"@id\":\"https:\/\/ecohotelcrete.com\/cs\/#website\",\"url\":\"https:\/\/ecohotelcrete.com\/cs\/\",\"name\":\"Ecotourism on Crete: Mourtzanakis ecotourism hotel on Crete Greece\",\"description\":\"Crete Greece: Ecotourism hotel (4 independent luxury Villas) for holidays in the nature of Crete Island. An ecotourism hotel with sensational views\",\"potentialAction\":[{\"@type\":\"SearchAction\",\"target\":{\"@type\":\"EntryPoint\",\"urlTemplate\":\"https:\/\/ecohotelcrete.com\/cs\/?s={search_term_string}\"},\"query-input\":{\"@type\":\"PropertyValueSpecification\",\"valueRequired\":true,\"valueName\":\"search_term_string\"}}],\"inLanguage\":\"cs\"}]}<\/script>\n<!-- \/ Yoast SEO plugin. -->","yoast_head_json":{"title":"Fotogalerie Mourztanakis Ekoturismus Hotel na Kr\u00e9t\u011b \u0158ecko","description":"Ekoturistika Dovolen\u00e1 Fotogalerie - Mourztanakis Hotel Ekoturistika na ostrov\u011b Kr\u00e9ta v \u0158ecku. Pod\u00edvejte se, co na\u0161e eko lodge nab\u00edz\u00ed","robots":{"index":"index","follow":"follow","max-snippet":"max-snippet:-1","max-image-preview":"max-image-preview:large","max-video-preview":"max-video-preview:-1"},"canonical":"https:\/\/ecohotelcrete.com\/cs\/photo-gallery-ecohotel-crete-greece\/","og_locale":"cs_CZ","og_type":"article","og_title":"Photo Gallery Mourztanakis Ecotourism Hotel on Crete Greece","og_description":"Eco tourism holidays Photo Gallery - Mourztanakis Ecotourism Hotel on the island fo Crete in Greece. See what our eco lodge offers","og_url":"https:\/\/ecohotelcrete.com\/cs\/photo-gallery-ecohotel-crete-greece\/","og_site_name":"Ecotourism on Crete: Mourtzanakis ecotourism hotel on Crete Greece","article_modified_time":"2021-10-10T16:13:48+00:00","twitter_card":"summary_large_image","schema":{"@context":"https:\/\/schema.org","@graph":[{"@type":"WebPage","@id":"https:\/\/ecohotelcrete.com\/he\/photo-gallery-ecohotel-crete-greece\/","url":"https:\/\/ecohotelcrete.com\/he\/photo-gallery-ecohotel-crete-greece\/","name":"Fotogalerie Mourztanakis Ekoturismus Hotel na Kr\u00e9t\u011b \u0158ecko","isPartOf":{"@id":"https:\/\/ecohotelcrete.com\/cs\/#website"},"datePublished":"2021-03-08T15:39:35+00:00","dateModified":"2021-10-10T16:13:48+00:00","description":"Ekoturistika Dovolen\u00e1 Fotogalerie - Mourztanakis Hotel Ekoturistika na ostrov\u011b Kr\u00e9ta v \u0158ecku. Pod\u00edvejte se, co na\u0161e eko lodge nab\u00edz\u00ed","breadcrumb":{"@id":"https:\/\/ecohotelcrete.com\/he\/photo-gallery-ecohotel-crete-greece\/#breadcrumb"},"inLanguage":"cs","potentialAction":[{"@type":"ReadAction","target":["https:\/\/ecohotelcrete.com\/he\/photo-gallery-ecohotel-crete-greece\/"]}]},{"@type":"BreadcrumbList","@id":"https:\/\/ecohotelcrete.com\/he\/photo-gallery-ecohotel-crete-greece\/#breadcrumb","itemListElement":[{"@type":"ListItem","position":1,"name":"Home","item":"https:\/\/ecohotelcrete.com\/cs\/"},{"@type":"ListItem","position":2,"name":"Photo Gallery Mourztanakis Ecotourism Hotel CRETE"}]},{"@type":"WebSite","@id":"https:\/\/ecohotelcrete.com\/cs\/#website","url":"https:\/\/ecohotelcrete.com\/cs\/","name":"Ekoturistika na Kr\u00e9t\u011b: ekoturistick\u00fd hotel Mourtzanakis na Kr\u00e9t\u011b v \u0158ecku","description":"Kr\u00e9ta \u0158ecko: Ekoturistick\u00fd hotel (4 nez\u00e1visl\u00e9 luxusn\u00ed vily) pro dovolenou v p\u0159\u00edrod\u011b na ostrov\u011b Kr\u00e9ta. Ekoturistick\u00fd hotel se senza\u010dn\u00edmi v\u00fdhledy","potentialAction":[{"@type":"SearchAction","target":{"@type":"EntryPoint","urlTemplate":"https:\/\/ecohotelcrete.com\/cs\/?s={search_term_string}"},"query-input":{"@type":"PropertyValueSpecification","valueRequired":true,"valueName":"search_term_string"}}],"inLanguage":"cs"}]}},"_links":{"self":[{"href":"https:\/\/ecohotelcrete.com\/cs\/wp-json\/wp\/v2\/pages\/173","targetHints":{"allow":["GET"]}}],"collection":[{"href":"https:\/\/ecohotelcrete.com\/cs\/wp-json\/wp\/v2\/pages"}],"about":[{"href":"https:\/\/ecohotelcrete.com\/cs\/wp-json\/wp\/v2\/types\/page"}],"author":[{"embeddable":true,"href":"https:\/\/ecohotelcrete.com\/cs\/wp-json\/wp\/v2\/users\/1"}],"replies":[{"embeddable":true,"href":"https:\/\/ecohotelcrete.com\/cs\/wp-json\/wp\/v2\/comments?post=173"}],"version-history":[{"count":0,"href":"https:\/\/ecohotelcrete.com\/cs\/wp-json\/wp\/v2\/pages\/173\/revisions"}],"wp:attachment":[{"href":"https:\/\/ecohotelcrete.com\/cs\/wp-json\/wp\/v2\/media?parent=173"}],"wp:term":[{"taxonomy":"category","embeddable":true,"href":"https:\/\/ecohotelcrete.com\/cs\/wp-json\/wp\/v2\/categories?post=173"},{"taxonomy":"post_tag","embeddable":true,"href":"https:\/\/ecohotelcrete.com\/cs\/wp-json\/wp\/v2\/tags?post=173"}],"curies":[{"name":"wp","href":"https:\/\/api.w.org\/{rel}","templated":true}]}}