{"id":224,"date":"2021-03-09T20:38:05","date_gmt":"2021-03-09T18:38:05","guid":{"rendered":"https:\/\/ecohotelcrete.com\/?page_id=224"},"modified":"2021-10-10T19:41:34","modified_gmt":"2021-10-10T16:41:34","slug":"services-mourtzanakis-eco-hotel-ecotourism-in-crete-greece","status":"publish","type":"page","link":"https:\/\/ecohotelcrete.com\/cs\/services-mourtzanakis-eco-hotel-ecotourism-in-crete-greece\/","title":{"rendered":"SLU\u017dBY - Mourtzanakis Eco Hotel - Ekoturistika v K\u0158ET\u011a \u0158ECKU"},"content":{"rendered":"","protected":false},"excerpt":{"rendered":"","protected":false},"author":1,"featured_media":0,"parent":0,"menu_order":0,"comment_status":"closed","ping_status":"closed","template":"","meta":{"footnotes":""},"categories":[],"tags":[],"class_list":["post-224","page","type-page","status-publish","hentry"],"yoast_head":"<!-- This site is optimized with the Yoast SEO plugin v26.7 - https:\/\/yoast.com\/wordpress\/plugins\/seo\/ -->\n<title>SERVICES - Mourtzanakis Eco Hotel - Ecotourism in CRETE GREECE<\/title>\n<meta name=\"description\" content=\"Ecotourism on Crete Greece: SERVICES offered at Mourtzanakis Eco Hotel accommodation at Achlada (near Agia Pealgia holiday resort area)\" \/>\n<meta name=\"robots\" content=\"index, follow, max-snippet:-1, max-image-preview:large, max-video-preview:-1\" \/>\n<link rel=\"canonical\" href=\"https:\/\/ecohotelcrete.com\/cs\/services-mourtzanakis-eco-hotel-ecotourism-in-crete-greece\/\" \/>\n<meta property=\"og:locale\" content=\"cs_CZ\" \/>\n<meta property=\"og:type\" content=\"article\" \/>\n<meta property=\"og:title\" content=\"SERVICES - Mourtzanakis Eco Hotel - Ecotourism in CRETE GREECE\" \/>\n<meta property=\"og:description\" content=\"Ecotourism on Crete Greece: SERVICES offered at Mourtzanakis Eco Hotel accommodation at Achlada (near Agia Pealgia holiday resort area)\" \/>\n<meta property=\"og:url\" content=\"https:\/\/ecohotelcrete.com\/cs\/services-mourtzanakis-eco-hotel-ecotourism-in-crete-greece\/\" \/>\n<meta property=\"og:site_name\" content=\"Ecotourism on Crete: Mourtzanakis ecotourism hotel on Crete Greece\" \/>\n<meta property=\"article:modified_time\" content=\"2021-10-10T16:41:34+00:00\" \/>\n<meta name=\"twitter:card\" content=\"summary_large_image\" \/>\n<script type=\"application\/ld+json\" class=\"yoast-schema-graph\">{\"@context\":\"https:\/\/schema.org\",\"@graph\":[{\"@type\":\"WebPage\",\"@id\":\"https:\/\/ecohotelcrete.com\/ar\/services-mourtzanakis-eco-hotel-ecotourism-in-crete-greece\/\",\"url\":\"https:\/\/ecohotelcrete.com\/ar\/services-mourtzanakis-eco-hotel-ecotourism-in-crete-greece\/\",\"name\":\"SERVICES - Mourtzanakis Eco Hotel - Ecotourism in CRETE GREECE\",\"isPartOf\":{\"@id\":\"https:\/\/ecohotelcrete.com\/cs\/#website\"},\"datePublished\":\"2021-03-09T18:38:05+00:00\",\"dateModified\":\"2021-10-10T16:41:34+00:00\",\"description\":\"Ecotourism on Crete Greece: SERVICES offered at Mourtzanakis Eco Hotel accommodation at Achlada (near Agia Pealgia holiday resort area)\",\"breadcrumb\":{\"@id\":\"https:\/\/ecohotelcrete.com\/ar\/services-mourtzanakis-eco-hotel-ecotourism-in-crete-greece\/#breadcrumb\"},\"inLanguage\":\"cs\",\"potentialAction\":[{\"@type\":\"ReadAction\",\"target\":[\"https:\/\/ecohotelcrete.com\/ar\/services-mourtzanakis-eco-hotel-ecotourism-in-crete-greece\/\"]}]},{\"@type\":\"BreadcrumbList\",\"@id\":\"https:\/\/ecohotelcrete.com\/ar\/services-mourtzanakis-eco-hotel-ecotourism-in-crete-greece\/#breadcrumb\",\"itemListElement\":[{\"@type\":\"ListItem\",\"position\":1,\"name\":\"Home\",\"item\":\"https:\/\/ecohotelcrete.com\/cs\/\"},{\"@type\":\"ListItem\",\"position\":2,\"name\":\"SERVICES - Mourtzanakis Eco Hotel - Ecotourism in CRETE GREECE\"}]},{\"@type\":\"WebSite\",\"@id\":\"https:\/\/ecohotelcrete.com\/cs\/#website\",\"url\":\"https:\/\/ecohotelcrete.com\/cs\/\",\"name\":\"Ecotourism on Crete: Mourtzanakis ecotourism hotel on Crete Greece\",\"description\":\"Crete Greece: Ecotourism hotel (4 independent luxury Villas) for holidays in the nature of Crete Island. An ecotourism hotel with sensational views\",\"potentialAction\":[{\"@type\":\"SearchAction\",\"target\":{\"@type\":\"EntryPoint\",\"urlTemplate\":\"https:\/\/ecohotelcrete.com\/cs\/?s={search_term_string}\"},\"query-input\":{\"@type\":\"PropertyValueSpecification\",\"valueRequired\":true,\"valueName\":\"search_term_string\"}}],\"inLanguage\":\"cs\"}]}<\/script>\n<!-- \/ Yoast SEO plugin. -->","yoast_head_json":{"title":"SLU\u017dBY - Mourtzanakis Eco Hotel - Ekoturistika v K\u0158ET\u011a \u0158ECKU","description":"Ekoturistika na Kr\u00e9t\u011b \u0158ecko: SLU\u017dBY nab\u00edzen\u00e9 v ubytov\u00e1n\u00ed Mourtzanakis Eco Hotel v Achlada (nedaleko rekrea\u010dn\u00ed oblasti Agia Pealgia)","robots":{"index":"index","follow":"follow","max-snippet":"max-snippet:-1","max-image-preview":"max-image-preview:large","max-video-preview":"max-video-preview:-1"},"canonical":"https:\/\/ecohotelcrete.com\/cs\/services-mourtzanakis-eco-hotel-ecotourism-in-crete-greece\/","og_locale":"cs_CZ","og_type":"article","og_title":"SERVICES - Mourtzanakis Eco Hotel - Ecotourism in CRETE GREECE","og_description":"Ecotourism on Crete Greece: SERVICES offered at Mourtzanakis Eco Hotel accommodation at Achlada (near Agia Pealgia holiday resort area)","og_url":"https:\/\/ecohotelcrete.com\/cs\/services-mourtzanakis-eco-hotel-ecotourism-in-crete-greece\/","og_site_name":"Ecotourism on Crete: Mourtzanakis ecotourism hotel on Crete Greece","article_modified_time":"2021-10-10T16:41:34+00:00","twitter_card":"summary_large_image","schema":{"@context":"https:\/\/schema.org","@graph":[{"@type":"WebPage","@id":"https:\/\/ecohotelcrete.com\/ar\/services-mourtzanakis-eco-hotel-ecotourism-in-crete-greece\/","url":"https:\/\/ecohotelcrete.com\/ar\/services-mourtzanakis-eco-hotel-ecotourism-in-crete-greece\/","name":"SLU\u017dBY - Mourtzanakis Eco Hotel - Ekoturistika v K\u0158ET\u011a \u0158ECKU","isPartOf":{"@id":"https:\/\/ecohotelcrete.com\/cs\/#website"},"datePublished":"2021-03-09T18:38:05+00:00","dateModified":"2021-10-10T16:41:34+00:00","description":"Ekoturistika na Kr\u00e9t\u011b \u0158ecko: SLU\u017dBY nab\u00edzen\u00e9 v ubytov\u00e1n\u00ed Mourtzanakis Eco Hotel v Achlada (nedaleko rekrea\u010dn\u00ed oblasti Agia Pealgia)","breadcrumb":{"@id":"https:\/\/ecohotelcrete.com\/ar\/services-mourtzanakis-eco-hotel-ecotourism-in-crete-greece\/#breadcrumb"},"inLanguage":"cs","potentialAction":[{"@type":"ReadAction","target":["https:\/\/ecohotelcrete.com\/ar\/services-mourtzanakis-eco-hotel-ecotourism-in-crete-greece\/"]}]},{"@type":"BreadcrumbList","@id":"https:\/\/ecohotelcrete.com\/ar\/services-mourtzanakis-eco-hotel-ecotourism-in-crete-greece\/#breadcrumb","itemListElement":[{"@type":"ListItem","position":1,"name":"Home","item":"https:\/\/ecohotelcrete.com\/cs\/"},{"@type":"ListItem","position":2,"name":"SERVICES - Mourtzanakis Eco Hotel - Ecotourism in CRETE GREECE"}]},{"@type":"WebSite","@id":"https:\/\/ecohotelcrete.com\/cs\/#website","url":"https:\/\/ecohotelcrete.com\/cs\/","name":"Ekoturistika na Kr\u00e9t\u011b: ekoturistick\u00fd hotel Mourtzanakis na Kr\u00e9t\u011b v \u0158ecku","description":"Kr\u00e9ta \u0158ecko: Ekoturistick\u00fd hotel (4 nez\u00e1visl\u00e9 luxusn\u00ed vily) pro dovolenou v p\u0159\u00edrod\u011b na ostrov\u011b Kr\u00e9ta. Ekoturistick\u00fd hotel se senza\u010dn\u00edmi v\u00fdhledy","potentialAction":[{"@type":"SearchAction","target":{"@type":"EntryPoint","urlTemplate":"https:\/\/ecohotelcrete.com\/cs\/?s={search_term_string}"},"query-input":{"@type":"PropertyValueSpecification","valueRequired":true,"valueName":"search_term_string"}}],"inLanguage":"cs"}]}},"_links":{"self":[{"href":"https:\/\/ecohotelcrete.com\/cs\/wp-json\/wp\/v2\/pages\/224","targetHints":{"allow":["GET"]}}],"collection":[{"href":"https:\/\/ecohotelcrete.com\/cs\/wp-json\/wp\/v2\/pages"}],"about":[{"href":"https:\/\/ecohotelcrete.com\/cs\/wp-json\/wp\/v2\/types\/page"}],"author":[{"embeddable":true,"href":"https:\/\/ecohotelcrete.com\/cs\/wp-json\/wp\/v2\/users\/1"}],"replies":[{"embeddable":true,"href":"https:\/\/ecohotelcrete.com\/cs\/wp-json\/wp\/v2\/comments?post=224"}],"version-history":[{"count":0,"href":"https:\/\/ecohotelcrete.com\/cs\/wp-json\/wp\/v2\/pages\/224\/revisions"}],"wp:attachment":[{"href":"https:\/\/ecohotelcrete.com\/cs\/wp-json\/wp\/v2\/media?parent=224"}],"wp:term":[{"taxonomy":"category","embeddable":true,"href":"https:\/\/ecohotelcrete.com\/cs\/wp-json\/wp\/v2\/categories?post=224"},{"taxonomy":"post_tag","embeddable":true,"href":"https:\/\/ecohotelcrete.com\/cs\/wp-json\/wp\/v2\/tags?post=224"}],"curies":[{"name":"wp","href":"https:\/\/api.w.org\/{rel}","templated":true}]}}