{"id":280,"date":"2021-03-14T13:47:56","date_gmt":"2021-03-14T11:47:56","guid":{"rendered":"https:\/\/ecohotelcrete.com\/?page_id=280"},"modified":"2021-03-14T14:06:06","modified_gmt":"2021-03-14T12:06:06","slug":"book-eco-hotel-crete","status":"publish","type":"page","link":"https:\/\/ecohotelcrete.com\/cs\/book-eco-hotel-crete\/","title":{"rendered":"Zarezervujte si Ecotourism Hotel na ostrov\u011b Kr\u00e9ta v \u0158ecku"},"content":{"rendered":"","protected":false},"excerpt":{"rendered":"","protected":false},"author":1,"featured_media":0,"parent":0,"menu_order":0,"comment_status":"closed","ping_status":"closed","template":"","meta":{"footnotes":""},"categories":[],"tags":[],"class_list":["post-280","page","type-page","status-publish","hentry"],"yoast_head":"<!-- This site is optimized with the Yoast SEO plugin v26.7 - https:\/\/yoast.com\/wordpress\/plugins\/seo\/ -->\n<title>Book Ecotourism Hotel on Crete island Greece<\/title>\n<meta name=\"description\" content=\"Eco tourism hotel Mourtzanakis: how to book online accommodation in our Ecotourism hotel at Achlada, Agia Pelagia Crete\" \/>\n<meta name=\"robots\" content=\"index, follow, max-snippet:-1, max-image-preview:large, max-video-preview:-1\" \/>\n<link rel=\"canonical\" href=\"https:\/\/ecohotelcrete.com\/cs\/book-eco-hotel-crete\/\" \/>\n<meta property=\"og:locale\" content=\"cs_CZ\" \/>\n<meta property=\"og:type\" content=\"article\" \/>\n<meta property=\"og:title\" content=\"Book Ecotourism Hotel on Crete island Greece\" \/>\n<meta property=\"og:description\" content=\"Eco tourism hotel Mourtzanakis: how to book online accommodation in our Ecotourism hotel at Achlada, Agia Pelagia Crete\" \/>\n<meta property=\"og:url\" content=\"https:\/\/ecohotelcrete.com\/cs\/book-eco-hotel-crete\/\" \/>\n<meta property=\"og:site_name\" content=\"Ecotourism on Crete: Mourtzanakis ecotourism hotel on Crete Greece\" \/>\n<meta property=\"article:modified_time\" content=\"2021-03-14T12:06:06+00:00\" \/>\n<meta name=\"twitter:card\" content=\"summary_large_image\" \/>\n<script type=\"application\/ld+json\" class=\"yoast-schema-graph\">{\"@context\":\"https:\/\/schema.org\",\"@graph\":[{\"@type\":\"WebPage\",\"@id\":\"https:\/\/ecohotelcrete.com\/book-eco-hotel-crete\/\",\"url\":\"https:\/\/ecohotelcrete.com\/book-eco-hotel-crete\/\",\"name\":\"Book Ecotourism Hotel on Crete island Greece\",\"isPartOf\":{\"@id\":\"https:\/\/ecohotelcrete.com\/cs\/#website\"},\"datePublished\":\"2021-03-14T11:47:56+00:00\",\"dateModified\":\"2021-03-14T12:06:06+00:00\",\"description\":\"Eco tourism hotel Mourtzanakis: how to book online accommodation in our Ecotourism hotel at Achlada, Agia Pelagia Crete\",\"breadcrumb\":{\"@id\":\"https:\/\/ecohotelcrete.com\/book-eco-hotel-crete\/#breadcrumb\"},\"inLanguage\":\"cs\",\"potentialAction\":[{\"@type\":\"ReadAction\",\"target\":[\"https:\/\/ecohotelcrete.com\/book-eco-hotel-crete\/\"]}]},{\"@type\":\"BreadcrumbList\",\"@id\":\"https:\/\/ecohotelcrete.com\/book-eco-hotel-crete\/#breadcrumb\",\"itemListElement\":[{\"@type\":\"ListItem\",\"position\":1,\"name\":\"Home\",\"item\":\"https:\/\/ecohotelcrete.com\/cs\/\"},{\"@type\":\"ListItem\",\"position\":2,\"name\":\"Book Ecotourism Hotel on Crete island Greece\"}]},{\"@type\":\"WebSite\",\"@id\":\"https:\/\/ecohotelcrete.com\/cs\/#website\",\"url\":\"https:\/\/ecohotelcrete.com\/cs\/\",\"name\":\"Ecotourism on Crete: Mourtzanakis ecotourism hotel on Crete Greece\",\"description\":\"Crete Greece: Ecotourism hotel (4 independent luxury Villas) for holidays in the nature of Crete Island. An ecotourism hotel with sensational views\",\"potentialAction\":[{\"@type\":\"SearchAction\",\"target\":{\"@type\":\"EntryPoint\",\"urlTemplate\":\"https:\/\/ecohotelcrete.com\/cs\/?s={search_term_string}\"},\"query-input\":{\"@type\":\"PropertyValueSpecification\",\"valueRequired\":true,\"valueName\":\"search_term_string\"}}],\"inLanguage\":\"cs\"}]}<\/script>\n<!-- \/ Yoast SEO plugin. -->","yoast_head_json":{"title":"Zarezervujte si Ecotourism Hotel na ostrov\u011b Kr\u00e9ta v \u0158ecku","description":"Ekoturistick\u00fd hotel Mourtzanakis: jak si rezervovat online ubytov\u00e1n\u00ed v na\u0161em hotelu Ekoturistika v Achlad\u011b na Agia Pelagia na Kr\u00e9t\u011b","robots":{"index":"index","follow":"follow","max-snippet":"max-snippet:-1","max-image-preview":"max-image-preview:large","max-video-preview":"max-video-preview:-1"},"canonical":"https:\/\/ecohotelcrete.com\/cs\/book-eco-hotel-crete\/","og_locale":"cs_CZ","og_type":"article","og_title":"Book Ecotourism Hotel on Crete island Greece","og_description":"Eco tourism hotel Mourtzanakis: how to book online accommodation in our Ecotourism hotel at Achlada, Agia Pelagia Crete","og_url":"https:\/\/ecohotelcrete.com\/cs\/book-eco-hotel-crete\/","og_site_name":"Ecotourism on Crete: Mourtzanakis ecotourism hotel on Crete Greece","article_modified_time":"2021-03-14T12:06:06+00:00","twitter_card":"summary_large_image","schema":{"@context":"https:\/\/schema.org","@graph":[{"@type":"WebPage","@id":"https:\/\/ecohotelcrete.com\/book-eco-hotel-crete\/","url":"https:\/\/ecohotelcrete.com\/book-eco-hotel-crete\/","name":"Zarezervujte si Ecotourism Hotel na ostrov\u011b Kr\u00e9ta v \u0158ecku","isPartOf":{"@id":"https:\/\/ecohotelcrete.com\/cs\/#website"},"datePublished":"2021-03-14T11:47:56+00:00","dateModified":"2021-03-14T12:06:06+00:00","description":"Ekoturistick\u00fd hotel Mourtzanakis: jak si rezervovat online ubytov\u00e1n\u00ed v na\u0161em hotelu Ekoturistika v Achlad\u011b na Agia Pelagia na Kr\u00e9t\u011b","breadcrumb":{"@id":"https:\/\/ecohotelcrete.com\/book-eco-hotel-crete\/#breadcrumb"},"inLanguage":"cs","potentialAction":[{"@type":"ReadAction","target":["https:\/\/ecohotelcrete.com\/book-eco-hotel-crete\/"]}]},{"@type":"BreadcrumbList","@id":"https:\/\/ecohotelcrete.com\/book-eco-hotel-crete\/#breadcrumb","itemListElement":[{"@type":"ListItem","position":1,"name":"Home","item":"https:\/\/ecohotelcrete.com\/cs\/"},{"@type":"ListItem","position":2,"name":"Book Ecotourism Hotel on Crete island Greece"}]},{"@type":"WebSite","@id":"https:\/\/ecohotelcrete.com\/cs\/#website","url":"https:\/\/ecohotelcrete.com\/cs\/","name":"Ekoturistika na Kr\u00e9t\u011b: ekoturistick\u00fd hotel Mourtzanakis na Kr\u00e9t\u011b v \u0158ecku","description":"Kr\u00e9ta \u0158ecko: Ekoturistick\u00fd hotel (4 nez\u00e1visl\u00e9 luxusn\u00ed vily) pro dovolenou v p\u0159\u00edrod\u011b na ostrov\u011b Kr\u00e9ta. Ekoturistick\u00fd hotel se senza\u010dn\u00edmi v\u00fdhledy","potentialAction":[{"@type":"SearchAction","target":{"@type":"EntryPoint","urlTemplate":"https:\/\/ecohotelcrete.com\/cs\/?s={search_term_string}"},"query-input":{"@type":"PropertyValueSpecification","valueRequired":true,"valueName":"search_term_string"}}],"inLanguage":"cs"}]}},"_links":{"self":[{"href":"https:\/\/ecohotelcrete.com\/cs\/wp-json\/wp\/v2\/pages\/280","targetHints":{"allow":["GET"]}}],"collection":[{"href":"https:\/\/ecohotelcrete.com\/cs\/wp-json\/wp\/v2\/pages"}],"about":[{"href":"https:\/\/ecohotelcrete.com\/cs\/wp-json\/wp\/v2\/types\/page"}],"author":[{"embeddable":true,"href":"https:\/\/ecohotelcrete.com\/cs\/wp-json\/wp\/v2\/users\/1"}],"replies":[{"embeddable":true,"href":"https:\/\/ecohotelcrete.com\/cs\/wp-json\/wp\/v2\/comments?post=280"}],"version-history":[{"count":0,"href":"https:\/\/ecohotelcrete.com\/cs\/wp-json\/wp\/v2\/pages\/280\/revisions"}],"wp:attachment":[{"href":"https:\/\/ecohotelcrete.com\/cs\/wp-json\/wp\/v2\/media?parent=280"}],"wp:term":[{"taxonomy":"category","embeddable":true,"href":"https:\/\/ecohotelcrete.com\/cs\/wp-json\/wp\/v2\/categories?post=280"},{"taxonomy":"post_tag","embeddable":true,"href":"https:\/\/ecohotelcrete.com\/cs\/wp-json\/wp\/v2\/tags?post=280"}],"curies":[{"name":"wp","href":"https:\/\/api.w.org\/{rel}","templated":true}]}}