{"id":3,"date":"2021-03-07T14:29:33","date_gmt":"2021-03-07T12:29:33","guid":{"rendered":"https:\/\/ecohotelcrete.com\/?page_id=3"},"modified":"2021-10-10T21:26:55","modified_gmt":"2021-10-10T18:26:55","slug":"privacy-policy","status":"publish","type":"page","link":"https:\/\/ecohotelcrete.com\/cs\/privacy-policy\/","title":{"rendered":"Z\u00e1sady ochrany osobn\u00edch \u00fadaj\u016f"},"content":{"rendered":"<h2 class=\"wp-block-heading\">Kdo jsme<\/h2>\r\n\r\n\r\n\r\n<p>Na\u0161e webov\u00e1 adresa je: https:\/\/ecohotelcrete.com.<\/p>\r\n\r\n\r\n\r\n<h2 class=\"wp-block-heading\">Jak\u00e9 osobn\u00ed \u00fadaje shroma\u017e\u010fujeme a pro\u010d je shroma\u017e\u010fujeme<\/h2>\r\n\r\n\r\n\r\n<h3 class=\"wp-block-heading\">Koment\u00e1\u0159e<\/h3>\r\n\r\n\r\n\r\n<p>Kdy\u017e n\u00e1v\u0161t\u011bvn\u00edci zanechaj\u00ed na webu koment\u00e1\u0159e, shroma\u017e\u010fujeme \u00fadaje zobrazen\u00e9 ve formul\u00e1\u0159i pro koment\u00e1\u0159e a tak\u00e9 IP adresu n\u00e1v\u0161t\u011bvn\u00edka a \u0159et\u011bzec u\u017eivatelsk\u00e9ho agenta prohl\u00ed\u017ee\u010de, abychom pomohli odhalit spam.<\/p>\r\n\r\n\r\n\r\n<p>Anonymizovan\u00fd \u0159et\u011bzec vytvo\u0159en\u00fd z va\u0161\u00ed e -mailov\u00e9 adresy (tak\u00e9 naz\u00fdvan\u00fd hash) m\u016f\u017ee b\u00fdt poskytnut slu\u017eb\u011b Gravatar, aby zjistil, zda ji pou\u017e\u00edv\u00e1te. Z\u00e1sady ochrany osobn\u00edch \u00fadaj\u016f slu\u017eby Gravatar jsou k dispozici zde: https:\/\/automattic.com\/privacy\/. Po schv\u00e1len\u00ed va\u0161eho koment\u00e1\u0159e je v\u00e1\u0161 profilov\u00fd obr\u00e1zek viditeln\u00fd pro ve\u0159ejnost v kontextu va\u0161eho koment\u00e1\u0159e.<\/p>\r\n\r\n\r\n\r\n<h3 class=\"wp-block-heading\">M\u00e9dia<\/h3>\r\n\r\n\r\n\r\n<p>Pokud odes\u00edl\u00e1te obr\u00e1zky na web, m\u011bli byste se vyvarovat nahr\u00e1v\u00e1n\u00ed obr\u00e1zk\u016f s vlo\u017een\u00fdmi \u00fadaji o poloze (EXIF GPS). N\u00e1v\u0161t\u011bvn\u00edci webov\u00fdch str\u00e1nek si mohou st\u00e1hnout a extrahovat jak\u00e1koli data o poloze z obr\u00e1zk\u016f na webu.<\/p>\r\n\r\n\r\n\r\n<h3 class=\"wp-block-heading\">Kontaktn\u00ed formul\u00e1\u0159e<\/h3>\r\n\r\n\r\n\r\n<h3 class=\"wp-block-heading\">Cookies<\/h3>\r\n\r\n\r\n\r\n<p>Pokud na na\u0161ich str\u00e1nk\u00e1ch zanech\u00e1te koment\u00e1\u0159, m\u016f\u017eete se p\u0159ihl\u00e1sit k ukl\u00e1d\u00e1n\u00ed sv\u00e9ho jm\u00e9na, e-mailov\u00e9 adresy a webov\u00fdch str\u00e1nek do soubor\u016f cookie. Slou\u017e\u00ed k va\u0161emu pohodl\u00ed, abyste nemuseli znovu vypl\u0148ovat sv\u00e9 \u00fadaje, kdy\u017e zanech\u00e1te dal\u0161\u00ed koment\u00e1\u0159. Tyto cookies vydr\u017e\u00ed jeden rok.<\/p>\r\n\r\n\r\n\r\n<p>Pokud nav\u0161t\u00edv\u00edte na\u0161i p\u0159ihla\u0161ovac\u00ed str\u00e1nku, nastav\u00edme do\u010dasn\u00fd soubor cookie, abychom zjistili, zda v\u00e1\u0161 prohl\u00ed\u017ee\u010d p\u0159ij\u00edm\u00e1 soubory cookie. Tento soubor cookie neobsahuje \u017e\u00e1dn\u00e9 osobn\u00ed \u00fadaje a je vy\u0159azen, kdy\u017e zav\u0159ete prohl\u00ed\u017ee\u010d.<\/p>\r\n\r\n\r\n\r\n<p>Kdy\u017e se p\u0159ihl\u00e1s\u00edte, nastav\u00edme tak\u00e9 n\u011bkolik soubor\u016f cookie pro ulo\u017een\u00ed va\u0161ich p\u0159ihla\u0161ovac\u00edch \u00fadaj\u016f a va\u0161ich voleb zobrazen\u00ed obrazovky. P\u0159ihla\u0161ovac\u00ed soubory cookie vydr\u017e\u00ed dva dny a soubory cookie mo\u017enost\u00ed obrazovky vydr\u017e\u00ed rok. Pokud zvol\u00edte &quot;Zapamatovat si m\u011b&quot;, va\u0161e p\u0159ihl\u00e1\u0161en\u00ed bude trvat dva t\u00fddny. Pokud se odhl\u00e1s\u00edte ze sv\u00e9ho \u00fa\u010dtu, p\u0159ihla\u0161ovac\u00ed soubory cookie budou odstran\u011bny.<\/p>\r\n\r\n\r\n\r\n<p>Pokud uprav\u00edte nebo zve\u0159ejn\u00edte \u010dl\u00e1nek, bude do va\u0161eho prohl\u00ed\u017ee\u010de ulo\u017een dal\u0161\u00ed soubor cookie. Tento soubor cookie neobsahuje \u017e\u00e1dn\u00e1 osobn\u00ed data a jednodu\u0161e ozna\u010duje ID p\u0159\u00edsp\u011bvku \u010dl\u00e1nku, kter\u00fd jste pr\u00e1v\u011b upravovali. Vypr\u0161\u00ed po 1 dni.<\/p>\r\n\r\n\r\n\r\n<h3 class=\"wp-block-heading\">Vlo\u017een\u00fd obsah z jin\u00fdch webov\u00fdch str\u00e1nek<\/h3>\r\n\r\n\r\n\r\n<p>\u010cl\u00e1nky na tomto webu mohou obsahovat vlo\u017een\u00fd obsah (nap\u0159. Videa, obr\u00e1zky, \u010dl\u00e1nky atd.). Vlo\u017een\u00fd obsah z jin\u00fdch webov\u00fdch str\u00e1nek se chov\u00e1 \u00fapln\u011b stejn\u011b, jako kdyby n\u00e1v\u0161t\u011bvn\u00edk nav\u0161t\u00edvil jin\u00fd web.<\/p>\r\n\r\n\r\n\r\n<p>Tyto webov\u00e9 str\u00e1nky mohou shroma\u017e\u010fovat \u00fadaje o v\u00e1s, pou\u017e\u00edvat soubory cookie, vkl\u00e1dat dal\u0161\u00ed sledov\u00e1n\u00ed t\u0159et\u00edch stran a sledovat va\u0161i interakci s vlo\u017een\u00fdm obsahem, v\u010detn\u011b sledov\u00e1n\u00ed va\u0161\u00ed interakce s vlo\u017een\u00fdm obsahem, pokud m\u00e1te \u00fa\u010det a jste na tomto webu p\u0159ihl\u00e1\u0161eni.<\/p>\r\n\r\n\r\n\r\n<h3 class=\"wp-block-heading\">Analytics<\/h3>\r\n\r\n\r\n\r\n<h2 class=\"wp-block-heading\">S k\u00fdm sd\u00edl\u00edme va\u0161e \u00fadaje<\/h2>\r\n\r\n\r\n\r\n<p>Pokud po\u017e\u00e1d\u00e1te o reset hesla, va\u0161e IP adresa bude uvedena v resetovac\u00edm e -mailu.<\/p>\r\n\r\n\r\n\r\n<h2 class=\"wp-block-heading\">Jak dlouho uchov\u00e1v\u00e1me va\u0161e \u00fadaje<\/h2>\r\n\r\n\r\n\r\n<p>Pokud zanech\u00e1te koment\u00e1\u0159, koment\u00e1\u0159 a jeho metadata budou uchov\u00e1na na neur\u010dito. D\u016fvodem je, \u017ee m\u016f\u017eeme automaticky rozpoznat a schv\u00e1lit v\u0161echny n\u00e1sledn\u00e9 koment\u00e1\u0159e, m\u00edsto abychom je dr\u017eeli ve front\u011b na moderov\u00e1n\u00ed.<\/p>\r\n\r\n\r\n\r\n<p>Pro u\u017eivatele, kte\u0159\u00ed se zaregistruj\u00ed na na\u0161ich webov\u00fdch str\u00e1nk\u00e1ch (pokud existuj\u00ed), ukl\u00e1d\u00e1me tak\u00e9 osobn\u00ed \u00fadaje, kter\u00e9 uvedli, do jejich u\u017eivatelsk\u00e9ho profilu. V\u0161ichni u\u017eivatel\u00e9 mohou kdykoli zobrazit, upravit nebo odstranit sv\u00e9 osobn\u00ed \u00fadaje (krom\u011b toho, \u017ee nemohou zm\u011bnit sv\u00e9 u\u017eivatelsk\u00e9 jm\u00e9no). Spr\u00e1vci webov\u00fdch str\u00e1nek mohou tyto informace tak\u00e9 zobrazit a upravit.<\/p>\r\n\r\n\r\n\r\n<h2 class=\"wp-block-heading\">Jak\u00e1 m\u00e1te pr\u00e1va na sv\u00e1 data<\/h2>\r\n\r\n\r\n\r\n<p>Pokud m\u00e1te \u00fa\u010det na tomto webu nebo jste zanechali koment\u00e1\u0159e, m\u016f\u017eete po\u017e\u00e1dat o zasl\u00e1n\u00ed exportovan\u00e9ho souboru osobn\u00edch \u00fadaj\u016f, kter\u00e9 o v\u00e1s uchov\u00e1v\u00e1me, v\u010detn\u011b v\u0161ech \u00fadaj\u016f, kter\u00e9 jste n\u00e1m poskytli. M\u016f\u017eete tak\u00e9 po\u017e\u00e1dat, abychom vymazali ve\u0161ker\u00e9 osobn\u00ed \u00fadaje, kter\u00e9 o v\u00e1s uchov\u00e1v\u00e1me. To nezahrnuje \u017e\u00e1dn\u00e1 data, kter\u00e1 jsme povinni uchov\u00e1vat pro administrativn\u00ed, pr\u00e1vn\u00ed nebo bezpe\u010dnostn\u00ed \u00fa\u010dely.<\/p>\r\n\r\n\r\n\r\n<h2 class=\"wp-block-heading\">Kam zas\u00edl\u00e1me va\u0161e \u00fadaje<\/h2>\r\n\r\n\r\n\r\n<p>Koment\u00e1\u0159e n\u00e1v\u0161t\u011bvn\u00edk\u016f lze kontrolovat prost\u0159ednictv\u00edm slu\u017eby automatick\u00e9 detekce nevy\u017e\u00e1dan\u00e9 po\u0161ty.<\/p>\r\n\r\n\r\n\r\n<h2 class=\"wp-block-heading\">Va\u0161e kontaktn\u00ed informace<\/h2>\r\n\r\n\r\n\r\n<h2 class=\"wp-block-heading\">Dodate\u010dn\u00e9 informace<\/h2>\r\n\r\n\r\n\r\n<h3 class=\"wp-block-heading\">Jak chr\u00e1n\u00edme va\u0161e data<\/h3>\r\n\r\n\r\n\r\n<h3 class=\"wp-block-heading\">Jak\u00e9 postupy pro poru\u0161en\u00ed ochrany \u00fadaj\u016f m\u00e1me zavedeny<\/h3>\r\n\r\n\r\n\r\n<h3 class=\"wp-block-heading\">Od jak\u00fdch t\u0159et\u00edch stran z\u00edsk\u00e1v\u00e1me \u00fadaje<\/h3>\r\n\r\n\r\n\r\n<h3 class=\"wp-block-heading\">Jak\u00e1 automatizovan\u00e1 rozhodov\u00e1n\u00ed a\/nebo profilov\u00e1n\u00ed prov\u00e1d\u00edme s u\u017eivatelsk\u00fdmi \u00fadaji<\/h3>\r\n\r\n\r\n\r\n<h3 class=\"wp-block-heading\">Pr\u016fmyslov\u00e9 po\u017eadavky na zve\u0159ejn\u011bn\u00ed p\u0159edpis\u016f<\/h3>","protected":false},"excerpt":{"rendered":"<p>Kdo jsme Na\u0161e webov\u00e1 adresa je: https:\/\/ecohotelcrete.com. Jak\u00e9 osobn\u00ed \u00fadaje shroma\u017e\u010fujeme a pro\u010d je shroma\u017e\u010fujeme Koment\u00e1\u0159e Kdy\u017e n\u00e1v\u0161t\u011bvn\u00edci zanechaj\u00ed na webu koment\u00e1\u0159e, shroma\u017e\u010fujeme \u00fadaje zobrazen\u00e9 ve formul\u00e1\u0159i pro koment\u00e1\u0159e a tak\u00e9 IP adresu n\u00e1v\u0161t\u011bvn\u00edka a \u0159et\u011bzec user agent prohl\u00ed\u017ee\u010de, abychom pomohli odhalit spam. Anonymizovan\u00fd \u0159et\u011bzec vytvo\u0159en\u00fd z [\u2026]<\/p>","protected":false},"author":1,"featured_media":0,"parent":0,"menu_order":0,"comment_status":"closed","ping_status":"closed","template":"","meta":{"footnotes":""},"categories":[],"tags":[],"class_list":["post-3","page","type-page","status-publish","hentry"],"yoast_head":"<!-- This site is optimized with the Yoast SEO plugin v26.7 - https:\/\/yoast.com\/wordpress\/plugins\/seo\/ -->\n<title>Privacy Policy - Ecotourism on Crete: Mourtzanakis ecotourism hotel<\/title>\n<meta name=\"description\" content=\"Privacy policy of Mourtzanakis eco lodge. Sustainable travel and ecotourism holidays on Crete.\" \/>\n<meta name=\"robots\" content=\"index, follow, max-snippet:-1, max-image-preview:large, max-video-preview:-1\" \/>\n<link rel=\"canonical\" href=\"https:\/\/ecohotelcrete.com\/cs\/privacy-policy\/\" \/>\n<meta property=\"og:locale\" content=\"cs_CZ\" \/>\n<meta property=\"og:type\" content=\"article\" \/>\n<meta property=\"og:title\" content=\"Privacy Policy - Ecotourism on Crete: Mourtzanakis ecotourism hotel\" \/>\n<meta property=\"og:description\" content=\"Privacy policy of Mourtzanakis eco lodge. Sustainable travel and ecotourism holidays on Crete.\" \/>\n<meta property=\"og:url\" content=\"https:\/\/ecohotelcrete.com\/cs\/privacy-policy\/\" \/>\n<meta property=\"og:site_name\" content=\"Ecotourism on Crete: Mourtzanakis ecotourism hotel on Crete Greece\" \/>\n<meta property=\"article:modified_time\" content=\"2021-10-10T18:26:55+00:00\" \/>\n<meta name=\"twitter:card\" content=\"summary_large_image\" \/>\n<meta name=\"twitter:label1\" content=\"Odhadovan\u00e1 doba \u010dten\u00ed\" \/>\n\t<meta name=\"twitter:data1\" content=\"3 minuty\" \/>\n<script type=\"application\/ld+json\" class=\"yoast-schema-graph\">{\"@context\":\"https:\/\/schema.org\",\"@graph\":[{\"@type\":\"WebPage\",\"@id\":\"https:\/\/ecohotelcrete.com\/privacy-policy\/\",\"url\":\"https:\/\/ecohotelcrete.com\/privacy-policy\/\",\"name\":\"Privacy Policy - Ecotourism on Crete: Mourtzanakis ecotourism hotel\",\"isPartOf\":{\"@id\":\"https:\/\/ecohotelcrete.com\/cs\/#website\"},\"datePublished\":\"2021-03-07T12:29:33+00:00\",\"dateModified\":\"2021-10-10T18:26:55+00:00\",\"description\":\"Privacy policy of Mourtzanakis eco lodge. Sustainable travel and ecotourism holidays on Crete.\",\"breadcrumb\":{\"@id\":\"https:\/\/ecohotelcrete.com\/privacy-policy\/#breadcrumb\"},\"inLanguage\":\"cs\",\"potentialAction\":[{\"@type\":\"ReadAction\",\"target\":[\"https:\/\/ecohotelcrete.com\/privacy-policy\/\"]}]},{\"@type\":\"BreadcrumbList\",\"@id\":\"https:\/\/ecohotelcrete.com\/privacy-policy\/#breadcrumb\",\"itemListElement\":[{\"@type\":\"ListItem\",\"position\":1,\"name\":\"Home\",\"item\":\"https:\/\/ecohotelcrete.com\/cs\/\"},{\"@type\":\"ListItem\",\"position\":2,\"name\":\"Privacy Policy\"}]},{\"@type\":\"WebSite\",\"@id\":\"https:\/\/ecohotelcrete.com\/cs\/#website\",\"url\":\"https:\/\/ecohotelcrete.com\/cs\/\",\"name\":\"Ecotourism on Crete: Mourtzanakis ecotourism hotel on Crete Greece\",\"description\":\"Crete Greece: Ecotourism hotel (4 independent luxury Villas) for holidays in the nature of Crete Island. An ecotourism hotel with sensational views\",\"potentialAction\":[{\"@type\":\"SearchAction\",\"target\":{\"@type\":\"EntryPoint\",\"urlTemplate\":\"https:\/\/ecohotelcrete.com\/cs\/?s={search_term_string}\"},\"query-input\":{\"@type\":\"PropertyValueSpecification\",\"valueRequired\":true,\"valueName\":\"search_term_string\"}}],\"inLanguage\":\"cs\"}]}<\/script>\n<!-- \/ Yoast SEO plugin. -->","yoast_head_json":{"title":"Z\u00e1sady ochrany osobn\u00edch \u00fadaj\u016f \u2013 Ekoturistika na Kr\u00e9t\u011b: Hotel ekoturistiky Mourtzanakis","description":"Z\u00e1sady ochrany osobn\u00edch \u00fadaj\u016f Mourtzanakis eco lodge. Udr\u017eiteln\u00e9 cestov\u00e1n\u00ed a ekoturistick\u00e1 dovolen\u00e1 na Kr\u00e9t\u011b.","robots":{"index":"index","follow":"follow","max-snippet":"max-snippet:-1","max-image-preview":"max-image-preview:large","max-video-preview":"max-video-preview:-1"},"canonical":"https:\/\/ecohotelcrete.com\/cs\/privacy-policy\/","og_locale":"cs_CZ","og_type":"article","og_title":"Privacy Policy - Ecotourism on Crete: Mourtzanakis ecotourism hotel","og_description":"Privacy policy of Mourtzanakis eco lodge. Sustainable travel and ecotourism holidays on Crete.","og_url":"https:\/\/ecohotelcrete.com\/cs\/privacy-policy\/","og_site_name":"Ecotourism on Crete: Mourtzanakis ecotourism hotel on Crete Greece","article_modified_time":"2021-10-10T18:26:55+00:00","twitter_card":"summary_large_image","twitter_misc":{"Odhadovan\u00e1 doba \u010dten\u00ed":"3 minuty"},"schema":{"@context":"https:\/\/schema.org","@graph":[{"@type":"WebPage","@id":"https:\/\/ecohotelcrete.com\/privacy-policy\/","url":"https:\/\/ecohotelcrete.com\/privacy-policy\/","name":"Z\u00e1sady ochrany osobn\u00edch \u00fadaj\u016f \u2013 Ekoturistika na Kr\u00e9t\u011b: Hotel ekoturistiky Mourtzanakis","isPartOf":{"@id":"https:\/\/ecohotelcrete.com\/cs\/#website"},"datePublished":"2021-03-07T12:29:33+00:00","dateModified":"2021-10-10T18:26:55+00:00","description":"Z\u00e1sady ochrany osobn\u00edch \u00fadaj\u016f Mourtzanakis eco lodge. Udr\u017eiteln\u00e9 cestov\u00e1n\u00ed a ekoturistick\u00e1 dovolen\u00e1 na Kr\u00e9t\u011b.","breadcrumb":{"@id":"https:\/\/ecohotelcrete.com\/privacy-policy\/#breadcrumb"},"inLanguage":"cs","potentialAction":[{"@type":"ReadAction","target":["https:\/\/ecohotelcrete.com\/privacy-policy\/"]}]},{"@type":"BreadcrumbList","@id":"https:\/\/ecohotelcrete.com\/privacy-policy\/#breadcrumb","itemListElement":[{"@type":"ListItem","position":1,"name":"Home","item":"https:\/\/ecohotelcrete.com\/cs\/"},{"@type":"ListItem","position":2,"name":"Privacy Policy"}]},{"@type":"WebSite","@id":"https:\/\/ecohotelcrete.com\/cs\/#website","url":"https:\/\/ecohotelcrete.com\/cs\/","name":"Ekoturistika na Kr\u00e9t\u011b: ekoturistick\u00fd hotel Mourtzanakis na Kr\u00e9t\u011b v \u0158ecku","description":"Kr\u00e9ta \u0158ecko: Ekoturistick\u00fd hotel (4 nez\u00e1visl\u00e9 luxusn\u00ed vily) pro dovolenou v p\u0159\u00edrod\u011b na ostrov\u011b Kr\u00e9ta. Ekoturistick\u00fd hotel se senza\u010dn\u00edmi v\u00fdhledy","potentialAction":[{"@type":"SearchAction","target":{"@type":"EntryPoint","urlTemplate":"https:\/\/ecohotelcrete.com\/cs\/?s={search_term_string}"},"query-input":{"@type":"PropertyValueSpecification","valueRequired":true,"valueName":"search_term_string"}}],"inLanguage":"cs"}]}},"_links":{"self":[{"href":"https:\/\/ecohotelcrete.com\/cs\/wp-json\/wp\/v2\/pages\/3","targetHints":{"allow":["GET"]}}],"collection":[{"href":"https:\/\/ecohotelcrete.com\/cs\/wp-json\/wp\/v2\/pages"}],"about":[{"href":"https:\/\/ecohotelcrete.com\/cs\/wp-json\/wp\/v2\/types\/page"}],"author":[{"embeddable":true,"href":"https:\/\/ecohotelcrete.com\/cs\/wp-json\/wp\/v2\/users\/1"}],"replies":[{"embeddable":true,"href":"https:\/\/ecohotelcrete.com\/cs\/wp-json\/wp\/v2\/comments?post=3"}],"version-history":[{"count":0,"href":"https:\/\/ecohotelcrete.com\/cs\/wp-json\/wp\/v2\/pages\/3\/revisions"}],"wp:attachment":[{"href":"https:\/\/ecohotelcrete.com\/cs\/wp-json\/wp\/v2\/media?parent=3"}],"wp:term":[{"taxonomy":"category","embeddable":true,"href":"https:\/\/ecohotelcrete.com\/cs\/wp-json\/wp\/v2\/categories?post=3"},{"taxonomy":"post_tag","embeddable":true,"href":"https:\/\/ecohotelcrete.com\/cs\/wp-json\/wp\/v2\/tags?post=3"}],"curies":[{"name":"wp","href":"https:\/\/api.w.org\/{rel}","templated":true}]}}