{"id":300,"date":"2021-03-15T02:24:31","date_gmt":"2021-03-15T00:24:31","guid":{"rendered":"https:\/\/ecohotelcrete.com\/?page_id=300"},"modified":"2021-10-10T21:21:57","modified_gmt":"2021-10-10T18:21:57","slug":"culinary-cretan-cooking-classes","status":"publish","type":"page","link":"https:\/\/ecohotelcrete.com\/cs\/culinary-cretan-cooking-classes\/","title":{"rendered":"Kr\u00e9tsk\u00e9 kurzy va\u0159en\u00ed a kulin\u00e1\u0159sk\u00e9 v\u00fdlety, ochutnejte kr\u00e9tsk\u00e9 j\u00eddlo!"},"content":{"rendered":"","protected":false},"excerpt":{"rendered":"","protected":false},"author":1,"featured_media":0,"parent":0,"menu_order":0,"comment_status":"closed","ping_status":"closed","template":"","meta":{"footnotes":""},"categories":[],"tags":[],"class_list":["post-300","page","type-page","status-publish","hentry"],"yoast_head":"<!-- This site is optimized with the Yoast SEO plugin v26.7 - https:\/\/yoast.com\/wordpress\/plugins\/seo\/ -->\n<title>Cretan cooking classes - Culinary Experiences, taste the Cretan food!<\/title>\n<meta name=\"description\" content=\"Experiences &amp; Activities: Cretan cooking classes &amp; Culinary Tours, learn to cook &amp; taste the Cretan food! Ecotourism holidays on Crete Greece\" \/>\n<meta name=\"robots\" content=\"index, follow, max-snippet:-1, max-image-preview:large, max-video-preview:-1\" \/>\n<link rel=\"canonical\" href=\"https:\/\/ecohotelcrete.com\/cs\/culinary-cretan-cooking-classes\/\" \/>\n<meta property=\"og:locale\" content=\"cs_CZ\" \/>\n<meta property=\"og:type\" content=\"article\" \/>\n<meta property=\"og:title\" content=\"Cretan cooking classes - Culinary Experiences, taste the Cretan food!\" \/>\n<meta property=\"og:description\" content=\"Experiences &amp; Activities: Cretan cooking classes &amp; Culinary Tours, learn to cook &amp; taste the Cretan food! Ecotourism holidays on Crete Greece\" \/>\n<meta property=\"og:url\" content=\"https:\/\/ecohotelcrete.com\/cs\/culinary-cretan-cooking-classes\/\" \/>\n<meta property=\"og:site_name\" content=\"Ecotourism on Crete: Mourtzanakis ecotourism hotel on Crete Greece\" \/>\n<meta property=\"article:modified_time\" content=\"2021-10-10T18:21:57+00:00\" \/>\n<meta name=\"twitter:card\" content=\"summary_large_image\" \/>\n<script type=\"application\/ld+json\" class=\"yoast-schema-graph\">{\"@context\":\"https:\/\/schema.org\",\"@graph\":[{\"@type\":\"WebPage\",\"@id\":\"https:\/\/ecohotelcrete.com\/fr\/culinary-cretan-cooking-classes\/\",\"url\":\"https:\/\/ecohotelcrete.com\/fr\/culinary-cretan-cooking-classes\/\",\"name\":\"Cretan cooking classes - Culinary Experiences, taste the Cretan food!\",\"isPartOf\":{\"@id\":\"https:\/\/ecohotelcrete.com\/cs\/#website\"},\"datePublished\":\"2021-03-15T00:24:31+00:00\",\"dateModified\":\"2021-10-10T18:21:57+00:00\",\"description\":\"Experiences & Activities: Cretan cooking classes & Culinary Tours, learn to cook & taste the Cretan food! Ecotourism holidays on Crete Greece\",\"breadcrumb\":{\"@id\":\"https:\/\/ecohotelcrete.com\/fr\/culinary-cretan-cooking-classes\/#breadcrumb\"},\"inLanguage\":\"cs\",\"potentialAction\":[{\"@type\":\"ReadAction\",\"target\":[\"https:\/\/ecohotelcrete.com\/fr\/culinary-cretan-cooking-classes\/\"]}]},{\"@type\":\"BreadcrumbList\",\"@id\":\"https:\/\/ecohotelcrete.com\/fr\/culinary-cretan-cooking-classes\/#breadcrumb\",\"itemListElement\":[{\"@type\":\"ListItem\",\"position\":1,\"name\":\"Home\",\"item\":\"https:\/\/ecohotelcrete.com\/cs\/\"},{\"@type\":\"ListItem\",\"position\":2,\"name\":\"Cretan cooking classes &#038; Culinary Tours, taste the Cretan food!\"}]},{\"@type\":\"WebSite\",\"@id\":\"https:\/\/ecohotelcrete.com\/cs\/#website\",\"url\":\"https:\/\/ecohotelcrete.com\/cs\/\",\"name\":\"Ecotourism on Crete: Mourtzanakis ecotourism hotel on Crete Greece\",\"description\":\"Crete Greece: Ecotourism hotel (4 independent luxury Villas) for holidays in the nature of Crete Island. An ecotourism hotel with sensational views\",\"potentialAction\":[{\"@type\":\"SearchAction\",\"target\":{\"@type\":\"EntryPoint\",\"urlTemplate\":\"https:\/\/ecohotelcrete.com\/cs\/?s={search_term_string}\"},\"query-input\":{\"@type\":\"PropertyValueSpecification\",\"valueRequired\":true,\"valueName\":\"search_term_string\"}}],\"inLanguage\":\"cs\"}]}<\/script>\n<!-- \/ Yoast SEO plugin. -->","yoast_head_json":{"title":"Kurzy va\u0159en\u00ed na Kr\u00e9t\u011b - Kulin\u00e1\u0159sk\u00e9 z\u00e1\u017eitky, ochutnejte kr\u00e9tsk\u00e9 j\u00eddlo!","description":"Zku\u0161enosti a \u010dinnosti: Kr\u00e9tsk\u00e9 kurzy va\u0159en\u00ed a kulin\u00e1\u0159sk\u00e9 v\u00fdlety, nau\u010dte se va\u0159it a ochutnat kr\u00e9tsk\u00e9 j\u00eddlo! Ekoturistika dovolen\u00e1 na Kr\u00e9t\u011b \u0158ecko","robots":{"index":"index","follow":"follow","max-snippet":"max-snippet:-1","max-image-preview":"max-image-preview:large","max-video-preview":"max-video-preview:-1"},"canonical":"https:\/\/ecohotelcrete.com\/cs\/culinary-cretan-cooking-classes\/","og_locale":"cs_CZ","og_type":"article","og_title":"Cretan cooking classes - Culinary Experiences, taste the Cretan food!","og_description":"Experiences & Activities: Cretan cooking classes & Culinary Tours, learn to cook & taste the Cretan food! Ecotourism holidays on Crete Greece","og_url":"https:\/\/ecohotelcrete.com\/cs\/culinary-cretan-cooking-classes\/","og_site_name":"Ecotourism on Crete: Mourtzanakis ecotourism hotel on Crete Greece","article_modified_time":"2021-10-10T18:21:57+00:00","twitter_card":"summary_large_image","schema":{"@context":"https:\/\/schema.org","@graph":[{"@type":"WebPage","@id":"https:\/\/ecohotelcrete.com\/fr\/culinary-cretan-cooking-classes\/","url":"https:\/\/ecohotelcrete.com\/fr\/culinary-cretan-cooking-classes\/","name":"Kurzy va\u0159en\u00ed na Kr\u00e9t\u011b - Kulin\u00e1\u0159sk\u00e9 z\u00e1\u017eitky, ochutnejte kr\u00e9tsk\u00e9 j\u00eddlo!","isPartOf":{"@id":"https:\/\/ecohotelcrete.com\/cs\/#website"},"datePublished":"2021-03-15T00:24:31+00:00","dateModified":"2021-10-10T18:21:57+00:00","description":"Zku\u0161enosti a \u010dinnosti: Kr\u00e9tsk\u00e9 kurzy va\u0159en\u00ed a kulin\u00e1\u0159sk\u00e9 v\u00fdlety, nau\u010dte se va\u0159it a ochutnat kr\u00e9tsk\u00e9 j\u00eddlo! Ekoturistika dovolen\u00e1 na Kr\u00e9t\u011b \u0158ecko","breadcrumb":{"@id":"https:\/\/ecohotelcrete.com\/fr\/culinary-cretan-cooking-classes\/#breadcrumb"},"inLanguage":"cs","potentialAction":[{"@type":"ReadAction","target":["https:\/\/ecohotelcrete.com\/fr\/culinary-cretan-cooking-classes\/"]}]},{"@type":"BreadcrumbList","@id":"https:\/\/ecohotelcrete.com\/fr\/culinary-cretan-cooking-classes\/#breadcrumb","itemListElement":[{"@type":"ListItem","position":1,"name":"Home","item":"https:\/\/ecohotelcrete.com\/cs\/"},{"@type":"ListItem","position":2,"name":"Cretan cooking classes &#038; Culinary Tours, taste the Cretan food!"}]},{"@type":"WebSite","@id":"https:\/\/ecohotelcrete.com\/cs\/#website","url":"https:\/\/ecohotelcrete.com\/cs\/","name":"Ekoturistika na Kr\u00e9t\u011b: ekoturistick\u00fd hotel Mourtzanakis na Kr\u00e9t\u011b v \u0158ecku","description":"Kr\u00e9ta \u0158ecko: Ekoturistick\u00fd hotel (4 nez\u00e1visl\u00e9 luxusn\u00ed vily) pro dovolenou v p\u0159\u00edrod\u011b na ostrov\u011b Kr\u00e9ta. Ekoturistick\u00fd hotel se senza\u010dn\u00edmi v\u00fdhledy","potentialAction":[{"@type":"SearchAction","target":{"@type":"EntryPoint","urlTemplate":"https:\/\/ecohotelcrete.com\/cs\/?s={search_term_string}"},"query-input":{"@type":"PropertyValueSpecification","valueRequired":true,"valueName":"search_term_string"}}],"inLanguage":"cs"}]}},"_links":{"self":[{"href":"https:\/\/ecohotelcrete.com\/cs\/wp-json\/wp\/v2\/pages\/300","targetHints":{"allow":["GET"]}}],"collection":[{"href":"https:\/\/ecohotelcrete.com\/cs\/wp-json\/wp\/v2\/pages"}],"about":[{"href":"https:\/\/ecohotelcrete.com\/cs\/wp-json\/wp\/v2\/types\/page"}],"author":[{"embeddable":true,"href":"https:\/\/ecohotelcrete.com\/cs\/wp-json\/wp\/v2\/users\/1"}],"replies":[{"embeddable":true,"href":"https:\/\/ecohotelcrete.com\/cs\/wp-json\/wp\/v2\/comments?post=300"}],"version-history":[{"count":0,"href":"https:\/\/ecohotelcrete.com\/cs\/wp-json\/wp\/v2\/pages\/300\/revisions"}],"wp:attachment":[{"href":"https:\/\/ecohotelcrete.com\/cs\/wp-json\/wp\/v2\/media?parent=300"}],"wp:term":[{"taxonomy":"category","embeddable":true,"href":"https:\/\/ecohotelcrete.com\/cs\/wp-json\/wp\/v2\/categories?post=300"},{"taxonomy":"post_tag","embeddable":true,"href":"https:\/\/ecohotelcrete.com\/cs\/wp-json\/wp\/v2\/tags?post=300"}],"curies":[{"name":"wp","href":"https:\/\/api.w.org\/{rel}","templated":true}]}}