{"id":52,"date":"2018-02-25T18:00:36","date_gmt":"2018-02-25T18:00:36","guid":{"rendered":"http:\/\/bnb.oxy.host\/?page_id=10"},"modified":"2021-10-10T19:18:37","modified_gmt":"2021-10-10T16:18:37","slug":"restaurant","status":"publish","type":"page","link":"https:\/\/ecohotelcrete.com\/cs\/restaurant\/","title":{"rendered":"Restaurace"},"content":{"rendered":"","protected":false},"excerpt":{"rendered":"","protected":false},"author":1,"featured_media":0,"parent":0,"menu_order":0,"comment_status":"closed","ping_status":"closed","template":"","meta":{"footnotes":""},"categories":[],"tags":[],"class_list":["post-52","page","type-page","status-publish","hentry"],"yoast_head":"<!-- This site is optimized with the Yoast SEO plugin v26.7 - https:\/\/yoast.com\/wordpress\/plugins\/seo\/ -->\n<title>restaurant - Cretan dishes and traditional Greek cuisine<\/title>\n<meta name=\"description\" content=\"at our Eco lodge we serve local Cretan dishes and traditional Greek cuisine dishes from recipes of mainland Greece \/ Greek islands. Most vegetables used are organic (Bio) grown in our eco garden located in the hotel area\" \/>\n<meta name=\"robots\" content=\"index, follow, max-snippet:-1, max-image-preview:large, max-video-preview:-1\" \/>\n<link rel=\"canonical\" href=\"https:\/\/ecohotelcrete.com\/cs\/restaurant\/\" \/>\n<meta property=\"og:locale\" content=\"cs_CZ\" \/>\n<meta property=\"og:type\" content=\"article\" \/>\n<meta property=\"og:title\" content=\"restaurant - Cretan dishes and traditional Greek cuisine\" \/>\n<meta property=\"og:description\" content=\"at our Eco lodge we serve local Cretan dishes and traditional Greek cuisine dishes from recipes of mainland Greece \/ Greek islands. Most vegetables used are organic (Bio) grown in our eco garden located in the hotel area\" \/>\n<meta property=\"og:url\" content=\"https:\/\/ecohotelcrete.com\/cs\/restaurant\/\" \/>\n<meta property=\"og:site_name\" content=\"Ecotourism on Crete: Mourtzanakis ecotourism hotel on Crete Greece\" \/>\n<meta property=\"article:modified_time\" content=\"2021-10-10T16:18:37+00:00\" \/>\n<meta name=\"twitter:card\" content=\"summary_large_image\" \/>\n<script type=\"application\/ld+json\" class=\"yoast-schema-graph\">{\"@context\":\"https:\/\/schema.org\",\"@graph\":[{\"@type\":\"WebPage\",\"@id\":\"https:\/\/ecohotelcrete.com\/restaurant\/\",\"url\":\"https:\/\/ecohotelcrete.com\/restaurant\/\",\"name\":\"restaurant - Cretan dishes and traditional Greek cuisine\",\"isPartOf\":{\"@id\":\"https:\/\/ecohotelcrete.com\/cs\/#website\"},\"datePublished\":\"2018-02-25T18:00:36+00:00\",\"dateModified\":\"2021-10-10T16:18:37+00:00\",\"description\":\"at our Eco lodge we serve local Cretan dishes and traditional Greek cuisine dishes from recipes of mainland Greece \/ Greek islands. Most vegetables used are organic (Bio) grown in our eco garden located in the hotel area\",\"breadcrumb\":{\"@id\":\"https:\/\/ecohotelcrete.com\/restaurant\/#breadcrumb\"},\"inLanguage\":\"cs\",\"potentialAction\":[{\"@type\":\"ReadAction\",\"target\":[\"https:\/\/ecohotelcrete.com\/restaurant\/\"]}]},{\"@type\":\"BreadcrumbList\",\"@id\":\"https:\/\/ecohotelcrete.com\/restaurant\/#breadcrumb\",\"itemListElement\":[{\"@type\":\"ListItem\",\"position\":1,\"name\":\"Home\",\"item\":\"https:\/\/ecohotelcrete.com\/cs\/\"},{\"@type\":\"ListItem\",\"position\":2,\"name\":\"Restaurant\"}]},{\"@type\":\"WebSite\",\"@id\":\"https:\/\/ecohotelcrete.com\/cs\/#website\",\"url\":\"https:\/\/ecohotelcrete.com\/cs\/\",\"name\":\"Ecotourism on Crete: Mourtzanakis ecotourism hotel on Crete Greece\",\"description\":\"Crete Greece: Ecotourism hotel (4 independent luxury Villas) for holidays in the nature of Crete Island. An ecotourism hotel with sensational views\",\"potentialAction\":[{\"@type\":\"SearchAction\",\"target\":{\"@type\":\"EntryPoint\",\"urlTemplate\":\"https:\/\/ecohotelcrete.com\/cs\/?s={search_term_string}\"},\"query-input\":{\"@type\":\"PropertyValueSpecification\",\"valueRequired\":true,\"valueName\":\"search_term_string\"}}],\"inLanguage\":\"cs\"}]}<\/script>\n<!-- \/ Yoast SEO plugin. -->","yoast_head_json":{"title":"restaurace - kr\u00e9tsk\u00e1 j\u00eddla a tradi\u010dn\u00ed \u0159eck\u00e1 kuchyn\u011b","description":"v na\u0161\u00ed lod\u017ei Eco pod\u00e1v\u00e1me m\u00edstn\u00ed kr\u00e9tsk\u00e1 j\u00eddla a tradi\u010dn\u00ed \u0159eck\u00e1 j\u00eddla podle recept\u016f z pevninsk\u00e9ho \u0158ecka \/ \u0159eck\u00fdch ostrov\u016f. V\u011bt\u0161ina pou\u017eit\u00e9 zeleniny je ekologick\u00e1 (bio) p\u011bstovan\u00e1 v na\u0161\u00ed ekologick\u00e9 zahrad\u011b v are\u00e1lu hotelu","robots":{"index":"index","follow":"follow","max-snippet":"max-snippet:-1","max-image-preview":"max-image-preview:large","max-video-preview":"max-video-preview:-1"},"canonical":"https:\/\/ecohotelcrete.com\/cs\/restaurant\/","og_locale":"cs_CZ","og_type":"article","og_title":"restaurant - Cretan dishes and traditional Greek cuisine","og_description":"at our Eco lodge we serve local Cretan dishes and traditional Greek cuisine dishes from recipes of mainland Greece \/ Greek islands. Most vegetables used are organic (Bio) grown in our eco garden located in the hotel area","og_url":"https:\/\/ecohotelcrete.com\/cs\/restaurant\/","og_site_name":"Ecotourism on Crete: Mourtzanakis ecotourism hotel on Crete Greece","article_modified_time":"2021-10-10T16:18:37+00:00","twitter_card":"summary_large_image","schema":{"@context":"https:\/\/schema.org","@graph":[{"@type":"WebPage","@id":"https:\/\/ecohotelcrete.com\/restaurant\/","url":"https:\/\/ecohotelcrete.com\/restaurant\/","name":"restaurace - kr\u00e9tsk\u00e1 j\u00eddla a tradi\u010dn\u00ed \u0159eck\u00e1 kuchyn\u011b","isPartOf":{"@id":"https:\/\/ecohotelcrete.com\/cs\/#website"},"datePublished":"2018-02-25T18:00:36+00:00","dateModified":"2021-10-10T16:18:37+00:00","description":"v na\u0161\u00ed lod\u017ei Eco pod\u00e1v\u00e1me m\u00edstn\u00ed kr\u00e9tsk\u00e1 j\u00eddla a tradi\u010dn\u00ed \u0159eck\u00e1 j\u00eddla podle recept\u016f z pevninsk\u00e9ho \u0158ecka \/ \u0159eck\u00fdch ostrov\u016f. V\u011bt\u0161ina pou\u017eit\u00e9 zeleniny je ekologick\u00e1 (bio) p\u011bstovan\u00e1 v na\u0161\u00ed ekologick\u00e9 zahrad\u011b v are\u00e1lu hotelu","breadcrumb":{"@id":"https:\/\/ecohotelcrete.com\/restaurant\/#breadcrumb"},"inLanguage":"cs","potentialAction":[{"@type":"ReadAction","target":["https:\/\/ecohotelcrete.com\/restaurant\/"]}]},{"@type":"BreadcrumbList","@id":"https:\/\/ecohotelcrete.com\/restaurant\/#breadcrumb","itemListElement":[{"@type":"ListItem","position":1,"name":"Home","item":"https:\/\/ecohotelcrete.com\/cs\/"},{"@type":"ListItem","position":2,"name":"Restaurant"}]},{"@type":"WebSite","@id":"https:\/\/ecohotelcrete.com\/cs\/#website","url":"https:\/\/ecohotelcrete.com\/cs\/","name":"Ekoturistika na Kr\u00e9t\u011b: ekoturistick\u00fd hotel Mourtzanakis na Kr\u00e9t\u011b v \u0158ecku","description":"Kr\u00e9ta \u0158ecko: Ekoturistick\u00fd hotel (4 nez\u00e1visl\u00e9 luxusn\u00ed vily) pro dovolenou v p\u0159\u00edrod\u011b na ostrov\u011b Kr\u00e9ta. Ekoturistick\u00fd hotel se senza\u010dn\u00edmi v\u00fdhledy","potentialAction":[{"@type":"SearchAction","target":{"@type":"EntryPoint","urlTemplate":"https:\/\/ecohotelcrete.com\/cs\/?s={search_term_string}"},"query-input":{"@type":"PropertyValueSpecification","valueRequired":true,"valueName":"search_term_string"}}],"inLanguage":"cs"}]}},"_links":{"self":[{"href":"https:\/\/ecohotelcrete.com\/cs\/wp-json\/wp\/v2\/pages\/52","targetHints":{"allow":["GET"]}}],"collection":[{"href":"https:\/\/ecohotelcrete.com\/cs\/wp-json\/wp\/v2\/pages"}],"about":[{"href":"https:\/\/ecohotelcrete.com\/cs\/wp-json\/wp\/v2\/types\/page"}],"author":[{"embeddable":true,"href":"https:\/\/ecohotelcrete.com\/cs\/wp-json\/wp\/v2\/users\/1"}],"replies":[{"embeddable":true,"href":"https:\/\/ecohotelcrete.com\/cs\/wp-json\/wp\/v2\/comments?post=52"}],"version-history":[{"count":0,"href":"https:\/\/ecohotelcrete.com\/cs\/wp-json\/wp\/v2\/pages\/52\/revisions"}],"wp:attachment":[{"href":"https:\/\/ecohotelcrete.com\/cs\/wp-json\/wp\/v2\/media?parent=52"}],"wp:term":[{"taxonomy":"category","embeddable":true,"href":"https:\/\/ecohotelcrete.com\/cs\/wp-json\/wp\/v2\/categories?post=52"},{"taxonomy":"post_tag","embeddable":true,"href":"https:\/\/ecohotelcrete.com\/cs\/wp-json\/wp\/v2\/tags?post=52"}],"curies":[{"name":"wp","href":"https:\/\/api.w.org\/{rel}","templated":true}]}}