{"id":839,"date":"2021-10-11T17:10:06","date_gmt":"2021-10-11T14:10:06","guid":{"rendered":"https:\/\/ecohotelcrete.com\/?page_id=839"},"modified":"2021-10-11T17:32:00","modified_gmt":"2021-10-11T14:32:00","slug":"wine-tasting","status":"publish","type":"page","link":"https:\/\/ecohotelcrete.com\/cs\/wine-tasting\/","title":{"rendered":"Z\u00e1\u017eitek z ochutn\u00e1vky v\u00edn - v Eco Resort Mourtzanakis"},"content":{"rendered":"","protected":false},"excerpt":{"rendered":"","protected":false},"author":1,"featured_media":0,"parent":0,"menu_order":0,"comment_status":"closed","ping_status":"closed","template":"","meta":{"footnotes":""},"categories":[27,5,36,28,24],"tags":[],"class_list":["post-839","page","type-page","status-publish","hentry","category-eco-products","category-ecotourism-activities","category-experiences","category-local-products","category-sustainable-travel"],"yoast_head":"<!-- This site is optimized with the Yoast SEO plugin v26.7 - https:\/\/yoast.com\/wordpress\/plugins\/seo\/ -->\n<title>wine tasting experience - at Eco Resort Mourtzanakis, Heraklion, Crete<\/title>\n<meta name=\"description\" content=\"Ecotourism experiences on Crete - wine tasting experience at the Eco Lodge Mourtzanakis on the island of Crete Greece.\" \/>\n<meta name=\"robots\" content=\"index, follow, max-snippet:-1, max-image-preview:large, max-video-preview:-1\" \/>\n<link rel=\"canonical\" href=\"https:\/\/ecohotelcrete.com\/cs\/wine-tasting\/\" \/>\n<meta property=\"og:locale\" content=\"cs_CZ\" \/>\n<meta property=\"og:type\" content=\"article\" \/>\n<meta property=\"og:title\" content=\"wine tasting experience - at Eco Resort Mourtzanakis, Heraklion, Crete\" \/>\n<meta property=\"og:description\" content=\"Ecotourism experiences on Crete - wine tasting experience at the Eco Lodge Mourtzanakis on the island of Crete Greece.\" \/>\n<meta property=\"og:url\" content=\"https:\/\/ecohotelcrete.com\/cs\/wine-tasting\/\" \/>\n<meta property=\"og:site_name\" content=\"Ecotourism on Crete: Mourtzanakis ecotourism hotel on Crete Greece\" \/>\n<meta property=\"article:modified_time\" content=\"2021-10-11T14:32:00+00:00\" \/>\n<meta name=\"twitter:card\" content=\"summary_large_image\" \/>\n<script type=\"application\/ld+json\" class=\"yoast-schema-graph\">{\"@context\":\"https:\/\/schema.org\",\"@graph\":[{\"@type\":\"WebPage\",\"@id\":\"https:\/\/ecohotelcrete.com\/cs\/wine-tasting\/\",\"url\":\"https:\/\/ecohotelcrete.com\/cs\/wine-tasting\/\",\"name\":\"wine tasting experience - at Eco Resort Mourtzanakis, Heraklion, Crete\",\"isPartOf\":{\"@id\":\"https:\/\/ecohotelcrete.com\/cs\/#website\"},\"datePublished\":\"2021-10-11T14:10:06+00:00\",\"dateModified\":\"2021-10-11T14:32:00+00:00\",\"description\":\"Ecotourism experiences on Crete - wine tasting experience at the Eco Lodge Mourtzanakis on the island of Crete Greece.\",\"breadcrumb\":{\"@id\":\"https:\/\/ecohotelcrete.com\/cs\/wine-tasting\/#breadcrumb\"},\"inLanguage\":\"cs\",\"potentialAction\":[{\"@type\":\"ReadAction\",\"target\":[\"https:\/\/ecohotelcrete.com\/cs\/wine-tasting\/\"]}]},{\"@type\":\"BreadcrumbList\",\"@id\":\"https:\/\/ecohotelcrete.com\/cs\/wine-tasting\/#breadcrumb\",\"itemListElement\":[{\"@type\":\"ListItem\",\"position\":1,\"name\":\"Home\",\"item\":\"https:\/\/ecohotelcrete.com\/cs\/\"},{\"@type\":\"ListItem\",\"position\":2,\"name\":\"Wine Tasting experience - at Eco Resort Mourtzanakis\"}]},{\"@type\":\"WebSite\",\"@id\":\"https:\/\/ecohotelcrete.com\/cs\/#website\",\"url\":\"https:\/\/ecohotelcrete.com\/cs\/\",\"name\":\"Ecotourism on Crete: Mourtzanakis ecotourism hotel on Crete Greece\",\"description\":\"Crete Greece: Ecotourism hotel (4 independent luxury Villas) for holidays in the nature of Crete Island. An ecotourism hotel with sensational views\",\"potentialAction\":[{\"@type\":\"SearchAction\",\"target\":{\"@type\":\"EntryPoint\",\"urlTemplate\":\"https:\/\/ecohotelcrete.com\/cs\/?s={search_term_string}\"},\"query-input\":{\"@type\":\"PropertyValueSpecification\",\"valueRequired\":true,\"valueName\":\"search_term_string\"}}],\"inLanguage\":\"cs\"}]}<\/script>\n<!-- \/ Yoast SEO plugin. -->","yoast_head_json":{"title":"z\u00e1\u017eitek z degustace v\u00edna - v Eco Resort Mourtzanakis, Heraklion, Kr\u00e9ta","description":"Z\u00e1\u017eitky z ekoturistiky na Kr\u00e9t\u011b - z\u00e1\u017eitek z degustace v\u00edna v Eco Lodge Mourtzanakis na ostrov\u011b Kr\u00e9ta \u0158ecko.","robots":{"index":"index","follow":"follow","max-snippet":"max-snippet:-1","max-image-preview":"max-image-preview:large","max-video-preview":"max-video-preview:-1"},"canonical":"https:\/\/ecohotelcrete.com\/cs\/wine-tasting\/","og_locale":"cs_CZ","og_type":"article","og_title":"wine tasting experience - at Eco Resort Mourtzanakis, Heraklion, Crete","og_description":"Ecotourism experiences on Crete - wine tasting experience at the Eco Lodge Mourtzanakis on the island of Crete Greece.","og_url":"https:\/\/ecohotelcrete.com\/cs\/wine-tasting\/","og_site_name":"Ecotourism on Crete: Mourtzanakis ecotourism hotel on Crete Greece","article_modified_time":"2021-10-11T14:32:00+00:00","twitter_card":"summary_large_image","schema":{"@context":"https:\/\/schema.org","@graph":[{"@type":"WebPage","@id":"https:\/\/ecohotelcrete.com\/cs\/wine-tasting\/","url":"https:\/\/ecohotelcrete.com\/cs\/wine-tasting\/","name":"z\u00e1\u017eitek z degustace v\u00edna - v Eco Resort Mourtzanakis, Heraklion, Kr\u00e9ta","isPartOf":{"@id":"https:\/\/ecohotelcrete.com\/cs\/#website"},"datePublished":"2021-10-11T14:10:06+00:00","dateModified":"2021-10-11T14:32:00+00:00","description":"Z\u00e1\u017eitky z ekoturistiky na Kr\u00e9t\u011b - z\u00e1\u017eitek z degustace v\u00edna v Eco Lodge Mourtzanakis na ostrov\u011b Kr\u00e9ta \u0158ecko.","breadcrumb":{"@id":"https:\/\/ecohotelcrete.com\/cs\/wine-tasting\/#breadcrumb"},"inLanguage":"cs","potentialAction":[{"@type":"ReadAction","target":["https:\/\/ecohotelcrete.com\/cs\/wine-tasting\/"]}]},{"@type":"BreadcrumbList","@id":"https:\/\/ecohotelcrete.com\/cs\/wine-tasting\/#breadcrumb","itemListElement":[{"@type":"ListItem","position":1,"name":"Home","item":"https:\/\/ecohotelcrete.com\/cs\/"},{"@type":"ListItem","position":2,"name":"Wine Tasting experience - at Eco Resort Mourtzanakis"}]},{"@type":"WebSite","@id":"https:\/\/ecohotelcrete.com\/cs\/#website","url":"https:\/\/ecohotelcrete.com\/cs\/","name":"Ekoturistika na Kr\u00e9t\u011b: ekoturistick\u00fd hotel Mourtzanakis na Kr\u00e9t\u011b v \u0158ecku","description":"Kr\u00e9ta \u0158ecko: Ekoturistick\u00fd hotel (4 nez\u00e1visl\u00e9 luxusn\u00ed vily) pro dovolenou v p\u0159\u00edrod\u011b na ostrov\u011b Kr\u00e9ta. Ekoturistick\u00fd hotel se senza\u010dn\u00edmi v\u00fdhledy","potentialAction":[{"@type":"SearchAction","target":{"@type":"EntryPoint","urlTemplate":"https:\/\/ecohotelcrete.com\/cs\/?s={search_term_string}"},"query-input":{"@type":"PropertyValueSpecification","valueRequired":true,"valueName":"search_term_string"}}],"inLanguage":"cs"}]}},"_links":{"self":[{"href":"https:\/\/ecohotelcrete.com\/cs\/wp-json\/wp\/v2\/pages\/839","targetHints":{"allow":["GET"]}}],"collection":[{"href":"https:\/\/ecohotelcrete.com\/cs\/wp-json\/wp\/v2\/pages"}],"about":[{"href":"https:\/\/ecohotelcrete.com\/cs\/wp-json\/wp\/v2\/types\/page"}],"author":[{"embeddable":true,"href":"https:\/\/ecohotelcrete.com\/cs\/wp-json\/wp\/v2\/users\/1"}],"replies":[{"embeddable":true,"href":"https:\/\/ecohotelcrete.com\/cs\/wp-json\/wp\/v2\/comments?post=839"}],"version-history":[{"count":0,"href":"https:\/\/ecohotelcrete.com\/cs\/wp-json\/wp\/v2\/pages\/839\/revisions"}],"wp:attachment":[{"href":"https:\/\/ecohotelcrete.com\/cs\/wp-json\/wp\/v2\/media?parent=839"}],"wp:term":[{"taxonomy":"category","embeddable":true,"href":"https:\/\/ecohotelcrete.com\/cs\/wp-json\/wp\/v2\/categories?post=839"},{"taxonomy":"post_tag","embeddable":true,"href":"https:\/\/ecohotelcrete.com\/cs\/wp-json\/wp\/v2\/tags?post=839"}],"curies":[{"name":"wp","href":"https:\/\/api.w.org\/{rel}","templated":true}]}}