{"id":264,"date":"2021-03-13T23:20:50","date_gmt":"2021-03-13T21:20:50","guid":{"rendered":"https:\/\/ecohotelcrete.com\/?page_id=264"},"modified":"2021-03-15T15:03:26","modified_gmt":"2021-03-15T13:03:26","slug":"activities-things-to-do-places-to-see-on-crete-greece","status":"publish","type":"page","link":"https:\/\/ecohotelcrete.com\/da\/activities-things-to-do-places-to-see-on-crete-greece\/","title":{"rendered":"Aktiviteter - Ting at lave - Steder at se p\u00e5 Kreta Gr\u00e6kenland"},"content":{"rendered":"","protected":false},"excerpt":{"rendered":"","protected":false},"author":1,"featured_media":279,"parent":0,"menu_order":0,"comment_status":"closed","ping_status":"closed","template":"","meta":{"footnotes":""},"categories":[],"tags":[],"class_list":["post-264","page","type-page","status-publish","has-post-thumbnail","hentry"],"yoast_head":"<!-- This site is optimized with the Yoast SEO plugin v26.7 - https:\/\/yoast.com\/wordpress\/plugins\/seo\/ -->\n<title>Ecotourism activities on Crete - things to do on Crete<\/title>\n<meta name=\"description\" content=\"Ecotourism Activities on Crete - Things to Do - Places to Visit on the island of Crete: get a bundle of information on agrotourism activities on Crete!\" \/>\n<meta name=\"robots\" content=\"index, follow, max-snippet:-1, max-image-preview:large, max-video-preview:-1\" \/>\n<link rel=\"canonical\" href=\"https:\/\/ecohotelcrete.com\/da\/activities-things-to-do-places-to-see-on-crete-greece\/\" \/>\n<meta property=\"og:locale\" content=\"da_DK\" \/>\n<meta property=\"og:type\" content=\"article\" \/>\n<meta property=\"og:title\" content=\"Ecotourism activities on Crete - things to do on Crete\" \/>\n<meta property=\"og:description\" content=\"Ecotourism Activities on Crete - Things to Do - Places to Visit on the island of Crete: get a bundle of information on agrotourism activities on Crete!\" \/>\n<meta property=\"og:url\" content=\"https:\/\/ecohotelcrete.com\/da\/activities-things-to-do-places-to-see-on-crete-greece\/\" \/>\n<meta property=\"og:site_name\" content=\"Ecotourism on Crete: Mourtzanakis ecotourism hotel on Crete Greece\" \/>\n<meta property=\"article:modified_time\" content=\"2021-03-15T13:03:26+00:00\" \/>\n<meta property=\"og:image\" content=\"https:\/\/ecohotelcrete.com\/wp-content\/uploads\/cretefood.jpg\" \/>\n\t<meta property=\"og:image:width\" content=\"560\" \/>\n\t<meta property=\"og:image:height\" content=\"328\" \/>\n\t<meta property=\"og:image:type\" content=\"image\/jpeg\" \/>\n<meta name=\"twitter:card\" content=\"summary_large_image\" \/>\n<meta name=\"twitter:image\" content=\"https:\/\/ecohotelcrete.com\/wp-content\/uploads\/cretefood.jpg\" \/>\n<script type=\"application\/ld+json\" class=\"yoast-schema-graph\">{\"@context\":\"https:\/\/schema.org\",\"@graph\":[{\"@type\":\"WebPage\",\"@id\":\"https:\/\/ecohotelcrete.com\/activities-things-to-do-places-to-see-on-crete-greece\/\",\"url\":\"https:\/\/ecohotelcrete.com\/activities-things-to-do-places-to-see-on-crete-greece\/\",\"name\":\"Ecotourism activities on Crete - things to do on Crete\",\"isPartOf\":{\"@id\":\"https:\/\/ecohotelcrete.com\/cs\/#website\"},\"primaryImageOfPage\":{\"@id\":\"https:\/\/ecohotelcrete.com\/activities-things-to-do-places-to-see-on-crete-greece\/#primaryimage\"},\"image\":{\"@id\":\"https:\/\/ecohotelcrete.com\/activities-things-to-do-places-to-see-on-crete-greece\/#primaryimage\"},\"thumbnailUrl\":\"https:\/\/ecohotelcrete.com\/wp-content\/uploads\/cretefood.jpg\",\"datePublished\":\"2021-03-13T21:20:50+00:00\",\"dateModified\":\"2021-03-15T13:03:26+00:00\",\"description\":\"Ecotourism Activities on Crete - Things to Do - Places to Visit on the island of Crete: get a bundle of information on agrotourism activities on Crete!\",\"breadcrumb\":{\"@id\":\"https:\/\/ecohotelcrete.com\/activities-things-to-do-places-to-see-on-crete-greece\/#breadcrumb\"},\"inLanguage\":\"da-DK\",\"potentialAction\":[{\"@type\":\"ReadAction\",\"target\":[\"https:\/\/ecohotelcrete.com\/activities-things-to-do-places-to-see-on-crete-greece\/\"]}]},{\"@type\":\"ImageObject\",\"inLanguage\":\"da-DK\",\"@id\":\"https:\/\/ecohotelcrete.com\/activities-things-to-do-places-to-see-on-crete-greece\/#primaryimage\",\"url\":\"https:\/\/ecohotelcrete.com\/wp-content\/uploads\/cretefood.jpg\",\"contentUrl\":\"https:\/\/ecohotelcrete.com\/wp-content\/uploads\/cretefood.jpg\",\"width\":560,\"height\":328,\"caption\":\"Cretan food and cuisine\"},{\"@type\":\"BreadcrumbList\",\"@id\":\"https:\/\/ecohotelcrete.com\/activities-things-to-do-places-to-see-on-crete-greece\/#breadcrumb\",\"itemListElement\":[{\"@type\":\"ListItem\",\"position\":1,\"name\":\"Home\",\"item\":\"https:\/\/ecohotelcrete.com\/cs\/\"},{\"@type\":\"ListItem\",\"position\":2,\"name\":\"Activities - Things to Do - Places to See on Crete Greece\"}]},{\"@type\":\"WebSite\",\"@id\":\"https:\/\/ecohotelcrete.com\/cs\/#website\",\"url\":\"https:\/\/ecohotelcrete.com\/cs\/\",\"name\":\"Ecotourism on Crete: Mourtzanakis ecotourism hotel on Crete Greece\",\"description\":\"Crete Greece: Ecotourism hotel (4 independent luxury Villas) for holidays in the nature of Crete Island. An ecotourism hotel with sensational views\",\"potentialAction\":[{\"@type\":\"SearchAction\",\"target\":{\"@type\":\"EntryPoint\",\"urlTemplate\":\"https:\/\/ecohotelcrete.com\/cs\/?s={search_term_string}\"},\"query-input\":{\"@type\":\"PropertyValueSpecification\",\"valueRequired\":true,\"valueName\":\"search_term_string\"}}],\"inLanguage\":\"da-DK\"}]}<\/script>\n<!-- \/ Yoast SEO plugin. -->","yoast_head_json":{"title":"\u00d8koturisme aktiviteter p\u00e5 Kreta - ting at g\u00f8re p\u00e5 Kreta","description":"\u00d8koturismeaktiviteter p\u00e5 Kreta - Ting at lave - Steder at bes\u00f8ge p\u00e5 \u00f8en Kreta: f\u00e5 et bundt information om agroturismeaktiviteter p\u00e5 Kreta!","robots":{"index":"index","follow":"follow","max-snippet":"max-snippet:-1","max-image-preview":"max-image-preview:large","max-video-preview":"max-video-preview:-1"},"canonical":"https:\/\/ecohotelcrete.com\/da\/activities-things-to-do-places-to-see-on-crete-greece\/","og_locale":"da_DK","og_type":"article","og_title":"Ecotourism activities on Crete - things to do on Crete","og_description":"Ecotourism Activities on Crete - Things to Do - Places to Visit on the island of Crete: get a bundle of information on agrotourism activities on Crete!","og_url":"https:\/\/ecohotelcrete.com\/da\/activities-things-to-do-places-to-see-on-crete-greece\/","og_site_name":"Ecotourism on Crete: Mourtzanakis ecotourism hotel on Crete Greece","article_modified_time":"2021-03-15T13:03:26+00:00","og_image":[{"width":560,"height":328,"url":"https:\/\/ecohotelcrete.com\/wp-content\/uploads\/cretefood.jpg","type":"image\/jpeg"}],"twitter_card":"summary_large_image","twitter_image":"https:\/\/ecohotelcrete.com\/wp-content\/uploads\/cretefood.jpg","schema":{"@context":"https:\/\/schema.org","@graph":[{"@type":"WebPage","@id":"https:\/\/ecohotelcrete.com\/activities-things-to-do-places-to-see-on-crete-greece\/","url":"https:\/\/ecohotelcrete.com\/activities-things-to-do-places-to-see-on-crete-greece\/","name":"\u00d8koturisme aktiviteter p\u00e5 Kreta - ting at g\u00f8re p\u00e5 Kreta","isPartOf":{"@id":"https:\/\/ecohotelcrete.com\/cs\/#website"},"primaryImageOfPage":{"@id":"https:\/\/ecohotelcrete.com\/activities-things-to-do-places-to-see-on-crete-greece\/#primaryimage"},"image":{"@id":"https:\/\/ecohotelcrete.com\/activities-things-to-do-places-to-see-on-crete-greece\/#primaryimage"},"thumbnailUrl":"https:\/\/ecohotelcrete.com\/wp-content\/uploads\/cretefood.jpg","datePublished":"2021-03-13T21:20:50+00:00","dateModified":"2021-03-15T13:03:26+00:00","description":"\u00d8koturismeaktiviteter p\u00e5 Kreta - Ting at lave - Steder at bes\u00f8ge p\u00e5 \u00f8en Kreta: f\u00e5 et bundt information om agroturismeaktiviteter p\u00e5 Kreta!","breadcrumb":{"@id":"https:\/\/ecohotelcrete.com\/activities-things-to-do-places-to-see-on-crete-greece\/#breadcrumb"},"inLanguage":"da-DK","potentialAction":[{"@type":"ReadAction","target":["https:\/\/ecohotelcrete.com\/activities-things-to-do-places-to-see-on-crete-greece\/"]}]},{"@type":"ImageObject","inLanguage":"da-DK","@id":"https:\/\/ecohotelcrete.com\/activities-things-to-do-places-to-see-on-crete-greece\/#primaryimage","url":"https:\/\/ecohotelcrete.com\/wp-content\/uploads\/cretefood.jpg","contentUrl":"https:\/\/ecohotelcrete.com\/wp-content\/uploads\/cretefood.jpg","width":560,"height":328,"caption":"Cretan food and cuisine"},{"@type":"BreadcrumbList","@id":"https:\/\/ecohotelcrete.com\/activities-things-to-do-places-to-see-on-crete-greece\/#breadcrumb","itemListElement":[{"@type":"ListItem","position":1,"name":"Home","item":"https:\/\/ecohotelcrete.com\/cs\/"},{"@type":"ListItem","position":2,"name":"Activities - Things to Do - Places to See on Crete Greece"}]},{"@type":"WebSite","@id":"https:\/\/ecohotelcrete.com\/cs\/#website","url":"https:\/\/ecohotelcrete.com\/cs\/","name":"\u00d8koturisme p\u00e5 Kreta: Mourtzanakis \u00f8koturisme hotel p\u00e5 Kreta Gr\u00e6kenland","description":"Kreta Gr\u00e6kenland: \u00d8koturisme-hotel (4 uafh\u00e6ngige luksusvillaer) til ferie i Kreta. Et \u00f8koturismehotel med sensationel udsigt","potentialAction":[{"@type":"SearchAction","target":{"@type":"EntryPoint","urlTemplate":"https:\/\/ecohotelcrete.com\/cs\/?s={search_term_string}"},"query-input":{"@type":"PropertyValueSpecification","valueRequired":true,"valueName":"search_term_string"}}],"inLanguage":"da-DK"}]}},"_links":{"self":[{"href":"https:\/\/ecohotelcrete.com\/da\/wp-json\/wp\/v2\/pages\/264","targetHints":{"allow":["GET"]}}],"collection":[{"href":"https:\/\/ecohotelcrete.com\/da\/wp-json\/wp\/v2\/pages"}],"about":[{"href":"https:\/\/ecohotelcrete.com\/da\/wp-json\/wp\/v2\/types\/page"}],"author":[{"embeddable":true,"href":"https:\/\/ecohotelcrete.com\/da\/wp-json\/wp\/v2\/users\/1"}],"replies":[{"embeddable":true,"href":"https:\/\/ecohotelcrete.com\/da\/wp-json\/wp\/v2\/comments?post=264"}],"version-history":[{"count":0,"href":"https:\/\/ecohotelcrete.com\/da\/wp-json\/wp\/v2\/pages\/264\/revisions"}],"wp:featuredmedia":[{"embeddable":true,"href":"https:\/\/ecohotelcrete.com\/da\/wp-json\/wp\/v2\/media\/279"}],"wp:attachment":[{"href":"https:\/\/ecohotelcrete.com\/da\/wp-json\/wp\/v2\/media?parent=264"}],"wp:term":[{"taxonomy":"category","embeddable":true,"href":"https:\/\/ecohotelcrete.com\/da\/wp-json\/wp\/v2\/categories?post=264"},{"taxonomy":"post_tag","embeddable":true,"href":"https:\/\/ecohotelcrete.com\/da\/wp-json\/wp\/v2\/tags?post=264"}],"curies":[{"name":"wp","href":"https:\/\/api.w.org\/{rel}","templated":true}]}}