{"id":859,"date":"2021-10-11T20:34:52","date_gmt":"2021-10-11T17:34:52","guid":{"rendered":"https:\/\/ecohotelcrete.com\/?page_id=859"},"modified":"2021-10-11T20:40:07","modified_gmt":"2021-10-11T17:40:07","slug":"terms-conditions","status":"publish","type":"page","link":"https:\/\/ecohotelcrete.com\/da\/terms-conditions\/","title":{"rendered":"Vilk\u00e5r og betingelser - Mourtzanakis Eco Residence HERAKLION CRETE"},"content":{"rendered":"","protected":false},"excerpt":{"rendered":"","protected":false},"author":1,"featured_media":0,"parent":0,"menu_order":0,"comment_status":"closed","ping_status":"closed","template":"","meta":{"footnotes":""},"categories":[],"tags":[],"class_list":["post-859","page","type-page","status-publish","hentry"],"yoast_head":"<!-- This site is optimized with the Yoast SEO plugin v26.7 - https:\/\/yoast.com\/wordpress\/plugins\/seo\/ -->\n<title>Terms &amp; Conditions - our eco hotel policy - Mourtzanakis Eco Lodge<\/title>\n<meta name=\"description\" content=\"Mourtzanakis Eco friendly lodge: terms &amp; conditions for using our website\" \/>\n<meta name=\"robots\" content=\"index, follow, max-snippet:-1, max-image-preview:large, max-video-preview:-1\" \/>\n<link rel=\"canonical\" href=\"https:\/\/ecohotelcrete.com\/da\/terms-conditions\/\" \/>\n<meta property=\"og:locale\" content=\"da_DK\" \/>\n<meta property=\"og:type\" content=\"article\" \/>\n<meta property=\"og:title\" content=\"Terms &amp; Conditions - our eco hotel policy - Mourtzanakis Eco Lodge\" \/>\n<meta property=\"og:description\" content=\"Mourtzanakis Eco friendly lodge: terms &amp; conditions for using our website\" \/>\n<meta property=\"og:url\" content=\"https:\/\/ecohotelcrete.com\/da\/terms-conditions\/\" \/>\n<meta property=\"og:site_name\" content=\"Ecotourism on Crete: Mourtzanakis ecotourism hotel on Crete Greece\" \/>\n<meta property=\"article:modified_time\" content=\"2021-10-11T17:40:07+00:00\" \/>\n<meta name=\"twitter:card\" content=\"summary_large_image\" \/>\n<script type=\"application\/ld+json\" class=\"yoast-schema-graph\">{\"@context\":\"https:\/\/schema.org\",\"@graph\":[{\"@type\":\"WebPage\",\"@id\":\"https:\/\/ecohotelcrete.com\/terms-conditions\/\",\"url\":\"https:\/\/ecohotelcrete.com\/terms-conditions\/\",\"name\":\"Terms & Conditions - our eco hotel policy - Mourtzanakis Eco Lodge\",\"isPartOf\":{\"@id\":\"https:\/\/ecohotelcrete.com\/cs\/#website\"},\"datePublished\":\"2021-10-11T17:34:52+00:00\",\"dateModified\":\"2021-10-11T17:40:07+00:00\",\"description\":\"Mourtzanakis Eco friendly lodge: terms & conditions for using our website\",\"breadcrumb\":{\"@id\":\"https:\/\/ecohotelcrete.com\/terms-conditions\/#breadcrumb\"},\"inLanguage\":\"da-DK\",\"potentialAction\":[{\"@type\":\"ReadAction\",\"target\":[\"https:\/\/ecohotelcrete.com\/terms-conditions\/\"]}]},{\"@type\":\"BreadcrumbList\",\"@id\":\"https:\/\/ecohotelcrete.com\/terms-conditions\/#breadcrumb\",\"itemListElement\":[{\"@type\":\"ListItem\",\"position\":1,\"name\":\"Home\",\"item\":\"https:\/\/ecohotelcrete.com\/cs\/\"},{\"@type\":\"ListItem\",\"position\":2,\"name\":\"Terms &#038; Conditions - Mourtzanakis Eco Residence HERAKLION CRETE\"}]},{\"@type\":\"WebSite\",\"@id\":\"https:\/\/ecohotelcrete.com\/cs\/#website\",\"url\":\"https:\/\/ecohotelcrete.com\/cs\/\",\"name\":\"Ecotourism on Crete: Mourtzanakis ecotourism hotel on Crete Greece\",\"description\":\"Crete Greece: Ecotourism hotel (4 independent luxury Villas) for holidays in the nature of Crete Island. An ecotourism hotel with sensational views\",\"potentialAction\":[{\"@type\":\"SearchAction\",\"target\":{\"@type\":\"EntryPoint\",\"urlTemplate\":\"https:\/\/ecohotelcrete.com\/cs\/?s={search_term_string}\"},\"query-input\":{\"@type\":\"PropertyValueSpecification\",\"valueRequired\":true,\"valueName\":\"search_term_string\"}}],\"inLanguage\":\"da-DK\"}]}<\/script>\n<!-- \/ Yoast SEO plugin. -->","yoast_head_json":{"title":"Vilk\u00e5r og betingelser - vores \u00f8kohotelpolitik - Mourtzanakis Eco Lodge","description":"Mourtzanakis Eco friendly lodge: vilk\u00e5r og betingelser for brug af vores hjemmeside","robots":{"index":"index","follow":"follow","max-snippet":"max-snippet:-1","max-image-preview":"max-image-preview:large","max-video-preview":"max-video-preview:-1"},"canonical":"https:\/\/ecohotelcrete.com\/da\/terms-conditions\/","og_locale":"da_DK","og_type":"article","og_title":"Terms & Conditions - our eco hotel policy - Mourtzanakis Eco Lodge","og_description":"Mourtzanakis Eco friendly lodge: terms & conditions for using our website","og_url":"https:\/\/ecohotelcrete.com\/da\/terms-conditions\/","og_site_name":"Ecotourism on Crete: Mourtzanakis ecotourism hotel on Crete Greece","article_modified_time":"2021-10-11T17:40:07+00:00","twitter_card":"summary_large_image","schema":{"@context":"https:\/\/schema.org","@graph":[{"@type":"WebPage","@id":"https:\/\/ecohotelcrete.com\/terms-conditions\/","url":"https:\/\/ecohotelcrete.com\/terms-conditions\/","name":"Vilk\u00e5r og betingelser - vores \u00f8kohotelpolitik - Mourtzanakis Eco Lodge","isPartOf":{"@id":"https:\/\/ecohotelcrete.com\/cs\/#website"},"datePublished":"2021-10-11T17:34:52+00:00","dateModified":"2021-10-11T17:40:07+00:00","description":"Mourtzanakis Eco friendly lodge: vilk\u00e5r og betingelser for brug af vores hjemmeside","breadcrumb":{"@id":"https:\/\/ecohotelcrete.com\/terms-conditions\/#breadcrumb"},"inLanguage":"da-DK","potentialAction":[{"@type":"ReadAction","target":["https:\/\/ecohotelcrete.com\/terms-conditions\/"]}]},{"@type":"BreadcrumbList","@id":"https:\/\/ecohotelcrete.com\/terms-conditions\/#breadcrumb","itemListElement":[{"@type":"ListItem","position":1,"name":"Home","item":"https:\/\/ecohotelcrete.com\/cs\/"},{"@type":"ListItem","position":2,"name":"Terms &#038; Conditions - Mourtzanakis Eco Residence HERAKLION CRETE"}]},{"@type":"WebSite","@id":"https:\/\/ecohotelcrete.com\/cs\/#website","url":"https:\/\/ecohotelcrete.com\/cs\/","name":"\u00d8koturisme p\u00e5 Kreta: Mourtzanakis \u00f8koturisme hotel p\u00e5 Kreta Gr\u00e6kenland","description":"Kreta Gr\u00e6kenland: \u00d8koturisme-hotel (4 uafh\u00e6ngige luksusvillaer) til ferie i Kreta. Et \u00f8koturismehotel med sensationel udsigt","potentialAction":[{"@type":"SearchAction","target":{"@type":"EntryPoint","urlTemplate":"https:\/\/ecohotelcrete.com\/cs\/?s={search_term_string}"},"query-input":{"@type":"PropertyValueSpecification","valueRequired":true,"valueName":"search_term_string"}}],"inLanguage":"da-DK"}]}},"_links":{"self":[{"href":"https:\/\/ecohotelcrete.com\/da\/wp-json\/wp\/v2\/pages\/859","targetHints":{"allow":["GET"]}}],"collection":[{"href":"https:\/\/ecohotelcrete.com\/da\/wp-json\/wp\/v2\/pages"}],"about":[{"href":"https:\/\/ecohotelcrete.com\/da\/wp-json\/wp\/v2\/types\/page"}],"author":[{"embeddable":true,"href":"https:\/\/ecohotelcrete.com\/da\/wp-json\/wp\/v2\/users\/1"}],"replies":[{"embeddable":true,"href":"https:\/\/ecohotelcrete.com\/da\/wp-json\/wp\/v2\/comments?post=859"}],"version-history":[{"count":0,"href":"https:\/\/ecohotelcrete.com\/da\/wp-json\/wp\/v2\/pages\/859\/revisions"}],"wp:attachment":[{"href":"https:\/\/ecohotelcrete.com\/da\/wp-json\/wp\/v2\/media?parent=859"}],"wp:term":[{"taxonomy":"category","embeddable":true,"href":"https:\/\/ecohotelcrete.com\/da\/wp-json\/wp\/v2\/categories?post=859"},{"taxonomy":"post_tag","embeddable":true,"href":"https:\/\/ecohotelcrete.com\/da\/wp-json\/wp\/v2\/tags?post=859"}],"curies":[{"name":"wp","href":"https:\/\/api.w.org\/{rel}","templated":true}]}}