{"id":52,"date":"2018-02-25T18:00:36","date_gmt":"2018-02-25T18:00:36","guid":{"rendered":"http:\/\/bnb.oxy.host\/?page_id=10"},"modified":"2021-10-10T19:18:37","modified_gmt":"2021-10-10T16:18:37","slug":"restaurant","status":"publish","type":"page","link":"https:\/\/ecohotelcrete.com\/de\/restaurant\/","title":{"rendered":"Restaurant"},"content":{"rendered":"","protected":false},"excerpt":{"rendered":"","protected":false},"author":1,"featured_media":0,"parent":0,"menu_order":0,"comment_status":"closed","ping_status":"closed","template":"","meta":{"footnotes":""},"categories":[],"tags":[],"class_list":["post-52","page","type-page","status-publish","hentry"],"yoast_head":"<!-- This site is optimized with the Yoast SEO plugin v26.7 - https:\/\/yoast.com\/wordpress\/plugins\/seo\/ -->\n<title>restaurant - Cretan dishes and traditional Greek cuisine<\/title>\n<meta name=\"description\" content=\"at our Eco lodge we serve local Cretan dishes and traditional Greek cuisine dishes from recipes of mainland Greece \/ Greek islands. Most vegetables used are organic (Bio) grown in our eco garden located in the hotel area\" \/>\n<meta name=\"robots\" content=\"index, follow, max-snippet:-1, max-image-preview:large, max-video-preview:-1\" \/>\n<link rel=\"canonical\" href=\"https:\/\/ecohotelcrete.com\/de\/restaurant\/\" \/>\n<meta property=\"og:locale\" content=\"de_DE\" \/>\n<meta property=\"og:type\" content=\"article\" \/>\n<meta property=\"og:title\" content=\"restaurant - Cretan dishes and traditional Greek cuisine\" \/>\n<meta property=\"og:description\" content=\"at our Eco lodge we serve local Cretan dishes and traditional Greek cuisine dishes from recipes of mainland Greece \/ Greek islands. Most vegetables used are organic (Bio) grown in our eco garden located in the hotel area\" \/>\n<meta property=\"og:url\" content=\"https:\/\/ecohotelcrete.com\/de\/restaurant\/\" \/>\n<meta property=\"og:site_name\" content=\"Ecotourism on Crete: Mourtzanakis ecotourism hotel on Crete Greece\" \/>\n<meta property=\"article:modified_time\" content=\"2021-10-10T16:18:37+00:00\" \/>\n<meta name=\"twitter:card\" content=\"summary_large_image\" \/>\n<script type=\"application\/ld+json\" class=\"yoast-schema-graph\">{\"@context\":\"https:\/\/schema.org\",\"@graph\":[{\"@type\":\"WebPage\",\"@id\":\"https:\/\/ecohotelcrete.com\/restaurant\/\",\"url\":\"https:\/\/ecohotelcrete.com\/restaurant\/\",\"name\":\"restaurant - Cretan dishes and traditional Greek cuisine\",\"isPartOf\":{\"@id\":\"https:\/\/ecohotelcrete.com\/cs\/#website\"},\"datePublished\":\"2018-02-25T18:00:36+00:00\",\"dateModified\":\"2021-10-10T16:18:37+00:00\",\"description\":\"at our Eco lodge we serve local Cretan dishes and traditional Greek cuisine dishes from recipes of mainland Greece \/ Greek islands. Most vegetables used are organic (Bio) grown in our eco garden located in the hotel area\",\"breadcrumb\":{\"@id\":\"https:\/\/ecohotelcrete.com\/restaurant\/#breadcrumb\"},\"inLanguage\":\"de\",\"potentialAction\":[{\"@type\":\"ReadAction\",\"target\":[\"https:\/\/ecohotelcrete.com\/restaurant\/\"]}]},{\"@type\":\"BreadcrumbList\",\"@id\":\"https:\/\/ecohotelcrete.com\/restaurant\/#breadcrumb\",\"itemListElement\":[{\"@type\":\"ListItem\",\"position\":1,\"name\":\"Home\",\"item\":\"https:\/\/ecohotelcrete.com\/cs\/\"},{\"@type\":\"ListItem\",\"position\":2,\"name\":\"Restaurant\"}]},{\"@type\":\"WebSite\",\"@id\":\"https:\/\/ecohotelcrete.com\/cs\/#website\",\"url\":\"https:\/\/ecohotelcrete.com\/cs\/\",\"name\":\"Ecotourism on Crete: Mourtzanakis ecotourism hotel on Crete Greece\",\"description\":\"Crete Greece: Ecotourism hotel (4 independent luxury Villas) for holidays in the nature of Crete Island. An ecotourism hotel with sensational views\",\"potentialAction\":[{\"@type\":\"SearchAction\",\"target\":{\"@type\":\"EntryPoint\",\"urlTemplate\":\"https:\/\/ecohotelcrete.com\/cs\/?s={search_term_string}\"},\"query-input\":{\"@type\":\"PropertyValueSpecification\",\"valueRequired\":true,\"valueName\":\"search_term_string\"}}],\"inLanguage\":\"de\"}]}<\/script>\n<!-- \/ Yoast SEO plugin. -->","yoast_head_json":{"title":"Restaurant - Kretische Gerichte und traditionelle griechische K\u00fcche","description":"In unserer Eco Lodge servieren wir lokale kretische Gerichte und traditionelle griechische Gerichte nach Rezepten des griechischen Festlandes \/ der griechischen Inseln. Das meiste verwendete Gem\u00fcse stammt aus biologischem Anbau (Bio), der in unserem \u00d6ko-Garten im Hotelbereich angebaut wird","robots":{"index":"index","follow":"follow","max-snippet":"max-snippet:-1","max-image-preview":"max-image-preview:large","max-video-preview":"max-video-preview:-1"},"canonical":"https:\/\/ecohotelcrete.com\/de\/restaurant\/","og_locale":"de_DE","og_type":"article","og_title":"restaurant - Cretan dishes and traditional Greek cuisine","og_description":"at our Eco lodge we serve local Cretan dishes and traditional Greek cuisine dishes from recipes of mainland Greece \/ Greek islands. Most vegetables used are organic (Bio) grown in our eco garden located in the hotel area","og_url":"https:\/\/ecohotelcrete.com\/de\/restaurant\/","og_site_name":"Ecotourism on Crete: Mourtzanakis ecotourism hotel on Crete Greece","article_modified_time":"2021-10-10T16:18:37+00:00","twitter_card":"summary_large_image","schema":{"@context":"https:\/\/schema.org","@graph":[{"@type":"WebPage","@id":"https:\/\/ecohotelcrete.com\/restaurant\/","url":"https:\/\/ecohotelcrete.com\/restaurant\/","name":"Restaurant - Kretische Gerichte und traditionelle griechische K\u00fcche","isPartOf":{"@id":"https:\/\/ecohotelcrete.com\/cs\/#website"},"datePublished":"2018-02-25T18:00:36+00:00","dateModified":"2021-10-10T16:18:37+00:00","description":"In unserer Eco Lodge servieren wir lokale kretische Gerichte und traditionelle griechische Gerichte nach Rezepten des griechischen Festlandes \/ der griechischen Inseln. Das meiste verwendete Gem\u00fcse stammt aus biologischem Anbau (Bio), der in unserem \u00d6ko-Garten im Hotelbereich angebaut wird","breadcrumb":{"@id":"https:\/\/ecohotelcrete.com\/restaurant\/#breadcrumb"},"inLanguage":"de","potentialAction":[{"@type":"ReadAction","target":["https:\/\/ecohotelcrete.com\/restaurant\/"]}]},{"@type":"BreadcrumbList","@id":"https:\/\/ecohotelcrete.com\/restaurant\/#breadcrumb","itemListElement":[{"@type":"ListItem","position":1,"name":"Home","item":"https:\/\/ecohotelcrete.com\/cs\/"},{"@type":"ListItem","position":2,"name":"Restaurant"}]},{"@type":"WebSite","@id":"https:\/\/ecohotelcrete.com\/cs\/#website","url":"https:\/\/ecohotelcrete.com\/cs\/","name":"\u00d6kotourismus auf Kreta: Mourtzanakis \u00d6kotourismus-Hotel auf Kreta, Griechenland","description":"Kreta Griechenland: \u00d6kotourismus-Hotel (4 unabh\u00e4ngige Luxusvillen) f\u00fcr einen Urlaub in der Natur der Insel Kreta. Ein \u00d6kotourismus-Hotel mit sensationeller Aussicht","potentialAction":[{"@type":"SearchAction","target":{"@type":"EntryPoint","urlTemplate":"https:\/\/ecohotelcrete.com\/cs\/?s={search_term_string}"},"query-input":{"@type":"PropertyValueSpecification","valueRequired":true,"valueName":"search_term_string"}}],"inLanguage":"de"}]}},"_links":{"self":[{"href":"https:\/\/ecohotelcrete.com\/de\/wp-json\/wp\/v2\/pages\/52","targetHints":{"allow":["GET"]}}],"collection":[{"href":"https:\/\/ecohotelcrete.com\/de\/wp-json\/wp\/v2\/pages"}],"about":[{"href":"https:\/\/ecohotelcrete.com\/de\/wp-json\/wp\/v2\/types\/page"}],"author":[{"embeddable":true,"href":"https:\/\/ecohotelcrete.com\/de\/wp-json\/wp\/v2\/users\/1"}],"replies":[{"embeddable":true,"href":"https:\/\/ecohotelcrete.com\/de\/wp-json\/wp\/v2\/comments?post=52"}],"version-history":[{"count":0,"href":"https:\/\/ecohotelcrete.com\/de\/wp-json\/wp\/v2\/pages\/52\/revisions"}],"wp:attachment":[{"href":"https:\/\/ecohotelcrete.com\/de\/wp-json\/wp\/v2\/media?parent=52"}],"wp:term":[{"taxonomy":"category","embeddable":true,"href":"https:\/\/ecohotelcrete.com\/de\/wp-json\/wp\/v2\/categories?post=52"},{"taxonomy":"post_tag","embeddable":true,"href":"https:\/\/ecohotelcrete.com\/de\/wp-json\/wp\/v2\/tags?post=52"}],"curies":[{"name":"wp","href":"https:\/\/api.w.org\/{rel}","templated":true}]}}