{"id":203,"date":"2021-03-09T04:03:38","date_gmt":"2021-03-09T02:03:38","guid":{"rendered":"https:\/\/ecohotelcrete.com\/?page_id=203"},"modified":"2021-10-10T19:06:39","modified_gmt":"2021-10-10T16:06:39","slug":"eco-hotel-accommodation-crete-greece","status":"publish","type":"page","link":"https:\/\/ecohotelcrete.com\/fi\/eco-hotel-accommodation-crete-greece\/","title":{"rendered":"Eco Hotel majoitus Kreetalla"},"content":{"rendered":"","protected":false},"excerpt":{"rendered":"","protected":false},"author":1,"featured_media":0,"parent":0,"menu_order":0,"comment_status":"closed","ping_status":"closed","template":"","meta":{"footnotes":""},"categories":[],"tags":[],"class_list":["post-203","page","type-page","status-publish","hentry"],"yoast_head":"<!-- This site is optimized with the Yoast SEO plugin v26.7 - https:\/\/yoast.com\/wordpress\/plugins\/seo\/ -->\n<title>Eco Hotel accommodation on Crete Greece.<\/title>\n<meta name=\"description\" content=\"Crete Greece: Eco Hotel accommodation. Mourtzanakis Eco Residence for sustainable ecotourism holiday accommodation on the island of Crete.\" \/>\n<meta name=\"robots\" content=\"index, follow, max-snippet:-1, max-image-preview:large, max-video-preview:-1\" \/>\n<link rel=\"canonical\" href=\"https:\/\/ecohotelcrete.com\/fi\/eco-hotel-accommodation-crete-greece\/\" \/>\n<meta property=\"og:locale\" content=\"fi_FI\" \/>\n<meta property=\"og:type\" content=\"article\" \/>\n<meta property=\"og:title\" content=\"Eco Hotel accommodation on Crete Greece.\" \/>\n<meta property=\"og:description\" content=\"Crete Greece: Eco Hotel accommodation. Mourtzanakis Eco Residence for sustainable ecotourism holiday accommodation on the island of Crete.\" \/>\n<meta property=\"og:url\" content=\"https:\/\/ecohotelcrete.com\/fi\/eco-hotel-accommodation-crete-greece\/\" \/>\n<meta property=\"og:site_name\" content=\"Ecotourism on Crete: Mourtzanakis ecotourism hotel on Crete Greece\" \/>\n<meta property=\"article:modified_time\" content=\"2021-10-10T16:06:39+00:00\" \/>\n<meta name=\"twitter:card\" content=\"summary_large_image\" \/>\n<script type=\"application\/ld+json\" class=\"yoast-schema-graph\">{\"@context\":\"https:\/\/schema.org\",\"@graph\":[{\"@type\":\"WebPage\",\"@id\":\"https:\/\/ecohotelcrete.com\/eco-hotel-accommodation-crete-greece\/\",\"url\":\"https:\/\/ecohotelcrete.com\/eco-hotel-accommodation-crete-greece\/\",\"name\":\"Eco Hotel accommodation on Crete Greece.\",\"isPartOf\":{\"@id\":\"https:\/\/ecohotelcrete.com\/cs\/#website\"},\"datePublished\":\"2021-03-09T02:03:38+00:00\",\"dateModified\":\"2021-10-10T16:06:39+00:00\",\"description\":\"Crete Greece: Eco Hotel accommodation. Mourtzanakis Eco Residence for sustainable ecotourism holiday accommodation on the island of Crete.\",\"breadcrumb\":{\"@id\":\"https:\/\/ecohotelcrete.com\/eco-hotel-accommodation-crete-greece\/#breadcrumb\"},\"inLanguage\":\"fi\",\"potentialAction\":[{\"@type\":\"ReadAction\",\"target\":[\"https:\/\/ecohotelcrete.com\/eco-hotel-accommodation-crete-greece\/\"]}]},{\"@type\":\"BreadcrumbList\",\"@id\":\"https:\/\/ecohotelcrete.com\/eco-hotel-accommodation-crete-greece\/#breadcrumb\",\"itemListElement\":[{\"@type\":\"ListItem\",\"position\":1,\"name\":\"Home\",\"item\":\"https:\/\/ecohotelcrete.com\/cs\/\"},{\"@type\":\"ListItem\",\"position\":2,\"name\":\"Eco Hotel accommodation on Crete\"}]},{\"@type\":\"WebSite\",\"@id\":\"https:\/\/ecohotelcrete.com\/cs\/#website\",\"url\":\"https:\/\/ecohotelcrete.com\/cs\/\",\"name\":\"Ecotourism on Crete: Mourtzanakis ecotourism hotel on Crete Greece\",\"description\":\"Crete Greece: Ecotourism hotel (4 independent luxury Villas) for holidays in the nature of Crete Island. An ecotourism hotel with sensational views\",\"potentialAction\":[{\"@type\":\"SearchAction\",\"target\":{\"@type\":\"EntryPoint\",\"urlTemplate\":\"https:\/\/ecohotelcrete.com\/cs\/?s={search_term_string}\"},\"query-input\":{\"@type\":\"PropertyValueSpecification\",\"valueRequired\":true,\"valueName\":\"search_term_string\"}}],\"inLanguage\":\"fi\"}]}<\/script>\n<!-- \/ Yoast SEO plugin. -->","yoast_head_json":{"title":"Eco Hotel majoitus Kreetalla Kreikassa.","description":"Kreeta Kreikka: Eco Hotel majoitus. Mourtzanakis Eco Residence kest\u00e4v\u00e4n ekomatkailun lomamajoitukseen Kreetan saarella.","robots":{"index":"index","follow":"follow","max-snippet":"max-snippet:-1","max-image-preview":"max-image-preview:large","max-video-preview":"max-video-preview:-1"},"canonical":"https:\/\/ecohotelcrete.com\/fi\/eco-hotel-accommodation-crete-greece\/","og_locale":"fi_FI","og_type":"article","og_title":"Eco Hotel accommodation on Crete Greece.","og_description":"Crete Greece: Eco Hotel accommodation. Mourtzanakis Eco Residence for sustainable ecotourism holiday accommodation on the island of Crete.","og_url":"https:\/\/ecohotelcrete.com\/fi\/eco-hotel-accommodation-crete-greece\/","og_site_name":"Ecotourism on Crete: Mourtzanakis ecotourism hotel on Crete Greece","article_modified_time":"2021-10-10T16:06:39+00:00","twitter_card":"summary_large_image","schema":{"@context":"https:\/\/schema.org","@graph":[{"@type":"WebPage","@id":"https:\/\/ecohotelcrete.com\/eco-hotel-accommodation-crete-greece\/","url":"https:\/\/ecohotelcrete.com\/eco-hotel-accommodation-crete-greece\/","name":"Eco Hotel majoitus Kreetalla Kreikassa.","isPartOf":{"@id":"https:\/\/ecohotelcrete.com\/cs\/#website"},"datePublished":"2021-03-09T02:03:38+00:00","dateModified":"2021-10-10T16:06:39+00:00","description":"Kreeta Kreikka: Eco Hotel majoitus. Mourtzanakis Eco Residence kest\u00e4v\u00e4n ekomatkailun lomamajoitukseen Kreetan saarella.","breadcrumb":{"@id":"https:\/\/ecohotelcrete.com\/eco-hotel-accommodation-crete-greece\/#breadcrumb"},"inLanguage":"fi","potentialAction":[{"@type":"ReadAction","target":["https:\/\/ecohotelcrete.com\/eco-hotel-accommodation-crete-greece\/"]}]},{"@type":"BreadcrumbList","@id":"https:\/\/ecohotelcrete.com\/eco-hotel-accommodation-crete-greece\/#breadcrumb","itemListElement":[{"@type":"ListItem","position":1,"name":"Home","item":"https:\/\/ecohotelcrete.com\/cs\/"},{"@type":"ListItem","position":2,"name":"Eco Hotel accommodation on Crete"}]},{"@type":"WebSite","@id":"https:\/\/ecohotelcrete.com\/cs\/#website","url":"https:\/\/ecohotelcrete.com\/cs\/","name":"Ekoturismi Kreetalla: Mourtzanakis ekoturismihotelli Kreetalla Kreikassa","description":"Kreeta Kreikka: Ekoturismihotelli (4 itsen\u00e4ist\u00e4 luksushuvilaa) lomailuun Kreetan saaren luonnossa. Ekomatkailuhotelli, josta on upeat n\u00e4kym\u00e4t","potentialAction":[{"@type":"SearchAction","target":{"@type":"EntryPoint","urlTemplate":"https:\/\/ecohotelcrete.com\/cs\/?s={search_term_string}"},"query-input":{"@type":"PropertyValueSpecification","valueRequired":true,"valueName":"search_term_string"}}],"inLanguage":"fi"}]}},"_links":{"self":[{"href":"https:\/\/ecohotelcrete.com\/fi\/wp-json\/wp\/v2\/pages\/203","targetHints":{"allow":["GET"]}}],"collection":[{"href":"https:\/\/ecohotelcrete.com\/fi\/wp-json\/wp\/v2\/pages"}],"about":[{"href":"https:\/\/ecohotelcrete.com\/fi\/wp-json\/wp\/v2\/types\/page"}],"author":[{"embeddable":true,"href":"https:\/\/ecohotelcrete.com\/fi\/wp-json\/wp\/v2\/users\/1"}],"replies":[{"embeddable":true,"href":"https:\/\/ecohotelcrete.com\/fi\/wp-json\/wp\/v2\/comments?post=203"}],"version-history":[{"count":0,"href":"https:\/\/ecohotelcrete.com\/fi\/wp-json\/wp\/v2\/pages\/203\/revisions"}],"wp:attachment":[{"href":"https:\/\/ecohotelcrete.com\/fi\/wp-json\/wp\/v2\/media?parent=203"}],"wp:term":[{"taxonomy":"category","embeddable":true,"href":"https:\/\/ecohotelcrete.com\/fi\/wp-json\/wp\/v2\/categories?post=203"},{"taxonomy":"post_tag","embeddable":true,"href":"https:\/\/ecohotelcrete.com\/fi\/wp-json\/wp\/v2\/tags?post=203"}],"curies":[{"name":"wp","href":"https:\/\/api.w.org\/{rel}","templated":true}]}}