{"id":300,"date":"2021-03-15T02:24:31","date_gmt":"2021-03-15T00:24:31","guid":{"rendered":"https:\/\/ecohotelcrete.com\/?page_id=300"},"modified":"2021-10-10T21:21:57","modified_gmt":"2021-10-10T18:21:57","slug":"culinary-cretan-cooking-classes","status":"publish","type":"page","link":"https:\/\/ecohotelcrete.com\/fr\/culinary-cretan-cooking-classes\/","title":{"rendered":"Cours de cuisine cr\u00e9toise et visites culinaires, go\u00fbtez \u00e0 la cuisine cr\u00e9toise\u00a0!"},"content":{"rendered":"","protected":false},"excerpt":{"rendered":"","protected":false},"author":1,"featured_media":0,"parent":0,"menu_order":0,"comment_status":"closed","ping_status":"closed","template":"","meta":{"footnotes":""},"categories":[],"tags":[],"class_list":["post-300","page","type-page","status-publish","hentry"],"yoast_head":"<!-- This site is optimized with the Yoast SEO plugin v26.7 - https:\/\/yoast.com\/wordpress\/plugins\/seo\/ -->\n<title>Cretan cooking classes - Culinary Experiences, taste the Cretan food!<\/title>\n<meta name=\"description\" content=\"Experiences &amp; Activities: Cretan cooking classes &amp; Culinary Tours, learn to cook &amp; taste the Cretan food! Ecotourism holidays on Crete Greece\" \/>\n<meta name=\"robots\" content=\"index, follow, max-snippet:-1, max-image-preview:large, max-video-preview:-1\" \/>\n<link rel=\"canonical\" href=\"https:\/\/ecohotelcrete.com\/fr\/culinary-cretan-cooking-classes\/\" \/>\n<meta property=\"og:locale\" content=\"fr_FR\" \/>\n<meta property=\"og:type\" content=\"article\" \/>\n<meta property=\"og:title\" content=\"Cretan cooking classes - Culinary Experiences, taste the Cretan food!\" \/>\n<meta property=\"og:description\" content=\"Experiences &amp; Activities: Cretan cooking classes &amp; Culinary Tours, learn to cook &amp; taste the Cretan food! Ecotourism holidays on Crete Greece\" \/>\n<meta property=\"og:url\" content=\"https:\/\/ecohotelcrete.com\/fr\/culinary-cretan-cooking-classes\/\" \/>\n<meta property=\"og:site_name\" content=\"Ecotourism on Crete: Mourtzanakis ecotourism hotel on Crete Greece\" \/>\n<meta property=\"article:modified_time\" content=\"2021-10-10T18:21:57+00:00\" \/>\n<meta name=\"twitter:card\" content=\"summary_large_image\" \/>\n<script type=\"application\/ld+json\" class=\"yoast-schema-graph\">{\"@context\":\"https:\/\/schema.org\",\"@graph\":[{\"@type\":\"WebPage\",\"@id\":\"https:\/\/ecohotelcrete.com\/fr\/culinary-cretan-cooking-classes\/\",\"url\":\"https:\/\/ecohotelcrete.com\/fr\/culinary-cretan-cooking-classes\/\",\"name\":\"Cretan cooking classes - Culinary Experiences, taste the Cretan food!\",\"isPartOf\":{\"@id\":\"https:\/\/ecohotelcrete.com\/cs\/#website\"},\"datePublished\":\"2021-03-15T00:24:31+00:00\",\"dateModified\":\"2021-10-10T18:21:57+00:00\",\"description\":\"Experiences & Activities: Cretan cooking classes & Culinary Tours, learn to cook & taste the Cretan food! Ecotourism holidays on Crete Greece\",\"breadcrumb\":{\"@id\":\"https:\/\/ecohotelcrete.com\/fr\/culinary-cretan-cooking-classes\/#breadcrumb\"},\"inLanguage\":\"fr-FR\",\"potentialAction\":[{\"@type\":\"ReadAction\",\"target\":[\"https:\/\/ecohotelcrete.com\/fr\/culinary-cretan-cooking-classes\/\"]}]},{\"@type\":\"BreadcrumbList\",\"@id\":\"https:\/\/ecohotelcrete.com\/fr\/culinary-cretan-cooking-classes\/#breadcrumb\",\"itemListElement\":[{\"@type\":\"ListItem\",\"position\":1,\"name\":\"Home\",\"item\":\"https:\/\/ecohotelcrete.com\/cs\/\"},{\"@type\":\"ListItem\",\"position\":2,\"name\":\"Cretan cooking classes &#038; Culinary Tours, taste the Cretan food!\"}]},{\"@type\":\"WebSite\",\"@id\":\"https:\/\/ecohotelcrete.com\/cs\/#website\",\"url\":\"https:\/\/ecohotelcrete.com\/cs\/\",\"name\":\"Ecotourism on Crete: Mourtzanakis ecotourism hotel on Crete Greece\",\"description\":\"Crete Greece: Ecotourism hotel (4 independent luxury Villas) for holidays in the nature of Crete Island. An ecotourism hotel with sensational views\",\"potentialAction\":[{\"@type\":\"SearchAction\",\"target\":{\"@type\":\"EntryPoint\",\"urlTemplate\":\"https:\/\/ecohotelcrete.com\/cs\/?s={search_term_string}\"},\"query-input\":{\"@type\":\"PropertyValueSpecification\",\"valueRequired\":true,\"valueName\":\"search_term_string\"}}],\"inLanguage\":\"fr-FR\"}]}<\/script>\n<!-- \/ Yoast SEO plugin. -->","yoast_head_json":{"title":"Cours de cuisine cr\u00e9toise - Exp\u00e9riences culinaires, go\u00fbtez \u00e0 la cuisine cr\u00e9toise !","description":"Exp\u00e9riences et activit\u00e9s\u00a0: cours de cuisine cr\u00e9toise et visites culinaires, apprenez \u00e0 cuisiner et \u00e0 go\u00fbter la cuisine cr\u00e9toise\u00a0! Vacances \u00e9cotouristiques en Cr\u00e8te Gr\u00e8ce","robots":{"index":"index","follow":"follow","max-snippet":"max-snippet:-1","max-image-preview":"max-image-preview:large","max-video-preview":"max-video-preview:-1"},"canonical":"https:\/\/ecohotelcrete.com\/fr\/culinary-cretan-cooking-classes\/","og_locale":"fr_FR","og_type":"article","og_title":"Cretan cooking classes - Culinary Experiences, taste the Cretan food!","og_description":"Experiences & Activities: Cretan cooking classes & Culinary Tours, learn to cook & taste the Cretan food! Ecotourism holidays on Crete Greece","og_url":"https:\/\/ecohotelcrete.com\/fr\/culinary-cretan-cooking-classes\/","og_site_name":"Ecotourism on Crete: Mourtzanakis ecotourism hotel on Crete Greece","article_modified_time":"2021-10-10T18:21:57+00:00","twitter_card":"summary_large_image","schema":{"@context":"https:\/\/schema.org","@graph":[{"@type":"WebPage","@id":"https:\/\/ecohotelcrete.com\/fr\/culinary-cretan-cooking-classes\/","url":"https:\/\/ecohotelcrete.com\/fr\/culinary-cretan-cooking-classes\/","name":"Cours de cuisine cr\u00e9toise - Exp\u00e9riences culinaires, go\u00fbtez \u00e0 la cuisine cr\u00e9toise !","isPartOf":{"@id":"https:\/\/ecohotelcrete.com\/cs\/#website"},"datePublished":"2021-03-15T00:24:31+00:00","dateModified":"2021-10-10T18:21:57+00:00","description":"Exp\u00e9riences et activit\u00e9s\u00a0: cours de cuisine cr\u00e9toise et visites culinaires, apprenez \u00e0 cuisiner et \u00e0 go\u00fbter la cuisine cr\u00e9toise\u00a0! Vacances \u00e9cotouristiques en Cr\u00e8te Gr\u00e8ce","breadcrumb":{"@id":"https:\/\/ecohotelcrete.com\/fr\/culinary-cretan-cooking-classes\/#breadcrumb"},"inLanguage":"fr-FR","potentialAction":[{"@type":"ReadAction","target":["https:\/\/ecohotelcrete.com\/fr\/culinary-cretan-cooking-classes\/"]}]},{"@type":"BreadcrumbList","@id":"https:\/\/ecohotelcrete.com\/fr\/culinary-cretan-cooking-classes\/#breadcrumb","itemListElement":[{"@type":"ListItem","position":1,"name":"Home","item":"https:\/\/ecohotelcrete.com\/cs\/"},{"@type":"ListItem","position":2,"name":"Cretan cooking classes &#038; Culinary Tours, taste the Cretan food!"}]},{"@type":"WebSite","@id":"https:\/\/ecohotelcrete.com\/cs\/#website","url":"https:\/\/ecohotelcrete.com\/cs\/","name":"\u00c9cotourisme en Cr\u00e8te: h\u00f4tel d&#039;\u00e9cotourisme Mourtzanakis en Cr\u00e8te Gr\u00e8ce","description":"Cr\u00e8te Gr\u00e8ce: h\u00f4tel d&#039;\u00e9cotourisme (4 villas de luxe ind\u00e9pendantes) pour des vacances dans la nature de l&#039;\u00eele de Cr\u00e8te. Un h\u00f4tel \u00e9cotouristique avec des vues sensationnelles","potentialAction":[{"@type":"SearchAction","target":{"@type":"EntryPoint","urlTemplate":"https:\/\/ecohotelcrete.com\/cs\/?s={search_term_string}"},"query-input":{"@type":"PropertyValueSpecification","valueRequired":true,"valueName":"search_term_string"}}],"inLanguage":"fr-FR"}]}},"_links":{"self":[{"href":"https:\/\/ecohotelcrete.com\/fr\/wp-json\/wp\/v2\/pages\/300","targetHints":{"allow":["GET"]}}],"collection":[{"href":"https:\/\/ecohotelcrete.com\/fr\/wp-json\/wp\/v2\/pages"}],"about":[{"href":"https:\/\/ecohotelcrete.com\/fr\/wp-json\/wp\/v2\/types\/page"}],"author":[{"embeddable":true,"href":"https:\/\/ecohotelcrete.com\/fr\/wp-json\/wp\/v2\/users\/1"}],"replies":[{"embeddable":true,"href":"https:\/\/ecohotelcrete.com\/fr\/wp-json\/wp\/v2\/comments?post=300"}],"version-history":[{"count":0,"href":"https:\/\/ecohotelcrete.com\/fr\/wp-json\/wp\/v2\/pages\/300\/revisions"}],"wp:attachment":[{"href":"https:\/\/ecohotelcrete.com\/fr\/wp-json\/wp\/v2\/media?parent=300"}],"wp:term":[{"taxonomy":"category","embeddable":true,"href":"https:\/\/ecohotelcrete.com\/fr\/wp-json\/wp\/v2\/categories?post=300"},{"taxonomy":"post_tag","embeddable":true,"href":"https:\/\/ecohotelcrete.com\/fr\/wp-json\/wp\/v2\/tags?post=300"}],"curies":[{"name":"wp","href":"https:\/\/api.w.org\/{rel}","templated":true}]}}