{"id":410,"date":"2021-04-19T01:43:03","date_gmt":"2021-04-18T22:43:03","guid":{"rendered":"https:\/\/ecohotelcrete.com\/?page_id=410"},"modified":"2021-10-10T18:56:38","modified_gmt":"2021-10-10T15:56:38","slug":"spacious-eco-cottages","status":"publish","type":"page","link":"https:\/\/ecohotelcrete.com\/fr\/spacious-eco-cottages\/","title":{"rendered":"Spacieux cottages \u00e9cologiques (appartements et studios) - H\u00e9bergement \u00e0 l&#039;h\u00f4tel \u00e9cologique en Cr\u00e8te"},"content":{"rendered":"","protected":false},"excerpt":{"rendered":"","protected":false},"author":1,"featured_media":0,"parent":0,"menu_order":0,"comment_status":"closed","ping_status":"closed","template":"","meta":{"footnotes":""},"categories":[],"tags":[],"class_list":["post-410","page","type-page","status-publish","hentry"],"yoast_head":"<!-- This site is optimized with the Yoast SEO plugin v26.7 - https:\/\/yoast.com\/wordpress\/plugins\/seo\/ -->\n<title>Ecotourism hotel on Crete Greece - Luxurious Villas<\/title>\n<meta name=\"description\" content=\"4 spacious eco villas and cottages (Apartments &amp; Studios) lodge - Eco hotel accommodation on Crete Greece.\" \/>\n<meta name=\"robots\" content=\"index, follow, max-snippet:-1, max-image-preview:large, max-video-preview:-1\" \/>\n<link rel=\"canonical\" href=\"https:\/\/ecohotelcrete.com\/fr\/spacious-eco-cottages\/\" \/>\n<meta property=\"og:locale\" content=\"fr_FR\" \/>\n<meta property=\"og:type\" content=\"article\" \/>\n<meta property=\"og:title\" content=\"Ecotourism hotel on Crete Greece - Luxurious Villas\" \/>\n<meta property=\"og:description\" content=\"4 spacious eco villas and cottages (Apartments &amp; Studios) lodge - Eco hotel accommodation on Crete Greece.\" \/>\n<meta property=\"og:url\" content=\"https:\/\/ecohotelcrete.com\/fr\/spacious-eco-cottages\/\" \/>\n<meta property=\"og:site_name\" content=\"Ecotourism on Crete: Mourtzanakis ecotourism hotel on Crete Greece\" \/>\n<meta property=\"article:modified_time\" content=\"2021-10-10T15:56:38+00:00\" \/>\n<meta name=\"twitter:card\" content=\"summary_large_image\" \/>\n<script type=\"application\/ld+json\" class=\"yoast-schema-graph\">{\"@context\":\"https:\/\/schema.org\",\"@graph\":[{\"@type\":\"WebPage\",\"@id\":\"https:\/\/ecohotelcrete.com\/spacious-eco-cottages\/\",\"url\":\"https:\/\/ecohotelcrete.com\/spacious-eco-cottages\/\",\"name\":\"Ecotourism hotel on Crete Greece - Luxurious Villas\",\"isPartOf\":{\"@id\":\"https:\/\/ecohotelcrete.com\/cs\/#website\"},\"datePublished\":\"2021-04-18T22:43:03+00:00\",\"dateModified\":\"2021-10-10T15:56:38+00:00\",\"description\":\"4 spacious eco villas and cottages (Apartments & Studios) lodge - Eco hotel accommodation on Crete Greece.\",\"breadcrumb\":{\"@id\":\"https:\/\/ecohotelcrete.com\/spacious-eco-cottages\/#breadcrumb\"},\"inLanguage\":\"fr-FR\",\"potentialAction\":[{\"@type\":\"ReadAction\",\"target\":[\"https:\/\/ecohotelcrete.com\/spacious-eco-cottages\/\"]}]},{\"@type\":\"BreadcrumbList\",\"@id\":\"https:\/\/ecohotelcrete.com\/spacious-eco-cottages\/#breadcrumb\",\"itemListElement\":[{\"@type\":\"ListItem\",\"position\":1,\"name\":\"Home\",\"item\":\"https:\/\/ecohotelcrete.com\/cs\/\"},{\"@type\":\"ListItem\",\"position\":2,\"name\":\"Spacious eco cottages (Apartments &#038; Studios) - Eco hotel accommodation on Crete\"}]},{\"@type\":\"WebSite\",\"@id\":\"https:\/\/ecohotelcrete.com\/cs\/#website\",\"url\":\"https:\/\/ecohotelcrete.com\/cs\/\",\"name\":\"Ecotourism on Crete: Mourtzanakis ecotourism hotel on Crete Greece\",\"description\":\"Crete Greece: Ecotourism hotel (4 independent luxury Villas) for holidays in the nature of Crete Island. An ecotourism hotel with sensational views\",\"potentialAction\":[{\"@type\":\"SearchAction\",\"target\":{\"@type\":\"EntryPoint\",\"urlTemplate\":\"https:\/\/ecohotelcrete.com\/cs\/?s={search_term_string}\"},\"query-input\":{\"@type\":\"PropertyValueSpecification\",\"valueRequired\":true,\"valueName\":\"search_term_string\"}}],\"inLanguage\":\"fr-FR\"}]}<\/script>\n<!-- \/ Yoast SEO plugin. -->","yoast_head_json":{"title":"H\u00f4tel \u00e9cotouristique en Cr\u00e8te Gr\u00e8ce - Luxurious Villas","description":"4 spacieuses villas et cottages \u00e9cologiques (appartements et studios) lodge - H\u00e9bergement \u00e0 l&#039;h\u00f4tel \u00e9cologique en Cr\u00e8te, Gr\u00e8ce.","robots":{"index":"index","follow":"follow","max-snippet":"max-snippet:-1","max-image-preview":"max-image-preview:large","max-video-preview":"max-video-preview:-1"},"canonical":"https:\/\/ecohotelcrete.com\/fr\/spacious-eco-cottages\/","og_locale":"fr_FR","og_type":"article","og_title":"Ecotourism hotel on Crete Greece - Luxurious Villas","og_description":"4 spacious eco villas and cottages (Apartments & Studios) lodge - Eco hotel accommodation on Crete Greece.","og_url":"https:\/\/ecohotelcrete.com\/fr\/spacious-eco-cottages\/","og_site_name":"Ecotourism on Crete: Mourtzanakis ecotourism hotel on Crete Greece","article_modified_time":"2021-10-10T15:56:38+00:00","twitter_card":"summary_large_image","schema":{"@context":"https:\/\/schema.org","@graph":[{"@type":"WebPage","@id":"https:\/\/ecohotelcrete.com\/spacious-eco-cottages\/","url":"https:\/\/ecohotelcrete.com\/spacious-eco-cottages\/","name":"H\u00f4tel \u00e9cotouristique en Cr\u00e8te Gr\u00e8ce - Luxurious Villas","isPartOf":{"@id":"https:\/\/ecohotelcrete.com\/cs\/#website"},"datePublished":"2021-04-18T22:43:03+00:00","dateModified":"2021-10-10T15:56:38+00:00","description":"4 spacieuses villas et cottages \u00e9cologiques (appartements et studios) lodge - H\u00e9bergement \u00e0 l&#039;h\u00f4tel \u00e9cologique en Cr\u00e8te, Gr\u00e8ce.","breadcrumb":{"@id":"https:\/\/ecohotelcrete.com\/spacious-eco-cottages\/#breadcrumb"},"inLanguage":"fr-FR","potentialAction":[{"@type":"ReadAction","target":["https:\/\/ecohotelcrete.com\/spacious-eco-cottages\/"]}]},{"@type":"BreadcrumbList","@id":"https:\/\/ecohotelcrete.com\/spacious-eco-cottages\/#breadcrumb","itemListElement":[{"@type":"ListItem","position":1,"name":"Home","item":"https:\/\/ecohotelcrete.com\/cs\/"},{"@type":"ListItem","position":2,"name":"Spacious eco cottages (Apartments &#038; Studios) - Eco hotel accommodation on Crete"}]},{"@type":"WebSite","@id":"https:\/\/ecohotelcrete.com\/cs\/#website","url":"https:\/\/ecohotelcrete.com\/cs\/","name":"\u00c9cotourisme en Cr\u00e8te: h\u00f4tel d&#039;\u00e9cotourisme Mourtzanakis en Cr\u00e8te Gr\u00e8ce","description":"Cr\u00e8te Gr\u00e8ce: h\u00f4tel d&#039;\u00e9cotourisme (4 villas de luxe ind\u00e9pendantes) pour des vacances dans la nature de l&#039;\u00eele de Cr\u00e8te. Un h\u00f4tel \u00e9cotouristique avec des vues sensationnelles","potentialAction":[{"@type":"SearchAction","target":{"@type":"EntryPoint","urlTemplate":"https:\/\/ecohotelcrete.com\/cs\/?s={search_term_string}"},"query-input":{"@type":"PropertyValueSpecification","valueRequired":true,"valueName":"search_term_string"}}],"inLanguage":"fr-FR"}]}},"_links":{"self":[{"href":"https:\/\/ecohotelcrete.com\/fr\/wp-json\/wp\/v2\/pages\/410","targetHints":{"allow":["GET"]}}],"collection":[{"href":"https:\/\/ecohotelcrete.com\/fr\/wp-json\/wp\/v2\/pages"}],"about":[{"href":"https:\/\/ecohotelcrete.com\/fr\/wp-json\/wp\/v2\/types\/page"}],"author":[{"embeddable":true,"href":"https:\/\/ecohotelcrete.com\/fr\/wp-json\/wp\/v2\/users\/1"}],"replies":[{"embeddable":true,"href":"https:\/\/ecohotelcrete.com\/fr\/wp-json\/wp\/v2\/comments?post=410"}],"version-history":[{"count":0,"href":"https:\/\/ecohotelcrete.com\/fr\/wp-json\/wp\/v2\/pages\/410\/revisions"}],"wp:attachment":[{"href":"https:\/\/ecohotelcrete.com\/fr\/wp-json\/wp\/v2\/media?parent=410"}],"wp:term":[{"taxonomy":"category","embeddable":true,"href":"https:\/\/ecohotelcrete.com\/fr\/wp-json\/wp\/v2\/categories?post=410"},{"taxonomy":"post_tag","embeddable":true,"href":"https:\/\/ecohotelcrete.com\/fr\/wp-json\/wp\/v2\/tags?post=410"}],"curies":[{"name":"wp","href":"https:\/\/api.w.org\/{rel}","templated":true}]}}