{"id":632,"date":"2021-09-07T22:40:48","date_gmt":"2021-09-07T19:40:48","guid":{"rendered":"https:\/\/ecohotelcrete.com\/?page_id=632"},"modified":"2021-10-10T19:12:00","modified_gmt":"2021-10-10T16:12:00","slug":"horse-riding","status":"publish","type":"page","link":"https:\/\/ecohotelcrete.com\/fr\/horse-riding\/","title":{"rendered":"Randonn\u00e9es \u00e0 cheval en Cr\u00e8te - Activit\u00e9s d&#039;\u00e9cotourisme"},"content":{"rendered":"","protected":false},"excerpt":{"rendered":"","protected":false},"author":1,"featured_media":0,"parent":0,"menu_order":0,"comment_status":"closed","ping_status":"closed","template":"","meta":{"footnotes":""},"categories":[],"tags":[],"class_list":["post-632","page","type-page","status-publish","hentry"],"yoast_head":"<!-- This site is optimized with the Yoast SEO plugin v26.7 - https:\/\/yoast.com\/wordpress\/plugins\/seo\/ -->\n<title>Horse Riding Tours on Crete - Ecotourism Activities<\/title>\n<meta name=\"description\" content=\"Ecotourism Activities on Crete: enjoy horse riding tours organised for our eco hotel guests. Experience the Cretan nature surrounding our eco lodge\" \/>\n<meta name=\"robots\" content=\"index, follow, max-snippet:-1, max-image-preview:large, max-video-preview:-1\" \/>\n<link rel=\"canonical\" href=\"https:\/\/ecohotelcrete.com\/fr\/horse-riding\/\" \/>\n<meta property=\"og:locale\" content=\"fr_FR\" \/>\n<meta property=\"og:type\" content=\"article\" \/>\n<meta property=\"og:title\" content=\"Horse Riding Tours on Crete - Ecotourism Activities\" \/>\n<meta property=\"og:description\" content=\"Ecotourism Activities on Crete: enjoy horse riding tours organised for our eco hotel guests. Experience the Cretan nature surrounding our eco lodge\" \/>\n<meta property=\"og:url\" content=\"https:\/\/ecohotelcrete.com\/fr\/horse-riding\/\" \/>\n<meta property=\"og:site_name\" content=\"Ecotourism on Crete: Mourtzanakis ecotourism hotel on Crete Greece\" \/>\n<meta property=\"article:modified_time\" content=\"2021-10-10T16:12:00+00:00\" \/>\n<meta name=\"twitter:card\" content=\"summary_large_image\" \/>\n<script type=\"application\/ld+json\" class=\"yoast-schema-graph\">{\"@context\":\"https:\/\/schema.org\",\"@graph\":[{\"@type\":\"WebPage\",\"@id\":\"https:\/\/ecohotelcrete.com\/fr\/horse-riding\/\",\"url\":\"https:\/\/ecohotelcrete.com\/fr\/horse-riding\/\",\"name\":\"Horse Riding Tours on Crete - Ecotourism Activities\",\"isPartOf\":{\"@id\":\"https:\/\/ecohotelcrete.com\/cs\/#website\"},\"datePublished\":\"2021-09-07T19:40:48+00:00\",\"dateModified\":\"2021-10-10T16:12:00+00:00\",\"description\":\"Ecotourism Activities on Crete: enjoy horse riding tours organised for our eco hotel guests. Experience the Cretan nature surrounding our eco lodge\",\"breadcrumb\":{\"@id\":\"https:\/\/ecohotelcrete.com\/fr\/horse-riding\/#breadcrumb\"},\"inLanguage\":\"fr-FR\",\"potentialAction\":[{\"@type\":\"ReadAction\",\"target\":[\"https:\/\/ecohotelcrete.com\/fr\/horse-riding\/\"]}]},{\"@type\":\"BreadcrumbList\",\"@id\":\"https:\/\/ecohotelcrete.com\/fr\/horse-riding\/#breadcrumb\",\"itemListElement\":[{\"@type\":\"ListItem\",\"position\":1,\"name\":\"Home\",\"item\":\"https:\/\/ecohotelcrete.com\/cs\/\"},{\"@type\":\"ListItem\",\"position\":2,\"name\":\"Horse Riding Tours on Crete - Ecotourism Activities\"}]},{\"@type\":\"WebSite\",\"@id\":\"https:\/\/ecohotelcrete.com\/cs\/#website\",\"url\":\"https:\/\/ecohotelcrete.com\/cs\/\",\"name\":\"Ecotourism on Crete: Mourtzanakis ecotourism hotel on Crete Greece\",\"description\":\"Crete Greece: Ecotourism hotel (4 independent luxury Villas) for holidays in the nature of Crete Island. An ecotourism hotel with sensational views\",\"potentialAction\":[{\"@type\":\"SearchAction\",\"target\":{\"@type\":\"EntryPoint\",\"urlTemplate\":\"https:\/\/ecohotelcrete.com\/cs\/?s={search_term_string}\"},\"query-input\":{\"@type\":\"PropertyValueSpecification\",\"valueRequired\":true,\"valueName\":\"search_term_string\"}}],\"inLanguage\":\"fr-FR\"}]}<\/script>\n<!-- \/ Yoast SEO plugin. -->","yoast_head_json":{"title":"Randonn\u00e9es \u00e0 cheval en Cr\u00e8te - Activit\u00e9s d&#039;\u00e9cotourisme","description":"Activit\u00e9s d&#039;\u00e9cotourisme en Cr\u00e8te : profitez des randonn\u00e9es \u00e0 cheval organis\u00e9es pour nos clients de l&#039;h\u00f4tel \u00e9co. D\u00e9couvrez la nature cr\u00e9toise qui entoure notre \u00e9co lodge","robots":{"index":"index","follow":"follow","max-snippet":"max-snippet:-1","max-image-preview":"max-image-preview:large","max-video-preview":"max-video-preview:-1"},"canonical":"https:\/\/ecohotelcrete.com\/fr\/horse-riding\/","og_locale":"fr_FR","og_type":"article","og_title":"Horse Riding Tours on Crete - Ecotourism Activities","og_description":"Ecotourism Activities on Crete: enjoy horse riding tours organised for our eco hotel guests. Experience the Cretan nature surrounding our eco lodge","og_url":"https:\/\/ecohotelcrete.com\/fr\/horse-riding\/","og_site_name":"Ecotourism on Crete: Mourtzanakis ecotourism hotel on Crete Greece","article_modified_time":"2021-10-10T16:12:00+00:00","twitter_card":"summary_large_image","schema":{"@context":"https:\/\/schema.org","@graph":[{"@type":"WebPage","@id":"https:\/\/ecohotelcrete.com\/fr\/horse-riding\/","url":"https:\/\/ecohotelcrete.com\/fr\/horse-riding\/","name":"Randonn\u00e9es \u00e0 cheval en Cr\u00e8te - Activit\u00e9s d&#039;\u00e9cotourisme","isPartOf":{"@id":"https:\/\/ecohotelcrete.com\/cs\/#website"},"datePublished":"2021-09-07T19:40:48+00:00","dateModified":"2021-10-10T16:12:00+00:00","description":"Activit\u00e9s d&#039;\u00e9cotourisme en Cr\u00e8te : profitez des randonn\u00e9es \u00e0 cheval organis\u00e9es pour nos clients de l&#039;h\u00f4tel \u00e9co. D\u00e9couvrez la nature cr\u00e9toise qui entoure notre \u00e9co lodge","breadcrumb":{"@id":"https:\/\/ecohotelcrete.com\/fr\/horse-riding\/#breadcrumb"},"inLanguage":"fr-FR","potentialAction":[{"@type":"ReadAction","target":["https:\/\/ecohotelcrete.com\/fr\/horse-riding\/"]}]},{"@type":"BreadcrumbList","@id":"https:\/\/ecohotelcrete.com\/fr\/horse-riding\/#breadcrumb","itemListElement":[{"@type":"ListItem","position":1,"name":"Home","item":"https:\/\/ecohotelcrete.com\/cs\/"},{"@type":"ListItem","position":2,"name":"Horse Riding Tours on Crete - Ecotourism Activities"}]},{"@type":"WebSite","@id":"https:\/\/ecohotelcrete.com\/cs\/#website","url":"https:\/\/ecohotelcrete.com\/cs\/","name":"\u00c9cotourisme en Cr\u00e8te: h\u00f4tel d&#039;\u00e9cotourisme Mourtzanakis en Cr\u00e8te Gr\u00e8ce","description":"Cr\u00e8te Gr\u00e8ce: h\u00f4tel d&#039;\u00e9cotourisme (4 villas de luxe ind\u00e9pendantes) pour des vacances dans la nature de l&#039;\u00eele de Cr\u00e8te. Un h\u00f4tel \u00e9cotouristique avec des vues sensationnelles","potentialAction":[{"@type":"SearchAction","target":{"@type":"EntryPoint","urlTemplate":"https:\/\/ecohotelcrete.com\/cs\/?s={search_term_string}"},"query-input":{"@type":"PropertyValueSpecification","valueRequired":true,"valueName":"search_term_string"}}],"inLanguage":"fr-FR"}]}},"_links":{"self":[{"href":"https:\/\/ecohotelcrete.com\/fr\/wp-json\/wp\/v2\/pages\/632","targetHints":{"allow":["GET"]}}],"collection":[{"href":"https:\/\/ecohotelcrete.com\/fr\/wp-json\/wp\/v2\/pages"}],"about":[{"href":"https:\/\/ecohotelcrete.com\/fr\/wp-json\/wp\/v2\/types\/page"}],"author":[{"embeddable":true,"href":"https:\/\/ecohotelcrete.com\/fr\/wp-json\/wp\/v2\/users\/1"}],"replies":[{"embeddable":true,"href":"https:\/\/ecohotelcrete.com\/fr\/wp-json\/wp\/v2\/comments?post=632"}],"version-history":[{"count":0,"href":"https:\/\/ecohotelcrete.com\/fr\/wp-json\/wp\/v2\/pages\/632\/revisions"}],"wp:attachment":[{"href":"https:\/\/ecohotelcrete.com\/fr\/wp-json\/wp\/v2\/media?parent=632"}],"wp:term":[{"taxonomy":"category","embeddable":true,"href":"https:\/\/ecohotelcrete.com\/fr\/wp-json\/wp\/v2\/categories?post=632"},{"taxonomy":"post_tag","embeddable":true,"href":"https:\/\/ecohotelcrete.com\/fr\/wp-json\/wp\/v2\/tags?post=632"}],"curies":[{"name":"wp","href":"https:\/\/api.w.org\/{rel}","templated":true}]}}