{"id":224,"date":"2021-03-09T20:38:05","date_gmt":"2021-03-09T18:38:05","guid":{"rendered":"https:\/\/ecohotelcrete.com\/?page_id=224"},"modified":"2021-10-10T19:41:34","modified_gmt":"2021-10-10T16:41:34","slug":"services-mourtzanakis-eco-hotel-ecotourism-in-crete-greece","status":"publish","type":"page","link":"https:\/\/ecohotelcrete.com\/hu\/services-mourtzanakis-eco-hotel-ecotourism-in-crete-greece\/","title":{"rendered":"SZOLG\u00c1LTAT\u00c1SOK - Mourtzanakis Eco Hotel - \u00d6koturizmus KR\u00c9TA G\u00d6R\u00d6GORSZ\u00c1GBAN"},"content":{"rendered":"","protected":false},"excerpt":{"rendered":"","protected":false},"author":1,"featured_media":0,"parent":0,"menu_order":0,"comment_status":"closed","ping_status":"closed","template":"","meta":{"footnotes":""},"categories":[],"tags":[],"class_list":["post-224","page","type-page","status-publish","hentry"],"yoast_head":"<!-- This site is optimized with the Yoast SEO plugin v26.7 - https:\/\/yoast.com\/wordpress\/plugins\/seo\/ -->\n<title>SERVICES - Mourtzanakis Eco Hotel - Ecotourism in CRETE GREECE<\/title>\n<meta name=\"description\" content=\"Ecotourism on Crete Greece: SERVICES offered at Mourtzanakis Eco Hotel accommodation at Achlada (near Agia Pealgia holiday resort area)\" \/>\n<meta name=\"robots\" content=\"index, follow, max-snippet:-1, max-image-preview:large, max-video-preview:-1\" \/>\n<link rel=\"canonical\" href=\"https:\/\/ecohotelcrete.com\/hu\/services-mourtzanakis-eco-hotel-ecotourism-in-crete-greece\/\" \/>\n<meta property=\"og:locale\" content=\"hu_HU\" \/>\n<meta property=\"og:type\" content=\"article\" \/>\n<meta property=\"og:title\" content=\"SERVICES - Mourtzanakis Eco Hotel - Ecotourism in CRETE GREECE\" \/>\n<meta property=\"og:description\" content=\"Ecotourism on Crete Greece: SERVICES offered at Mourtzanakis Eco Hotel accommodation at Achlada (near Agia Pealgia holiday resort area)\" \/>\n<meta property=\"og:url\" content=\"https:\/\/ecohotelcrete.com\/hu\/services-mourtzanakis-eco-hotel-ecotourism-in-crete-greece\/\" \/>\n<meta property=\"og:site_name\" content=\"Ecotourism on Crete: Mourtzanakis ecotourism hotel on Crete Greece\" \/>\n<meta property=\"article:modified_time\" content=\"2021-10-10T16:41:34+00:00\" \/>\n<meta name=\"twitter:card\" content=\"summary_large_image\" \/>\n<script type=\"application\/ld+json\" class=\"yoast-schema-graph\">{\"@context\":\"https:\/\/schema.org\",\"@graph\":[{\"@type\":\"WebPage\",\"@id\":\"https:\/\/ecohotelcrete.com\/ar\/services-mourtzanakis-eco-hotel-ecotourism-in-crete-greece\/\",\"url\":\"https:\/\/ecohotelcrete.com\/ar\/services-mourtzanakis-eco-hotel-ecotourism-in-crete-greece\/\",\"name\":\"SERVICES - Mourtzanakis Eco Hotel - Ecotourism in CRETE GREECE\",\"isPartOf\":{\"@id\":\"https:\/\/ecohotelcrete.com\/cs\/#website\"},\"datePublished\":\"2021-03-09T18:38:05+00:00\",\"dateModified\":\"2021-10-10T16:41:34+00:00\",\"description\":\"Ecotourism on Crete Greece: SERVICES offered at Mourtzanakis Eco Hotel accommodation at Achlada (near Agia Pealgia holiday resort area)\",\"breadcrumb\":{\"@id\":\"https:\/\/ecohotelcrete.com\/ar\/services-mourtzanakis-eco-hotel-ecotourism-in-crete-greece\/#breadcrumb\"},\"inLanguage\":\"hu\",\"potentialAction\":[{\"@type\":\"ReadAction\",\"target\":[\"https:\/\/ecohotelcrete.com\/ar\/services-mourtzanakis-eco-hotel-ecotourism-in-crete-greece\/\"]}]},{\"@type\":\"BreadcrumbList\",\"@id\":\"https:\/\/ecohotelcrete.com\/ar\/services-mourtzanakis-eco-hotel-ecotourism-in-crete-greece\/#breadcrumb\",\"itemListElement\":[{\"@type\":\"ListItem\",\"position\":1,\"name\":\"Home\",\"item\":\"https:\/\/ecohotelcrete.com\/cs\/\"},{\"@type\":\"ListItem\",\"position\":2,\"name\":\"SERVICES - Mourtzanakis Eco Hotel - Ecotourism in CRETE GREECE\"}]},{\"@type\":\"WebSite\",\"@id\":\"https:\/\/ecohotelcrete.com\/cs\/#website\",\"url\":\"https:\/\/ecohotelcrete.com\/cs\/\",\"name\":\"Ecotourism on Crete: Mourtzanakis ecotourism hotel on Crete Greece\",\"description\":\"Crete Greece: Ecotourism hotel (4 independent luxury Villas) for holidays in the nature of Crete Island. An ecotourism hotel with sensational views\",\"potentialAction\":[{\"@type\":\"SearchAction\",\"target\":{\"@type\":\"EntryPoint\",\"urlTemplate\":\"https:\/\/ecohotelcrete.com\/cs\/?s={search_term_string}\"},\"query-input\":{\"@type\":\"PropertyValueSpecification\",\"valueRequired\":true,\"valueName\":\"search_term_string\"}}],\"inLanguage\":\"hu\"}]}<\/script>\n<!-- \/ Yoast SEO plugin. -->","yoast_head_json":{"title":"SZOLG\u00c1LTAT\u00c1SOK - Mourtzanakis Eco Hotel - \u00d6koturizmus KR\u00c9TA G\u00d6R\u00d6GORSZ\u00c1GBAN","description":"\u00d6koturizmus Kr\u00e9t\u00e1n, G\u00f6r\u00f6gorsz\u00e1g: SZOLG\u00c1LTAT\u00c1SOK a Mourtzanakis Eco Hotel sz\u00e1ll\u00e1s\u00e1ban Achlad\u00e1ban (Agia Pealgia \u00fcd\u00fcl\u0151\u00f6vezet k\u00f6zel\u00e9ben)","robots":{"index":"index","follow":"follow","max-snippet":"max-snippet:-1","max-image-preview":"max-image-preview:large","max-video-preview":"max-video-preview:-1"},"canonical":"https:\/\/ecohotelcrete.com\/hu\/services-mourtzanakis-eco-hotel-ecotourism-in-crete-greece\/","og_locale":"hu_HU","og_type":"article","og_title":"SERVICES - Mourtzanakis Eco Hotel - Ecotourism in CRETE GREECE","og_description":"Ecotourism on Crete Greece: SERVICES offered at Mourtzanakis Eco Hotel accommodation at Achlada (near Agia Pealgia holiday resort area)","og_url":"https:\/\/ecohotelcrete.com\/hu\/services-mourtzanakis-eco-hotel-ecotourism-in-crete-greece\/","og_site_name":"Ecotourism on Crete: Mourtzanakis ecotourism hotel on Crete Greece","article_modified_time":"2021-10-10T16:41:34+00:00","twitter_card":"summary_large_image","schema":{"@context":"https:\/\/schema.org","@graph":[{"@type":"WebPage","@id":"https:\/\/ecohotelcrete.com\/ar\/services-mourtzanakis-eco-hotel-ecotourism-in-crete-greece\/","url":"https:\/\/ecohotelcrete.com\/ar\/services-mourtzanakis-eco-hotel-ecotourism-in-crete-greece\/","name":"SZOLG\u00c1LTAT\u00c1SOK - Mourtzanakis Eco Hotel - \u00d6koturizmus KR\u00c9TA G\u00d6R\u00d6GORSZ\u00c1GBAN","isPartOf":{"@id":"https:\/\/ecohotelcrete.com\/cs\/#website"},"datePublished":"2021-03-09T18:38:05+00:00","dateModified":"2021-10-10T16:41:34+00:00","description":"\u00d6koturizmus Kr\u00e9t\u00e1n, G\u00f6r\u00f6gorsz\u00e1g: SZOLG\u00c1LTAT\u00c1SOK a Mourtzanakis Eco Hotel sz\u00e1ll\u00e1s\u00e1ban Achlad\u00e1ban (Agia Pealgia \u00fcd\u00fcl\u0151\u00f6vezet k\u00f6zel\u00e9ben)","breadcrumb":{"@id":"https:\/\/ecohotelcrete.com\/ar\/services-mourtzanakis-eco-hotel-ecotourism-in-crete-greece\/#breadcrumb"},"inLanguage":"hu","potentialAction":[{"@type":"ReadAction","target":["https:\/\/ecohotelcrete.com\/ar\/services-mourtzanakis-eco-hotel-ecotourism-in-crete-greece\/"]}]},{"@type":"BreadcrumbList","@id":"https:\/\/ecohotelcrete.com\/ar\/services-mourtzanakis-eco-hotel-ecotourism-in-crete-greece\/#breadcrumb","itemListElement":[{"@type":"ListItem","position":1,"name":"Home","item":"https:\/\/ecohotelcrete.com\/cs\/"},{"@type":"ListItem","position":2,"name":"SERVICES - Mourtzanakis Eco Hotel - Ecotourism in CRETE GREECE"}]},{"@type":"WebSite","@id":"https:\/\/ecohotelcrete.com\/cs\/#website","url":"https:\/\/ecohotelcrete.com\/cs\/","name":"\u00d6koturizmus Kr\u00e9t\u00e1n: Mourtzanakis \u00f6koturisztikai sz\u00e1lloda Kr\u00e9t\u00e1n, G\u00f6r\u00f6gorsz\u00e1g","description":"Kr\u00e9ta G\u00f6r\u00f6gorsz\u00e1g: \u00d6koturisztikai sz\u00e1lloda (4 f\u00fcggetlen luxusvilla) nyaral\u00e1shoz Kr\u00e9ta term\u00e9szet\u00e9ben. \u00d6koturisztikai sz\u00e1lloda szenz\u00e1ci\u00f3s kil\u00e1t\u00e1ssal","potentialAction":[{"@type":"SearchAction","target":{"@type":"EntryPoint","urlTemplate":"https:\/\/ecohotelcrete.com\/cs\/?s={search_term_string}"},"query-input":{"@type":"PropertyValueSpecification","valueRequired":true,"valueName":"search_term_string"}}],"inLanguage":"hu"}]}},"_links":{"self":[{"href":"https:\/\/ecohotelcrete.com\/hu\/wp-json\/wp\/v2\/pages\/224","targetHints":{"allow":["GET"]}}],"collection":[{"href":"https:\/\/ecohotelcrete.com\/hu\/wp-json\/wp\/v2\/pages"}],"about":[{"href":"https:\/\/ecohotelcrete.com\/hu\/wp-json\/wp\/v2\/types\/page"}],"author":[{"embeddable":true,"href":"https:\/\/ecohotelcrete.com\/hu\/wp-json\/wp\/v2\/users\/1"}],"replies":[{"embeddable":true,"href":"https:\/\/ecohotelcrete.com\/hu\/wp-json\/wp\/v2\/comments?post=224"}],"version-history":[{"count":0,"href":"https:\/\/ecohotelcrete.com\/hu\/wp-json\/wp\/v2\/pages\/224\/revisions"}],"wp:attachment":[{"href":"https:\/\/ecohotelcrete.com\/hu\/wp-json\/wp\/v2\/media?parent=224"}],"wp:term":[{"taxonomy":"category","embeddable":true,"href":"https:\/\/ecohotelcrete.com\/hu\/wp-json\/wp\/v2\/categories?post=224"},{"taxonomy":"post_tag","embeddable":true,"href":"https:\/\/ecohotelcrete.com\/hu\/wp-json\/wp\/v2\/tags?post=224"}],"curies":[{"name":"wp","href":"https:\/\/api.w.org\/{rel}","templated":true}]}}