{"id":628,"date":"2021-09-07T22:17:18","date_gmt":"2021-09-07T19:17:18","guid":{"rendered":"https:\/\/ecohotelcrete.com\/?page_id=628"},"modified":"2021-10-10T19:39:01","modified_gmt":"2021-10-10T16:39:01","slug":"sailing-tours","status":"publish","type":"page","link":"https:\/\/ecohotelcrete.com\/hu\/sailing-tours\/","title":{"rendered":"Vitorl\u00e1s t\u00far\u00e1k Kr\u00e9ta sziget\u00e9nek partj\u00e1n"},"content":{"rendered":"","protected":false},"excerpt":{"rendered":"","protected":false},"author":1,"featured_media":0,"parent":0,"menu_order":0,"comment_status":"closed","ping_status":"closed","template":"","meta":{"footnotes":""},"categories":[],"tags":[],"class_list":["post-628","page","type-page","status-publish","hentry"],"yoast_head":"<!-- This site is optimized with the Yoast SEO plugin v26.7 - https:\/\/yoast.com\/wordpress\/plugins\/seo\/ -->\n<title>Sailing Tours at the shores of the island of Crete Greece<\/title>\n<meta name=\"description\" content=\"Ecotourism Activities on Crete - experience the Sailing Tours at the shores of the island of Crete Greece\" \/>\n<meta name=\"robots\" content=\"index, follow, max-snippet:-1, max-image-preview:large, max-video-preview:-1\" \/>\n<link rel=\"canonical\" href=\"https:\/\/ecohotelcrete.com\/hu\/sailing-tours\/\" \/>\n<meta property=\"og:locale\" content=\"hu_HU\" \/>\n<meta property=\"og:type\" content=\"article\" \/>\n<meta property=\"og:title\" content=\"Sailing Tours at the shores of the island of Crete Greece\" \/>\n<meta property=\"og:description\" content=\"Ecotourism Activities on Crete - experience the Sailing Tours at the shores of the island of Crete Greece\" \/>\n<meta property=\"og:url\" content=\"https:\/\/ecohotelcrete.com\/hu\/sailing-tours\/\" \/>\n<meta property=\"og:site_name\" content=\"Ecotourism on Crete: Mourtzanakis ecotourism hotel on Crete Greece\" \/>\n<meta property=\"article:modified_time\" content=\"2021-10-10T16:39:01+00:00\" \/>\n<meta name=\"twitter:card\" content=\"summary_large_image\" \/>\n<script type=\"application\/ld+json\" class=\"yoast-schema-graph\">{\"@context\":\"https:\/\/schema.org\",\"@graph\":[{\"@type\":\"WebPage\",\"@id\":\"https:\/\/ecohotelcrete.com\/sailing-tours\/\",\"url\":\"https:\/\/ecohotelcrete.com\/sailing-tours\/\",\"name\":\"Sailing Tours at the shores of the island of Crete Greece\",\"isPartOf\":{\"@id\":\"https:\/\/ecohotelcrete.com\/cs\/#website\"},\"datePublished\":\"2021-09-07T19:17:18+00:00\",\"dateModified\":\"2021-10-10T16:39:01+00:00\",\"description\":\"Ecotourism Activities on Crete - experience the Sailing Tours at the shores of the island of Crete Greece\",\"breadcrumb\":{\"@id\":\"https:\/\/ecohotelcrete.com\/sailing-tours\/#breadcrumb\"},\"inLanguage\":\"hu\",\"potentialAction\":[{\"@type\":\"ReadAction\",\"target\":[\"https:\/\/ecohotelcrete.com\/sailing-tours\/\"]}]},{\"@type\":\"BreadcrumbList\",\"@id\":\"https:\/\/ecohotelcrete.com\/sailing-tours\/#breadcrumb\",\"itemListElement\":[{\"@type\":\"ListItem\",\"position\":1,\"name\":\"Home\",\"item\":\"https:\/\/ecohotelcrete.com\/cs\/\"},{\"@type\":\"ListItem\",\"position\":2,\"name\":\"Sailing Tours at the shores of the island of Crete\"}]},{\"@type\":\"WebSite\",\"@id\":\"https:\/\/ecohotelcrete.com\/cs\/#website\",\"url\":\"https:\/\/ecohotelcrete.com\/cs\/\",\"name\":\"Ecotourism on Crete: Mourtzanakis ecotourism hotel on Crete Greece\",\"description\":\"Crete Greece: Ecotourism hotel (4 independent luxury Villas) for holidays in the nature of Crete Island. An ecotourism hotel with sensational views\",\"potentialAction\":[{\"@type\":\"SearchAction\",\"target\":{\"@type\":\"EntryPoint\",\"urlTemplate\":\"https:\/\/ecohotelcrete.com\/cs\/?s={search_term_string}\"},\"query-input\":{\"@type\":\"PropertyValueSpecification\",\"valueRequired\":true,\"valueName\":\"search_term_string\"}}],\"inLanguage\":\"hu\"}]}<\/script>\n<!-- \/ Yoast SEO plugin. -->","yoast_head_json":{"title":"Vitorl\u00e1s t\u00far\u00e1k Kr\u00e9ta G\u00f6r\u00f6gorsz\u00e1g partjain\u00e1l","description":"\u00d6koturisztikai tev\u00e9kenys\u00e9gek Kr\u00e9t\u00e1n \u2013 tapasztalja meg a vitorl\u00e1s t\u00far\u00e1kat Kr\u00e9ta sziget\u00e9nek partj\u00e1n, G\u00f6r\u00f6gorsz\u00e1g","robots":{"index":"index","follow":"follow","max-snippet":"max-snippet:-1","max-image-preview":"max-image-preview:large","max-video-preview":"max-video-preview:-1"},"canonical":"https:\/\/ecohotelcrete.com\/hu\/sailing-tours\/","og_locale":"hu_HU","og_type":"article","og_title":"Sailing Tours at the shores of the island of Crete Greece","og_description":"Ecotourism Activities on Crete - experience the Sailing Tours at the shores of the island of Crete Greece","og_url":"https:\/\/ecohotelcrete.com\/hu\/sailing-tours\/","og_site_name":"Ecotourism on Crete: Mourtzanakis ecotourism hotel on Crete Greece","article_modified_time":"2021-10-10T16:39:01+00:00","twitter_card":"summary_large_image","schema":{"@context":"https:\/\/schema.org","@graph":[{"@type":"WebPage","@id":"https:\/\/ecohotelcrete.com\/sailing-tours\/","url":"https:\/\/ecohotelcrete.com\/sailing-tours\/","name":"Vitorl\u00e1s t\u00far\u00e1k Kr\u00e9ta G\u00f6r\u00f6gorsz\u00e1g partjain\u00e1l","isPartOf":{"@id":"https:\/\/ecohotelcrete.com\/cs\/#website"},"datePublished":"2021-09-07T19:17:18+00:00","dateModified":"2021-10-10T16:39:01+00:00","description":"\u00d6koturisztikai tev\u00e9kenys\u00e9gek Kr\u00e9t\u00e1n \u2013 tapasztalja meg a vitorl\u00e1s t\u00far\u00e1kat Kr\u00e9ta sziget\u00e9nek partj\u00e1n, G\u00f6r\u00f6gorsz\u00e1g","breadcrumb":{"@id":"https:\/\/ecohotelcrete.com\/sailing-tours\/#breadcrumb"},"inLanguage":"hu","potentialAction":[{"@type":"ReadAction","target":["https:\/\/ecohotelcrete.com\/sailing-tours\/"]}]},{"@type":"BreadcrumbList","@id":"https:\/\/ecohotelcrete.com\/sailing-tours\/#breadcrumb","itemListElement":[{"@type":"ListItem","position":1,"name":"Home","item":"https:\/\/ecohotelcrete.com\/cs\/"},{"@type":"ListItem","position":2,"name":"Sailing Tours at the shores of the island of Crete"}]},{"@type":"WebSite","@id":"https:\/\/ecohotelcrete.com\/cs\/#website","url":"https:\/\/ecohotelcrete.com\/cs\/","name":"\u00d6koturizmus Kr\u00e9t\u00e1n: Mourtzanakis \u00f6koturisztikai sz\u00e1lloda Kr\u00e9t\u00e1n, G\u00f6r\u00f6gorsz\u00e1g","description":"Kr\u00e9ta G\u00f6r\u00f6gorsz\u00e1g: \u00d6koturisztikai sz\u00e1lloda (4 f\u00fcggetlen luxusvilla) nyaral\u00e1shoz Kr\u00e9ta term\u00e9szet\u00e9ben. \u00d6koturisztikai sz\u00e1lloda szenz\u00e1ci\u00f3s kil\u00e1t\u00e1ssal","potentialAction":[{"@type":"SearchAction","target":{"@type":"EntryPoint","urlTemplate":"https:\/\/ecohotelcrete.com\/cs\/?s={search_term_string}"},"query-input":{"@type":"PropertyValueSpecification","valueRequired":true,"valueName":"search_term_string"}}],"inLanguage":"hu"}]}},"_links":{"self":[{"href":"https:\/\/ecohotelcrete.com\/hu\/wp-json\/wp\/v2\/pages\/628","targetHints":{"allow":["GET"]}}],"collection":[{"href":"https:\/\/ecohotelcrete.com\/hu\/wp-json\/wp\/v2\/pages"}],"about":[{"href":"https:\/\/ecohotelcrete.com\/hu\/wp-json\/wp\/v2\/types\/page"}],"author":[{"embeddable":true,"href":"https:\/\/ecohotelcrete.com\/hu\/wp-json\/wp\/v2\/users\/1"}],"replies":[{"embeddable":true,"href":"https:\/\/ecohotelcrete.com\/hu\/wp-json\/wp\/v2\/comments?post=628"}],"version-history":[{"count":0,"href":"https:\/\/ecohotelcrete.com\/hu\/wp-json\/wp\/v2\/pages\/628\/revisions"}],"wp:attachment":[{"href":"https:\/\/ecohotelcrete.com\/hu\/wp-json\/wp\/v2\/media?parent=628"}],"wp:term":[{"taxonomy":"category","embeddable":true,"href":"https:\/\/ecohotelcrete.com\/hu\/wp-json\/wp\/v2\/categories?post=628"},{"taxonomy":"post_tag","embeddable":true,"href":"https:\/\/ecohotelcrete.com\/hu\/wp-json\/wp\/v2\/tags?post=628"}],"curies":[{"name":"wp","href":"https:\/\/api.w.org\/{rel}","templated":true}]}}