{"id":3,"date":"2021-03-07T14:29:33","date_gmt":"2021-03-07T12:29:33","guid":{"rendered":"https:\/\/ecohotelcrete.com\/?page_id=3"},"modified":"2021-10-10T21:26:55","modified_gmt":"2021-10-10T18:26:55","slug":"privacy-policy","status":"publish","type":"page","link":"https:\/\/ecohotelcrete.com\/nb\/privacy-policy\/","title":{"rendered":"Personvernerkl\u00e6ring"},"content":{"rendered":"<h2 class=\"wp-block-heading\">Hvem vi er<\/h2>\r\n\r\n\r\n\r\n<p>V\u00e5r nettsideadresse er: https:\/\/ecohotelcrete.com.<\/p>\r\n\r\n\r\n\r\n<h2 class=\"wp-block-heading\">Hvilke personopplysninger vi samler inn og hvorfor vi samler inn dem<\/h2>\r\n\r\n\r\n\r\n<h3 class=\"wp-block-heading\">Kommentarer<\/h3>\r\n\r\n\r\n\r\n<p>N\u00e5r bes\u00f8kende legger igjen kommentarer p\u00e5 nettstedet, samler vi inn dataene som vises i kommentarskjemaet, og ogs\u00e5 bes\u00f8kendes IP-adresse og nettleserbrukeragentstreng for \u00e5 hjelpe til med \u00e5 oppdage spam.<\/p>\r\n\r\n\r\n\r\n<p>En anonymisert streng opprettet fra e-postadressen din (ogs\u00e5 kalt en hash) kan leveres til Gravatar-tjenesten for \u00e5 se om du bruker den. Gravatar-tjenestens personvernerkl\u00e6ring er tilgjengelig her: https:\/\/automattic.com\/privacy\/. Etter godkjenning av kommentaren din, er profilbildet ditt synlig for offentligheten i forbindelse med kommentaren din.<\/p>\r\n\r\n\r\n\r\n<h3 class=\"wp-block-heading\">Media<\/h3>\r\n\r\n\r\n\r\n<p>Hvis du laster opp bilder til nettsiden, b\u00f8r du unng\u00e5 \u00e5 laste opp bilder med innebygd posisjonsdata (EXIF GPS) inkludert. Bes\u00f8kende p\u00e5 nettstedet kan laste ned og trekke ut alle stedsdata fra bilder p\u00e5 nettstedet.<\/p>\r\n\r\n\r\n\r\n<h3 class=\"wp-block-heading\">Kontaktskjemaer<\/h3>\r\n\r\n\r\n\r\n<h3 class=\"wp-block-heading\">Informasjonskapsler<\/h3>\r\n\r\n\r\n\r\n<p>Hvis du legger igjen en kommentar p\u00e5 nettstedet v\u00e5rt, kan du velge \u00e5 lagre navnet ditt, e-postadressen og nettstedet ditt i informasjonskapsler. Disse er for enkelhets skyld, slik at du ikke trenger \u00e5 fylle ut opplysningene dine p\u00e5 nytt n\u00e5r du legger igjen en kommentar. Disse informasjonskapslene vil vare i ett \u00e5r.<\/p>\r\n\r\n\r\n\r\n<p>Hvis du bes\u00f8ker v\u00e5r p\u00e5loggingsside, vil vi sette en midlertidig informasjonskapsel for \u00e5 avgj\u00f8re om nettleseren din godtar informasjonskapsler. Denne informasjonskapselen inneholder ingen personlige data og blir forkastet n\u00e5r du lukker nettleseren din.<\/p>\r\n\r\n\r\n\r\n<p>N\u00e5r du logger inn, vil vi ogs\u00e5 sette opp flere informasjonskapsler for \u00e5 lagre p\u00e5loggingsinformasjonen og skjermvisningsvalgene dine. Innloggingsinformasjonskapsler varer i to dager, og informasjonskapsler for skjermalternativer varer i ett \u00e5r. Hvis du velger &quot;Husk meg&quot;, vil p\u00e5loggingen vedvare i to uker. Hvis du logger ut av kontoen din, vil informasjonskapslene for p\u00e5logging bli fjernet.<\/p>\r\n\r\n\r\n\r\n<p>Hvis du redigerer eller publiserer en artikkel, vil en ekstra informasjonskapsel bli lagret i nettleseren din. Denne informasjonskapselen inneholder ingen personlige data og indikerer bare post-ID-en til artikkelen du nettopp redigerte. Den utl\u00f8per etter 1 dag.<\/p>\r\n\r\n\r\n\r\n<h3 class=\"wp-block-heading\">Innebygd innhold fra andre nettsteder<\/h3>\r\n\r\n\r\n\r\n<p>Artikler p\u00e5 dette nettstedet kan inneholde innebygd innhold (f.eks. videoer, bilder, artikler osv.). Innebygd innhold fra andre nettsteder oppf\u00f8rer seg p\u00e5 n\u00f8yaktig samme m\u00e5te som om den bes\u00f8kende har bes\u00f8kt den andre nettsiden.<\/p>\r\n\r\n\r\n\r\n<p>Disse nettstedene kan samle inn data om deg, bruke informasjonskapsler, bygge inn ytterligere tredjepartssporing og overv\u00e5ke interaksjonen din med det innebygde innholdet, inkludert sporing av interaksjonen din med det innebygde innholdet hvis du har en konto og er logget inn p\u00e5 det nettstedet.<\/p>\r\n\r\n\r\n\r\n<h3 class=\"wp-block-heading\">Analytics<\/h3>\r\n\r\n\r\n\r\n<h2 class=\"wp-block-heading\">Hvem vi deler dataene dine med<\/h2>\r\n\r\n\r\n\r\n<p>Hvis du ber om tilbakestilling av passord, vil IP-adressen din bli inkludert i tilbakestillings-e-posten.<\/p>\r\n\r\n\r\n\r\n<h2 class=\"wp-block-heading\">Hvor lenge vi beholder dataene dine<\/h2>\r\n\r\n\r\n\r\n<p>Hvis du legger igjen en kommentar, beholdes kommentaren og dens metadata p\u00e5 ubestemt tid. Dette er slik at vi kan gjenkjenne og godkjenne eventuelle oppf\u00f8lgingskommentarer automatisk i stedet for \u00e5 holde dem i en modereringsk\u00f8.<\/p>\r\n\r\n\r\n\r\n<p>For brukere som registrerer seg p\u00e5 nettstedet v\u00e5rt (hvis noen), lagrer vi ogs\u00e5 personopplysningene de oppgir i brukerprofilen deres. Alle brukere kan se, redigere eller slette sin personlige informasjon n\u00e5r som helst (bortsett fra at de ikke kan endre brukernavnet sitt). Nettstedsadministratorer kan ogs\u00e5 se og redigere denne informasjonen.<\/p>\r\n\r\n\r\n\r\n<h2 class=\"wp-block-heading\">Hvilke rettigheter du har over dataene dine<\/h2>\r\n\r\n\r\n\r\n<p>Hvis du har en konto p\u00e5 dette nettstedet, eller har lagt igjen kommentarer, kan du be om \u00e5 motta en eksportert fil med personopplysningene vi har om deg, inkludert alle data du har gitt oss. Du kan ogs\u00e5 be om at vi sletter alle personopplysninger vi har om deg. Dette inkluderer ikke data vi er forpliktet til \u00e5 beholde for administrative, juridiske eller sikkerhetsmessige form\u00e5l.<\/p>\r\n\r\n\r\n\r\n<h2 class=\"wp-block-heading\">Hvor vi sender dataene dine<\/h2>\r\n\r\n\r\n\r\n<p>Bes\u00f8kendes kommentarer kan sjekkes gjennom en automatisert spam-deteksjonstjeneste.<\/p>\r\n\r\n\r\n\r\n<h2 class=\"wp-block-heading\">Din kontaktinformasjon<\/h2>\r\n\r\n\r\n\r\n<h2 class=\"wp-block-heading\">Ytterligere informasjon<\/h2>\r\n\r\n\r\n\r\n<h3 class=\"wp-block-heading\">Hvordan vi beskytter dataene dine<\/h3>\r\n\r\n\r\n\r\n<h3 class=\"wp-block-heading\">Hvilke prosedyrer for databrudd vi har p\u00e5 plass<\/h3>\r\n\r\n\r\n\r\n<h3 class=\"wp-block-heading\">Hvilke tredjeparter vi mottar data fra<\/h3>\r\n\r\n\r\n\r\n<h3 class=\"wp-block-heading\">Hvilken automatisert beslutningstaking og\/eller profilering vi gj\u00f8r med brukerdata<\/h3>\r\n\r\n\r\n\r\n<h3 class=\"wp-block-heading\">Krav til offentliggj\u00f8ring i bransjen<\/h3>","protected":false},"excerpt":{"rendered":"<p>Hvem vi er Nettstedet v\u00e5r er: https:\/\/ecohotelcrete.com. Hvilke personopplysninger vi samler inn og hvorfor vi samler dem Kommentarer N\u00e5r bes\u00f8kende legger igjen kommentarer p\u00e5 nettstedet, samler vi inn dataene som vises i kommentarskjemaet, og ogs\u00e5 bes\u00f8kendes IP-adresse og nettleserbrukeragentstreng for \u00e5 hjelpe til med \u00e5 oppdage spam. En anonymisert streng opprettet fra [\u2026]<\/p>","protected":false},"author":1,"featured_media":0,"parent":0,"menu_order":0,"comment_status":"closed","ping_status":"closed","template":"","meta":{"footnotes":""},"categories":[],"tags":[],"class_list":["post-3","page","type-page","status-publish","hentry"],"yoast_head":"<!-- This site is optimized with the Yoast SEO plugin v26.7 - https:\/\/yoast.com\/wordpress\/plugins\/seo\/ -->\n<title>Privacy Policy - Ecotourism on Crete: Mourtzanakis ecotourism hotel<\/title>\n<meta name=\"description\" content=\"Privacy policy of Mourtzanakis eco lodge. Sustainable travel and ecotourism holidays on Crete.\" \/>\n<meta name=\"robots\" content=\"index, follow, max-snippet:-1, max-image-preview:large, max-video-preview:-1\" \/>\n<link rel=\"canonical\" href=\"https:\/\/ecohotelcrete.com\/nb\/privacy-policy\/\" \/>\n<meta property=\"og:locale\" content=\"nb_NO\" \/>\n<meta property=\"og:type\" content=\"article\" \/>\n<meta property=\"og:title\" content=\"Privacy Policy - Ecotourism on Crete: Mourtzanakis ecotourism hotel\" \/>\n<meta property=\"og:description\" content=\"Privacy policy of Mourtzanakis eco lodge. Sustainable travel and ecotourism holidays on Crete.\" \/>\n<meta property=\"og:url\" content=\"https:\/\/ecohotelcrete.com\/nb\/privacy-policy\/\" \/>\n<meta property=\"og:site_name\" content=\"Ecotourism on Crete: Mourtzanakis ecotourism hotel on Crete Greece\" \/>\n<meta property=\"article:modified_time\" content=\"2021-10-10T18:26:55+00:00\" \/>\n<meta name=\"twitter:card\" content=\"summary_large_image\" \/>\n<meta name=\"twitter:label1\" content=\"Ansl. lesetid\" \/>\n\t<meta name=\"twitter:data1\" content=\"3 minutter\" \/>\n<script type=\"application\/ld+json\" class=\"yoast-schema-graph\">{\"@context\":\"https:\/\/schema.org\",\"@graph\":[{\"@type\":\"WebPage\",\"@id\":\"https:\/\/ecohotelcrete.com\/privacy-policy\/\",\"url\":\"https:\/\/ecohotelcrete.com\/privacy-policy\/\",\"name\":\"Privacy Policy - Ecotourism on Crete: Mourtzanakis ecotourism hotel\",\"isPartOf\":{\"@id\":\"https:\/\/ecohotelcrete.com\/cs\/#website\"},\"datePublished\":\"2021-03-07T12:29:33+00:00\",\"dateModified\":\"2021-10-10T18:26:55+00:00\",\"description\":\"Privacy policy of Mourtzanakis eco lodge. Sustainable travel and ecotourism holidays on Crete.\",\"breadcrumb\":{\"@id\":\"https:\/\/ecohotelcrete.com\/privacy-policy\/#breadcrumb\"},\"inLanguage\":\"nb-NO\",\"potentialAction\":[{\"@type\":\"ReadAction\",\"target\":[\"https:\/\/ecohotelcrete.com\/privacy-policy\/\"]}]},{\"@type\":\"BreadcrumbList\",\"@id\":\"https:\/\/ecohotelcrete.com\/privacy-policy\/#breadcrumb\",\"itemListElement\":[{\"@type\":\"ListItem\",\"position\":1,\"name\":\"Home\",\"item\":\"https:\/\/ecohotelcrete.com\/cs\/\"},{\"@type\":\"ListItem\",\"position\":2,\"name\":\"Privacy Policy\"}]},{\"@type\":\"WebSite\",\"@id\":\"https:\/\/ecohotelcrete.com\/cs\/#website\",\"url\":\"https:\/\/ecohotelcrete.com\/cs\/\",\"name\":\"Ecotourism on Crete: Mourtzanakis ecotourism hotel on Crete Greece\",\"description\":\"Crete Greece: Ecotourism hotel (4 independent luxury Villas) for holidays in the nature of Crete Island. An ecotourism hotel with sensational views\",\"potentialAction\":[{\"@type\":\"SearchAction\",\"target\":{\"@type\":\"EntryPoint\",\"urlTemplate\":\"https:\/\/ecohotelcrete.com\/cs\/?s={search_term_string}\"},\"query-input\":{\"@type\":\"PropertyValueSpecification\",\"valueRequired\":true,\"valueName\":\"search_term_string\"}}],\"inLanguage\":\"nb-NO\"}]}<\/script>\n<!-- \/ Yoast SEO plugin. -->","yoast_head_json":{"title":"Personvernerkl\u00e6ring - \u00d8koturisme p\u00e5 Kreta: Mourtzanakis \u00f8koturismehotell","description":"Personvernerkl\u00e6ringen til Mourtzanakis eco lodge. B\u00e6rekraftige reise- og \u00f8koturismeferier p\u00e5 Kreta.","robots":{"index":"index","follow":"follow","max-snippet":"max-snippet:-1","max-image-preview":"max-image-preview:large","max-video-preview":"max-video-preview:-1"},"canonical":"https:\/\/ecohotelcrete.com\/nb\/privacy-policy\/","og_locale":"nb_NO","og_type":"article","og_title":"Privacy Policy - Ecotourism on Crete: Mourtzanakis ecotourism hotel","og_description":"Privacy policy of Mourtzanakis eco lodge. Sustainable travel and ecotourism holidays on Crete.","og_url":"https:\/\/ecohotelcrete.com\/nb\/privacy-policy\/","og_site_name":"Ecotourism on Crete: Mourtzanakis ecotourism hotel on Crete Greece","article_modified_time":"2021-10-10T18:26:55+00:00","twitter_card":"summary_large_image","twitter_misc":{"Ansl. lesetid":"3 minutter"},"schema":{"@context":"https:\/\/schema.org","@graph":[{"@type":"WebPage","@id":"https:\/\/ecohotelcrete.com\/privacy-policy\/","url":"https:\/\/ecohotelcrete.com\/privacy-policy\/","name":"Personvernerkl\u00e6ring - \u00d8koturisme p\u00e5 Kreta: Mourtzanakis \u00f8koturismehotell","isPartOf":{"@id":"https:\/\/ecohotelcrete.com\/cs\/#website"},"datePublished":"2021-03-07T12:29:33+00:00","dateModified":"2021-10-10T18:26:55+00:00","description":"Personvernerkl\u00e6ringen til Mourtzanakis eco lodge. B\u00e6rekraftige reise- og \u00f8koturismeferier p\u00e5 Kreta.","breadcrumb":{"@id":"https:\/\/ecohotelcrete.com\/privacy-policy\/#breadcrumb"},"inLanguage":"nb-NO","potentialAction":[{"@type":"ReadAction","target":["https:\/\/ecohotelcrete.com\/privacy-policy\/"]}]},{"@type":"BreadcrumbList","@id":"https:\/\/ecohotelcrete.com\/privacy-policy\/#breadcrumb","itemListElement":[{"@type":"ListItem","position":1,"name":"Home","item":"https:\/\/ecohotelcrete.com\/cs\/"},{"@type":"ListItem","position":2,"name":"Privacy Policy"}]},{"@type":"WebSite","@id":"https:\/\/ecohotelcrete.com\/cs\/#website","url":"https:\/\/ecohotelcrete.com\/cs\/","name":"\u00d8koturisme p\u00e5 Kreta: Mourtzanakis \u00f8koturismehotell p\u00e5 Kreta Hellas","description":"Kreta Hellas: \u00d8koturismehotell (4 uavhengige luksusvillaer) for ferier i naturen p\u00e5 Kreta. Et \u00f8koturismehotell med sensasjonell utsikt","potentialAction":[{"@type":"SearchAction","target":{"@type":"EntryPoint","urlTemplate":"https:\/\/ecohotelcrete.com\/cs\/?s={search_term_string}"},"query-input":{"@type":"PropertyValueSpecification","valueRequired":true,"valueName":"search_term_string"}}],"inLanguage":"nb-NO"}]}},"_links":{"self":[{"href":"https:\/\/ecohotelcrete.com\/nb\/wp-json\/wp\/v2\/pages\/3","targetHints":{"allow":["GET"]}}],"collection":[{"href":"https:\/\/ecohotelcrete.com\/nb\/wp-json\/wp\/v2\/pages"}],"about":[{"href":"https:\/\/ecohotelcrete.com\/nb\/wp-json\/wp\/v2\/types\/page"}],"author":[{"embeddable":true,"href":"https:\/\/ecohotelcrete.com\/nb\/wp-json\/wp\/v2\/users\/1"}],"replies":[{"embeddable":true,"href":"https:\/\/ecohotelcrete.com\/nb\/wp-json\/wp\/v2\/comments?post=3"}],"version-history":[{"count":0,"href":"https:\/\/ecohotelcrete.com\/nb\/wp-json\/wp\/v2\/pages\/3\/revisions"}],"wp:attachment":[{"href":"https:\/\/ecohotelcrete.com\/nb\/wp-json\/wp\/v2\/media?parent=3"}],"wp:term":[{"taxonomy":"category","embeddable":true,"href":"https:\/\/ecohotelcrete.com\/nb\/wp-json\/wp\/v2\/categories?post=3"},{"taxonomy":"post_tag","embeddable":true,"href":"https:\/\/ecohotelcrete.com\/nb\/wp-json\/wp\/v2\/tags?post=3"}],"curies":[{"name":"wp","href":"https:\/\/api.w.org\/{rel}","templated":true}]}}