{"id":494,"date":"2021-08-31T01:58:37","date_gmt":"2021-08-30T22:58:37","guid":{"rendered":"https:\/\/ecohotelcrete.com\/?page_id=494"},"modified":"2021-08-31T01:59:37","modified_gmt":"2021-08-30T22:59:37","slug":"beaches","status":"publish","type":"page","link":"https:\/\/ecohotelcrete.com\/nb\/beaches\/","title":{"rendered":"Strender i n\u00e6rheten av Mourtzanakis Eco-hotell i landsbyen Achlada p\u00e5 Kreta"},"content":{"rendered":"","protected":false},"excerpt":{"rendered":"","protected":false},"author":1,"featured_media":0,"parent":0,"menu_order":0,"comment_status":"closed","ping_status":"closed","template":"","meta":{"footnotes":""},"categories":[],"tags":[],"class_list":["post-494","page","type-page","status-publish","hentry"],"yoast_head":"<!-- This site is optimized with the Yoast SEO plugin v26.7 - https:\/\/yoast.com\/wordpress\/plugins\/seo\/ -->\n<title>Beaches nearby to Mourtzanakis Eco hotel in Achlada rural village on Crete<\/title>\n<meta name=\"description\" content=\"Find nearby Beaches to Mourtzanakis Eco hotel on Crete. Visit the splendid beaches of Crete and enjoy swimming in crystal clear waters\" \/>\n<meta name=\"robots\" content=\"index, follow, max-snippet:-1, max-image-preview:large, max-video-preview:-1\" \/>\n<link rel=\"canonical\" href=\"https:\/\/ecohotelcrete.com\/nb\/beaches\/\" \/>\n<meta property=\"og:locale\" content=\"nb_NO\" \/>\n<meta property=\"og:type\" content=\"article\" \/>\n<meta property=\"og:title\" content=\"Beaches nearby to Mourtzanakis Eco hotel in Achlada rural village on Crete\" \/>\n<meta property=\"og:description\" content=\"Find nearby Beaches to Mourtzanakis Eco hotel on Crete. Visit the splendid beaches of Crete and enjoy swimming in crystal clear waters\" \/>\n<meta property=\"og:url\" content=\"https:\/\/ecohotelcrete.com\/nb\/beaches\/\" \/>\n<meta property=\"og:site_name\" content=\"Ecotourism on Crete: Mourtzanakis ecotourism hotel on Crete Greece\" \/>\n<meta property=\"article:modified_time\" content=\"2021-08-30T22:59:37+00:00\" \/>\n<meta name=\"twitter:card\" content=\"summary_large_image\" \/>\n<script type=\"application\/ld+json\" class=\"yoast-schema-graph\">{\"@context\":\"https:\/\/schema.org\",\"@graph\":[{\"@type\":\"WebPage\",\"@id\":\"https:\/\/ecohotelcrete.com\/beaches\/\",\"url\":\"https:\/\/ecohotelcrete.com\/beaches\/\",\"name\":\"Beaches nearby to Mourtzanakis Eco hotel in Achlada rural village on Crete\",\"isPartOf\":{\"@id\":\"https:\/\/ecohotelcrete.com\/cs\/#website\"},\"datePublished\":\"2021-08-30T22:58:37+00:00\",\"dateModified\":\"2021-08-30T22:59:37+00:00\",\"description\":\"Find nearby Beaches to Mourtzanakis Eco hotel on Crete. Visit the splendid beaches of Crete and enjoy swimming in crystal clear waters\",\"breadcrumb\":{\"@id\":\"https:\/\/ecohotelcrete.com\/beaches\/#breadcrumb\"},\"inLanguage\":\"nb-NO\",\"potentialAction\":[{\"@type\":\"ReadAction\",\"target\":[\"https:\/\/ecohotelcrete.com\/beaches\/\"]}]},{\"@type\":\"BreadcrumbList\",\"@id\":\"https:\/\/ecohotelcrete.com\/beaches\/#breadcrumb\",\"itemListElement\":[{\"@type\":\"ListItem\",\"position\":1,\"name\":\"Home\",\"item\":\"https:\/\/ecohotelcrete.com\/cs\/\"},{\"@type\":\"ListItem\",\"position\":2,\"name\":\"Beaches nearby to Mourtzanakis Eco hotel in Achlada rural village on Crete\"}]},{\"@type\":\"WebSite\",\"@id\":\"https:\/\/ecohotelcrete.com\/cs\/#website\",\"url\":\"https:\/\/ecohotelcrete.com\/cs\/\",\"name\":\"Ecotourism on Crete: Mourtzanakis ecotourism hotel on Crete Greece\",\"description\":\"Crete Greece: Ecotourism hotel (4 independent luxury Villas) for holidays in the nature of Crete Island. An ecotourism hotel with sensational views\",\"potentialAction\":[{\"@type\":\"SearchAction\",\"target\":{\"@type\":\"EntryPoint\",\"urlTemplate\":\"https:\/\/ecohotelcrete.com\/cs\/?s={search_term_string}\"},\"query-input\":{\"@type\":\"PropertyValueSpecification\",\"valueRequired\":true,\"valueName\":\"search_term_string\"}}],\"inLanguage\":\"nb-NO\"}]}<\/script>\n<!-- \/ Yoast SEO plugin. -->","yoast_head_json":{"title":"Strender i n\u00e6rheten av Mourtzanakis Eco-hotell i landsbyen Achlada p\u00e5 Kreta","description":"Finn n\u00e6rliggende strender til Mourtzanakis Eco hotel p\u00e5 Kreta. Bes\u00f8k de fantastiske strendene p\u00e5 Kreta og nyt sv\u00f8mming i krystallklart vann","robots":{"index":"index","follow":"follow","max-snippet":"max-snippet:-1","max-image-preview":"max-image-preview:large","max-video-preview":"max-video-preview:-1"},"canonical":"https:\/\/ecohotelcrete.com\/nb\/beaches\/","og_locale":"nb_NO","og_type":"article","og_title":"Beaches nearby to Mourtzanakis Eco hotel in Achlada rural village on Crete","og_description":"Find nearby Beaches to Mourtzanakis Eco hotel on Crete. Visit the splendid beaches of Crete and enjoy swimming in crystal clear waters","og_url":"https:\/\/ecohotelcrete.com\/nb\/beaches\/","og_site_name":"Ecotourism on Crete: Mourtzanakis ecotourism hotel on Crete Greece","article_modified_time":"2021-08-30T22:59:37+00:00","twitter_card":"summary_large_image","schema":{"@context":"https:\/\/schema.org","@graph":[{"@type":"WebPage","@id":"https:\/\/ecohotelcrete.com\/beaches\/","url":"https:\/\/ecohotelcrete.com\/beaches\/","name":"Strender i n\u00e6rheten av Mourtzanakis Eco-hotell i landsbyen Achlada p\u00e5 Kreta","isPartOf":{"@id":"https:\/\/ecohotelcrete.com\/cs\/#website"},"datePublished":"2021-08-30T22:58:37+00:00","dateModified":"2021-08-30T22:59:37+00:00","description":"Finn n\u00e6rliggende strender til Mourtzanakis Eco hotel p\u00e5 Kreta. Bes\u00f8k de fantastiske strendene p\u00e5 Kreta og nyt sv\u00f8mming i krystallklart vann","breadcrumb":{"@id":"https:\/\/ecohotelcrete.com\/beaches\/#breadcrumb"},"inLanguage":"nb-NO","potentialAction":[{"@type":"ReadAction","target":["https:\/\/ecohotelcrete.com\/beaches\/"]}]},{"@type":"BreadcrumbList","@id":"https:\/\/ecohotelcrete.com\/beaches\/#breadcrumb","itemListElement":[{"@type":"ListItem","position":1,"name":"Home","item":"https:\/\/ecohotelcrete.com\/cs\/"},{"@type":"ListItem","position":2,"name":"Beaches nearby to Mourtzanakis Eco hotel in Achlada rural village on Crete"}]},{"@type":"WebSite","@id":"https:\/\/ecohotelcrete.com\/cs\/#website","url":"https:\/\/ecohotelcrete.com\/cs\/","name":"\u00d8koturisme p\u00e5 Kreta: Mourtzanakis \u00f8koturismehotell p\u00e5 Kreta Hellas","description":"Kreta Hellas: \u00d8koturismehotell (4 uavhengige luksusvillaer) for ferier i naturen p\u00e5 Kreta. Et \u00f8koturismehotell med sensasjonell utsikt","potentialAction":[{"@type":"SearchAction","target":{"@type":"EntryPoint","urlTemplate":"https:\/\/ecohotelcrete.com\/cs\/?s={search_term_string}"},"query-input":{"@type":"PropertyValueSpecification","valueRequired":true,"valueName":"search_term_string"}}],"inLanguage":"nb-NO"}]}},"_links":{"self":[{"href":"https:\/\/ecohotelcrete.com\/nb\/wp-json\/wp\/v2\/pages\/494","targetHints":{"allow":["GET"]}}],"collection":[{"href":"https:\/\/ecohotelcrete.com\/nb\/wp-json\/wp\/v2\/pages"}],"about":[{"href":"https:\/\/ecohotelcrete.com\/nb\/wp-json\/wp\/v2\/types\/page"}],"author":[{"embeddable":true,"href":"https:\/\/ecohotelcrete.com\/nb\/wp-json\/wp\/v2\/users\/1"}],"replies":[{"embeddable":true,"href":"https:\/\/ecohotelcrete.com\/nb\/wp-json\/wp\/v2\/comments?post=494"}],"version-history":[{"count":0,"href":"https:\/\/ecohotelcrete.com\/nb\/wp-json\/wp\/v2\/pages\/494\/revisions"}],"wp:attachment":[{"href":"https:\/\/ecohotelcrete.com\/nb\/wp-json\/wp\/v2\/media?parent=494"}],"wp:term":[{"taxonomy":"category","embeddable":true,"href":"https:\/\/ecohotelcrete.com\/nb\/wp-json\/wp\/v2\/categories?post=494"},{"taxonomy":"post_tag","embeddable":true,"href":"https:\/\/ecohotelcrete.com\/nb\/wp-json\/wp\/v2\/tags?post=494"}],"curies":[{"name":"wp","href":"https:\/\/api.w.org\/{rel}","templated":true}]}}