{"id":3,"date":"2021-03-07T14:29:33","date_gmt":"2021-03-07T12:29:33","guid":{"rendered":"https:\/\/ecohotelcrete.com\/?page_id=3"},"modified":"2021-10-10T21:26:55","modified_gmt":"2021-10-10T18:26:55","slug":"privacy-policy","status":"publish","type":"page","link":"https:\/\/ecohotelcrete.com\/ro\/privacy-policy\/","title":{"rendered":"Politica de confiden\u021bialitate"},"content":{"rendered":"<h2 class=\"wp-block-heading\">Cine suntem noi<\/h2>\r\n\r\n\r\n\r\n<p>Adresa site-ului nostru web este: https:\/\/ecohotelcrete.com.<\/p>\r\n\r\n\r\n\r\n<h2 class=\"wp-block-heading\">Ce date personale colect\u0103m \u0219i de ce le colect\u0103m<\/h2>\r\n\r\n\r\n\r\n<h3 class=\"wp-block-heading\">Comentarii<\/h3>\r\n\r\n\r\n\r\n<p>C\u00e2nd vizitatorii las\u0103 comentarii pe site, colect\u0103m datele afi\u0219ate \u00een formularul de comentarii, precum \u0219i adresa IP a vizitatorului \u0219i \u0219irul de agent de utilizator al browserului pentru a ajuta la detectarea spam-ului.<\/p>\r\n\r\n\r\n\r\n<p>Un \u0219ir anonim creat de la adresa dvs. de e-mail (numit \u0219i hash) poate fi furnizat serviciului Gravatar pentru a vedea dac\u0103 \u00eel utiliza\u021bi. Politica de confiden\u021bialitate a serviciului Gravatar este disponibil\u0103 aici: https:\/\/automattic.com\/privacy\/. Dup\u0103 aprobarea comentariului dvs., fotografia dvs. de profil este vizibil\u0103 publicului \u00een contextul comentariului dvs.<\/p>\r\n\r\n\r\n\r\n<h3 class=\"wp-block-heading\">Mass-media<\/h3>\r\n\r\n\r\n\r\n<p>Dac\u0103 \u00eenc\u0103rca\u021bi imagini pe site, ar trebui s\u0103 evita\u021bi s\u0103 \u00eenc\u0103rca\u021bi imagini cu date de loca\u021bie \u00eencorporate (EXIF GPS) incluse. Vizitatorii site-ului web pot desc\u0103rca \u0219i extrage orice date despre loca\u021bie din imaginile de pe site.<\/p>\r\n\r\n\r\n\r\n<h3 class=\"wp-block-heading\">Formulare de contact<\/h3>\r\n\r\n\r\n\r\n<h3 class=\"wp-block-heading\">Cookie-uri<\/h3>\r\n\r\n\r\n\r\n<p>Dac\u0103 l\u0103sa\u021bi un comentariu pe site-ul nostru, pute\u021bi opta pentru salvarea numelui, a adresei de e-mail \u0219i a site-ului web \u00een cookie-uri. Acestea sunt pentru comoditatea dumneavoastr\u0103, astfel \u00eenc\u00e2t s\u0103 nu fie nevoie s\u0103 v\u0103 completa\u021bi din nou datele c\u00e2nd l\u0103sa\u021bi un alt comentariu. Aceste cookie-uri vor dura un an.<\/p>\r\n\r\n\r\n\r\n<p>Dac\u0103 vizita\u021bi pagina noastr\u0103 de conectare, vom seta un cookie temporar pentru a determina dac\u0103 browserul dumneavoastr\u0103 accept\u0103 cookie-uri. Acest cookie nu con\u021bine date personale \u0219i este eliminat atunci c\u00e2nd \u00eenchide\u021bi browserul.<\/p>\r\n\r\n\r\n\r\n<p>C\u00e2nd v\u0103 conecta\u021bi, vom configura \u0219i c\u00e2teva module cookie pentru a v\u0103 salva informa\u021biile de conectare \u0219i op\u021biunile de afi\u0219are a ecranului. Cookie-urile de conectare dureaz\u0103 dou\u0103 zile, iar modulele cookie de op\u021biuni de ecran dureaz\u0103 un an. Dac\u0103 selecta\u021bi \u201e\u021aine\u021bi minte\u201d, autentificarea va persista timp de dou\u0103 s\u0103pt\u0103m\u00e2ni. Dac\u0103 v\u0103 deconecta\u021bi de la contul dvs., cookie-urile de conectare vor fi eliminate.<\/p>\r\n\r\n\r\n\r\n<p>Dac\u0103 edita\u021bi sau publica\u021bi un articol, un cookie suplimentar va fi salvat \u00een browser. Acest cookie nu include date personale \u0219i indic\u0103 pur \u0219i simplu ID-ul post\u0103rii articolului pe care tocmai l-a\u021bi editat. Expir\u0103 dup\u0103 1 zi.<\/p>\r\n\r\n\r\n\r\n<h3 class=\"wp-block-heading\">Con\u021binut \u00eencorporat de pe alte site-uri web<\/h3>\r\n\r\n\r\n\r\n<p>Articolele de pe acest site pot include con\u021binut \u00eencorporat (de exemplu, videoclipuri, imagini, articole etc.). Con\u021binutul \u00eencorporat de pe alte site-uri web se comport\u0103 exact \u00een acela\u0219i mod ca \u0219i cum vizitatorul ar fi vizitat cel\u0103lalt site web.<\/p>\r\n\r\n\r\n\r\n<p>Aceste site-uri web pot colecta date despre dvs., pot utiliza cookie-uri, pot \u00eencorpora urm\u0103rire suplimentar\u0103 de la ter\u021bi \u0219i v\u0103 pot monitoriza interac\u021biunea cu acel con\u021binut \u00eencorporat, inclusiv urm\u0103rirea interac\u021biunii dvs. cu con\u021binutul \u00eencorporat dac\u0103 ave\u021bi un cont \u0219i sunte\u021bi conectat la acel site web.<\/p>\r\n\r\n\r\n\r\n<h3 class=\"wp-block-heading\">Analytics<\/h3>\r\n\r\n\r\n\r\n<h2 class=\"wp-block-heading\">Cu cine \u00eemp\u0103rt\u0103\u0219im datele dvs<\/h2>\r\n\r\n\r\n\r\n<p>Dac\u0103 solicita\u021bi o resetare a parolei, adresa dvs. IP va fi inclus\u0103 \u00een e-mailul de resetare.<\/p>\r\n\r\n\r\n\r\n<h2 class=\"wp-block-heading\">C\u00e2t timp p\u0103str\u0103m datele dumneavoastr\u0103<\/h2>\r\n\r\n\r\n\r\n<p>Dac\u0103 l\u0103sa\u021bi un comentariu, comentariul \u0219i metadatele sale sunt p\u0103strate pe termen nelimitat. Acest lucru este astfel \u00eenc\u00e2t s\u0103 putem recunoa\u0219te \u0219i aproba automat orice comentarii ulterioare, \u00een loc s\u0103 le \u021binem \u00eentr-o coad\u0103 de moderare.<\/p>\r\n\r\n\r\n\r\n<p>Pentru utilizatorii care se \u00eenregistreaz\u0103 pe site-ul nostru web (dac\u0103 exist\u0103), stoc\u0103m \u0219i informa\u021biile personale pe care le furnizeaz\u0103 \u00een profilul lor de utilizator. To\u021bi utilizatorii \u00ee\u0219i pot vedea, edita sau \u0219terge informa\u021biile personale \u00een orice moment (cu excep\u021bia faptului c\u0103 nu \u00ee\u0219i pot schimba numele de utilizator). Administratorii site-urilor web pot, de asemenea, s\u0103 vad\u0103 \u0219i s\u0103 editeze aceste informa\u021bii.<\/p>\r\n\r\n\r\n\r\n<h2 class=\"wp-block-heading\">Ce drepturi ave\u021bi asupra datelor dvs<\/h2>\r\n\r\n\r\n\r\n<p>Dac\u0103 ave\u021bi un cont pe acest site sau a\u021bi l\u0103sat comentarii, pute\u021bi solicita s\u0103 primi\u021bi un fi\u0219ier exportat cu datele personale pe care le de\u021binem despre dvs., inclusiv orice date pe care ni le-a\u021bi furnizat. De asemenea, pute\u021bi solicita s\u0103 \u0219tergem toate datele personale pe care le de\u021binem despre dumneavoastr\u0103. Aceasta nu include datele pe care suntem obliga\u021bi s\u0103 le p\u0103str\u0103m \u00een scopuri administrative, legale sau de securitate.<\/p>\r\n\r\n\r\n\r\n<h2 class=\"wp-block-heading\">Unde v\u0103 trimitem datele<\/h2>\r\n\r\n\r\n\r\n<p>Comentariile vizitatorilor pot fi verificate printr-un serviciu automat de detectare a spam-ului.<\/p>\r\n\r\n\r\n\r\n<h2 class=\"wp-block-heading\">Informatia ta de contact<\/h2>\r\n\r\n\r\n\r\n<h2 class=\"wp-block-heading\">Informa\u021bii suplimentare<\/h2>\r\n\r\n\r\n\r\n<h3 class=\"wp-block-heading\">Cum v\u0103 protej\u0103m datele<\/h3>\r\n\r\n\r\n\r\n<h3 class=\"wp-block-heading\">Ce proceduri de \u00eenc\u0103lcare a datelor avem \u00een vigoare<\/h3>\r\n\r\n\r\n\r\n<h3 class=\"wp-block-heading\">De la ce ter\u021bi primim date<\/h3>\r\n\r\n\r\n\r\n<h3 class=\"wp-block-heading\">Ce luare automat\u0103 a deciziilor \u0219i\/sau profilare facem cu datele utilizatorilor<\/h3>\r\n\r\n\r\n\r\n<h3 class=\"wp-block-heading\">Cerin\u021be de dezv\u0103luire a reglement\u0103rilor din industrie<\/h3>","protected":false},"excerpt":{"rendered":"<p>Cine suntem Adresa site-ului nostru web este: https:\/\/ecohotelcrete.com. Ce date personale colect\u0103m \u0219i de ce le colect\u0103m Comentarii C\u00e2nd vizitatorii las\u0103 comentarii pe site, colect\u0103m datele afi\u0219ate \u00een formularul de comentarii, precum \u0219i adresa IP a vizitatorului \u0219i \u0219irul de agent de utilizator al browserului pentru a ajuta la detectarea spam-ului. Un \u0219ir anonimizat creat din [\u2026]<\/p>","protected":false},"author":1,"featured_media":0,"parent":0,"menu_order":0,"comment_status":"closed","ping_status":"closed","template":"","meta":{"footnotes":""},"categories":[],"tags":[],"class_list":["post-3","page","type-page","status-publish","hentry"],"yoast_head":"<!-- This site is optimized with the Yoast SEO plugin v26.7 - https:\/\/yoast.com\/wordpress\/plugins\/seo\/ -->\n<title>Privacy Policy - Ecotourism on Crete: Mourtzanakis ecotourism hotel<\/title>\n<meta name=\"description\" content=\"Privacy policy of Mourtzanakis eco lodge. Sustainable travel and ecotourism holidays on Crete.\" \/>\n<meta name=\"robots\" content=\"index, follow, max-snippet:-1, max-image-preview:large, max-video-preview:-1\" \/>\n<link rel=\"canonical\" href=\"https:\/\/ecohotelcrete.com\/ro\/privacy-policy\/\" \/>\n<meta property=\"og:locale\" content=\"ro_RO\" \/>\n<meta property=\"og:type\" content=\"article\" \/>\n<meta property=\"og:title\" content=\"Privacy Policy - Ecotourism on Crete: Mourtzanakis ecotourism hotel\" \/>\n<meta property=\"og:description\" content=\"Privacy policy of Mourtzanakis eco lodge. Sustainable travel and ecotourism holidays on Crete.\" \/>\n<meta property=\"og:url\" content=\"https:\/\/ecohotelcrete.com\/ro\/privacy-policy\/\" \/>\n<meta property=\"og:site_name\" content=\"Ecotourism on Crete: Mourtzanakis ecotourism hotel on Crete Greece\" \/>\n<meta property=\"article:modified_time\" content=\"2021-10-10T18:26:55+00:00\" \/>\n<meta name=\"twitter:card\" content=\"summary_large_image\" \/>\n<meta name=\"twitter:label1\" content=\"Timp estimat pentru citire\" \/>\n\t<meta name=\"twitter:data1\" content=\"3 minute\" \/>\n<script type=\"application\/ld+json\" class=\"yoast-schema-graph\">{\"@context\":\"https:\/\/schema.org\",\"@graph\":[{\"@type\":\"WebPage\",\"@id\":\"https:\/\/ecohotelcrete.com\/privacy-policy\/\",\"url\":\"https:\/\/ecohotelcrete.com\/privacy-policy\/\",\"name\":\"Privacy Policy - Ecotourism on Crete: Mourtzanakis ecotourism hotel\",\"isPartOf\":{\"@id\":\"https:\/\/ecohotelcrete.com\/cs\/#website\"},\"datePublished\":\"2021-03-07T12:29:33+00:00\",\"dateModified\":\"2021-10-10T18:26:55+00:00\",\"description\":\"Privacy policy of Mourtzanakis eco lodge. Sustainable travel and ecotourism holidays on Crete.\",\"breadcrumb\":{\"@id\":\"https:\/\/ecohotelcrete.com\/privacy-policy\/#breadcrumb\"},\"inLanguage\":\"ro-RO\",\"potentialAction\":[{\"@type\":\"ReadAction\",\"target\":[\"https:\/\/ecohotelcrete.com\/privacy-policy\/\"]}]},{\"@type\":\"BreadcrumbList\",\"@id\":\"https:\/\/ecohotelcrete.com\/privacy-policy\/#breadcrumb\",\"itemListElement\":[{\"@type\":\"ListItem\",\"position\":1,\"name\":\"Home\",\"item\":\"https:\/\/ecohotelcrete.com\/cs\/\"},{\"@type\":\"ListItem\",\"position\":2,\"name\":\"Privacy Policy\"}]},{\"@type\":\"WebSite\",\"@id\":\"https:\/\/ecohotelcrete.com\/cs\/#website\",\"url\":\"https:\/\/ecohotelcrete.com\/cs\/\",\"name\":\"Ecotourism on Crete: Mourtzanakis ecotourism hotel on Crete Greece\",\"description\":\"Crete Greece: Ecotourism hotel (4 independent luxury Villas) for holidays in the nature of Crete Island. An ecotourism hotel with sensational views\",\"potentialAction\":[{\"@type\":\"SearchAction\",\"target\":{\"@type\":\"EntryPoint\",\"urlTemplate\":\"https:\/\/ecohotelcrete.com\/cs\/?s={search_term_string}\"},\"query-input\":{\"@type\":\"PropertyValueSpecification\",\"valueRequired\":true,\"valueName\":\"search_term_string\"}}],\"inLanguage\":\"ro-RO\"}]}<\/script>\n<!-- \/ Yoast SEO plugin. -->","yoast_head_json":{"title":"Politica de confiden\u021bialitate - Ecoturism \u00een Creta: hotel ecoturism Mourtzanakis","description":"Politica de confiden\u021bialitate a Mourtzanakis eco lodge. C\u0103l\u0103torii durabile \u0219i vacan\u021be ecoturistice \u00een Creta.","robots":{"index":"index","follow":"follow","max-snippet":"max-snippet:-1","max-image-preview":"max-image-preview:large","max-video-preview":"max-video-preview:-1"},"canonical":"https:\/\/ecohotelcrete.com\/ro\/privacy-policy\/","og_locale":"ro_RO","og_type":"article","og_title":"Privacy Policy - Ecotourism on Crete: Mourtzanakis ecotourism hotel","og_description":"Privacy policy of Mourtzanakis eco lodge. Sustainable travel and ecotourism holidays on Crete.","og_url":"https:\/\/ecohotelcrete.com\/ro\/privacy-policy\/","og_site_name":"Ecotourism on Crete: Mourtzanakis ecotourism hotel on Crete Greece","article_modified_time":"2021-10-10T18:26:55+00:00","twitter_card":"summary_large_image","twitter_misc":{"Timp estimat pentru citire":"3 minute"},"schema":{"@context":"https:\/\/schema.org","@graph":[{"@type":"WebPage","@id":"https:\/\/ecohotelcrete.com\/privacy-policy\/","url":"https:\/\/ecohotelcrete.com\/privacy-policy\/","name":"Politica de confiden\u021bialitate - Ecoturism \u00een Creta: hotel ecoturism Mourtzanakis","isPartOf":{"@id":"https:\/\/ecohotelcrete.com\/cs\/#website"},"datePublished":"2021-03-07T12:29:33+00:00","dateModified":"2021-10-10T18:26:55+00:00","description":"Politica de confiden\u021bialitate a Mourtzanakis eco lodge. C\u0103l\u0103torii durabile \u0219i vacan\u021be ecoturistice \u00een Creta.","breadcrumb":{"@id":"https:\/\/ecohotelcrete.com\/privacy-policy\/#breadcrumb"},"inLanguage":"ro-RO","potentialAction":[{"@type":"ReadAction","target":["https:\/\/ecohotelcrete.com\/privacy-policy\/"]}]},{"@type":"BreadcrumbList","@id":"https:\/\/ecohotelcrete.com\/privacy-policy\/#breadcrumb","itemListElement":[{"@type":"ListItem","position":1,"name":"Home","item":"https:\/\/ecohotelcrete.com\/cs\/"},{"@type":"ListItem","position":2,"name":"Privacy Policy"}]},{"@type":"WebSite","@id":"https:\/\/ecohotelcrete.com\/cs\/#website","url":"https:\/\/ecohotelcrete.com\/cs\/","name":"Ecoturism \u00een Creta: hotel de ecoturism Mourtzanakis \u00een Creta, Grecia","description":"Creta Grecia: hotel de ecoturism (4 vile independente de lux) pentru vacan\u021be \u00een natura insulei Creta. Un hotel de ecoturism cu vederi senza\u021bionale","potentialAction":[{"@type":"SearchAction","target":{"@type":"EntryPoint","urlTemplate":"https:\/\/ecohotelcrete.com\/cs\/?s={search_term_string}"},"query-input":{"@type":"PropertyValueSpecification","valueRequired":true,"valueName":"search_term_string"}}],"inLanguage":"ro-RO"}]}},"_links":{"self":[{"href":"https:\/\/ecohotelcrete.com\/ro\/wp-json\/wp\/v2\/pages\/3","targetHints":{"allow":["GET"]}}],"collection":[{"href":"https:\/\/ecohotelcrete.com\/ro\/wp-json\/wp\/v2\/pages"}],"about":[{"href":"https:\/\/ecohotelcrete.com\/ro\/wp-json\/wp\/v2\/types\/page"}],"author":[{"embeddable":true,"href":"https:\/\/ecohotelcrete.com\/ro\/wp-json\/wp\/v2\/users\/1"}],"replies":[{"embeddable":true,"href":"https:\/\/ecohotelcrete.com\/ro\/wp-json\/wp\/v2\/comments?post=3"}],"version-history":[{"count":0,"href":"https:\/\/ecohotelcrete.com\/ro\/wp-json\/wp\/v2\/pages\/3\/revisions"}],"wp:attachment":[{"href":"https:\/\/ecohotelcrete.com\/ro\/wp-json\/wp\/v2\/media?parent=3"}],"wp:term":[{"taxonomy":"category","embeddable":true,"href":"https:\/\/ecohotelcrete.com\/ro\/wp-json\/wp\/v2\/categories?post=3"},{"taxonomy":"post_tag","embeddable":true,"href":"https:\/\/ecohotelcrete.com\/ro\/wp-json\/wp\/v2\/tags?post=3"}],"curies":[{"name":"wp","href":"https:\/\/api.w.org\/{rel}","templated":true}]}}