{"id":3,"date":"2021-03-07T14:29:33","date_gmt":"2021-03-07T12:29:33","guid":{"rendered":"https:\/\/ecohotelcrete.com\/?page_id=3"},"modified":"2021-10-10T21:26:55","modified_gmt":"2021-10-10T18:26:55","slug":"privacy-policy","status":"publish","type":"page","link":"https:\/\/ecohotelcrete.com\/sk\/privacy-policy\/","title":{"rendered":"Z\u00e1sady ochrany osobn\u00fdch \u00fadajov"},"content":{"rendered":"<h2 class=\"wp-block-heading\">Kto sme<\/h2>\r\n\r\n\r\n\r\n<p>Na\u0161a webov\u00e1 adresa je: https:\/\/ecohotelcrete.com.<\/p>\r\n\r\n\r\n\r\n<h2 class=\"wp-block-heading\">Ak\u00e9 osobn\u00e9 \u00fadaje zhroma\u017e\u010fujeme a pre\u010do ich zhroma\u017e\u010fujeme<\/h2>\r\n\r\n\r\n\r\n<h3 class=\"wp-block-heading\">Koment\u00e1re<\/h3>\r\n\r\n\r\n\r\n<p>Ke\u010f n\u00e1v\u0161tevn\u00edci zanechaj\u00fa koment\u00e1re na str\u00e1nke, zhroma\u017e\u010fujeme \u00fadaje zobrazen\u00e9 vo formul\u00e1ri koment\u00e1rov, ako aj IP adresu n\u00e1v\u0161tevn\u00edka a re\u0165azec pou\u017e\u00edvate\u013esk\u00e9ho agenta prehliada\u010da, aby sme pomohli odhali\u0165 spam.<\/p>\r\n\r\n\r\n\r\n<p>Anonymizovan\u00fd re\u0165azec vytvoren\u00fd z va\u0161ej e-mailovej adresy (naz\u00fdvan\u00fd aj hash) m\u00f4\u017ee by\u0165 poskytnut\u00fd slu\u017ebe Gravatar, aby ste zistili, \u010di ju pou\u017e\u00edvate. Z\u00e1sady ochrany osobn\u00fdch \u00fadajov slu\u017eby Gravatar s\u00fa k dispoz\u00edcii tu: https:\/\/automattic.com\/privacy\/. Po schv\u00e1len\u00ed v\u00e1\u0161ho koment\u00e1ra bude v\u00e1\u0161 profilov\u00fd obr\u00e1zok vidite\u013en\u00fd pre verejnos\u0165 v kontexte v\u00e1\u0161ho koment\u00e1ra.<\/p>\r\n\r\n\r\n\r\n<h3 class=\"wp-block-heading\">M\u00e9di\u00e1<\/h3>\r\n\r\n\r\n\r\n<p>Ak odovzd\u00e1vate obr\u00e1zky na webov\u00fa str\u00e1nku, mali by ste sa vyhn\u00fa\u0165 nahr\u00e1vaniu obr\u00e1zkov s vlo\u017een\u00fdmi \u00fadajmi o polohe (EXIF GPS). N\u00e1v\u0161tevn\u00edci webovej str\u00e1nky si m\u00f4\u017eu stiahnu\u0165 a extrahova\u0165 ak\u00e9ko\u013evek \u00fadaje o polohe z obr\u00e1zkov na webovej str\u00e1nke.<\/p>\r\n\r\n\r\n\r\n<h3 class=\"wp-block-heading\">Kontaktn\u00e9 formul\u00e1re<\/h3>\r\n\r\n\r\n\r\n<h3 class=\"wp-block-heading\">Cookies<\/h3>\r\n\r\n\r\n\r\n<p>Ak na na\u0161ej str\u00e1nke zanech\u00e1te koment\u00e1r, m\u00f4\u017eete sa prihl\u00e1si\u0165 na ulo\u017eenie svojho mena, e-mailovej adresy a webovej str\u00e1nky do s\u00faborov cookie. S\u00fa to pre va\u0161e pohodlie, aby ste nemuseli znova vyp\u013a\u0148a\u0165 svoje \u00fadaje, ke\u010f zanech\u00e1te \u010fal\u0161\u00ed koment\u00e1r. Tieto cookies vydr\u017eia jeden rok.<\/p>\r\n\r\n\r\n\r\n<p>Ak nav\u0161t\u00edvite na\u0161u prihlasovaciu str\u00e1nku, nastav\u00edme do\u010dasn\u00fd s\u00fabor cookie, ktor\u00fd ur\u010d\u00ed, \u010di v\u00e1\u0161 prehliada\u010d prij\u00edma s\u00fabory cookie. Tento s\u00fabor cookie neobsahuje \u017eiadne osobn\u00e9 \u00fadaje a po zatvoren\u00ed prehliada\u010da sa zahod\u00ed.<\/p>\r\n\r\n\r\n\r\n<p>Ke\u010f sa prihl\u00e1site, nastav\u00edme tie\u017e nieko\u013eko s\u00faborov cookie na ulo\u017eenie va\u0161ich prihlasovac\u00edch inform\u00e1ci\u00ed a va\u0161ich mo\u017enost\u00ed zobrazenia obrazovky. Prihlasovacie s\u00fabory cookie trvaj\u00fa dva dni a s\u00fabory cookie mo\u017enost\u00ed obrazovky trvaj\u00fa jeden rok. Ak vyberiete mo\u017enos\u0165 \u201eZapam\u00e4ta\u0165 si ma\u201c, va\u0161e prihl\u00e1senie bude trva\u0165 dva t\u00fd\u017edne. Ak sa odhl\u00e1site zo svojho \u00fa\u010dtu, prihlasovacie s\u00fabory cookie bud\u00fa odstr\u00e1nen\u00e9.<\/p>\r\n\r\n\r\n\r\n<p>Ak uprav\u00edte alebo zverejn\u00edte \u010dl\u00e1nok, vo va\u0161om prehliada\u010di sa ulo\u017e\u00ed dodato\u010dn\u00fd s\u00fabor cookie. Tento s\u00fabor cookie neobsahuje \u017eiadne osobn\u00e9 \u00fadaje a jednoducho ozna\u010duje ID pr\u00edspevku \u010dl\u00e1nku, ktor\u00fd ste pr\u00e1ve upravili. Jeho platnos\u0165 vypr\u0161\u00ed po 1 dni.<\/p>\r\n\r\n\r\n\r\n<h3 class=\"wp-block-heading\">Vlo\u017een\u00fd obsah z in\u00fdch webov\u00fdch str\u00e1nok<\/h3>\r\n\r\n\r\n\r\n<p>\u010cl\u00e1nky na tejto str\u00e1nke m\u00f4\u017eu obsahova\u0165 vlo\u017een\u00fd obsah (napr. vide\u00e1, obr\u00e1zky, \u010dl\u00e1nky at\u010f.). Vlo\u017een\u00fd obsah z in\u00fdch webov\u00fdch str\u00e1nok sa spr\u00e1va \u00faplne rovnako, ako keby n\u00e1v\u0161tevn\u00edk nav\u0161t\u00edvil in\u00fa webov\u00fa str\u00e1nku.<\/p>\r\n\r\n\r\n\r\n<p>Tieto webov\u00e9 str\u00e1nky m\u00f4\u017eu o v\u00e1s zhroma\u017e\u010fova\u0165 \u00fadaje, pou\u017e\u00edva\u0165 s\u00fabory cookie, vklada\u0165 \u010fal\u0161ie sledovanie tret\u00edch str\u00e1n a monitorova\u0165 va\u0161u interakciu s t\u00fdmto vlo\u017een\u00fdm obsahom vr\u00e1tane sledovania va\u0161ej interakcie s vlo\u017een\u00fdm obsahom, ak m\u00e1te \u00fa\u010det a ste na danej webovej lokalite prihl\u00e1sen\u00ed.<\/p>\r\n\r\n\r\n\r\n<h3 class=\"wp-block-heading\">Analytics<\/h3>\r\n\r\n\r\n\r\n<h2 class=\"wp-block-heading\">S k\u00fdm zdie\u013eame va\u0161e \u00fadaje<\/h2>\r\n\r\n\r\n\r\n<p>Ak po\u017eiadate o obnovenie hesla, va\u0161a IP adresa bude zahrnut\u00e1 v e-maile na obnovenie.<\/p>\r\n\r\n\r\n\r\n<h2 class=\"wp-block-heading\">Ako dlho uchov\u00e1vame va\u0161e \u00fadaje<\/h2>\r\n\r\n\r\n\r\n<p>Ak zanech\u00e1te koment\u00e1r, koment\u00e1r a jeho metad\u00e1ta sa uchovaj\u00fa na neur\u010dito. Je to preto, aby sme mohli automaticky rozpozna\u0165 a schv\u00e1li\u0165 ak\u00e9ko\u013evek n\u00e1sledn\u00e9 koment\u00e1re namiesto toho, aby sme ich zaradili do poradia na moderovanie.<\/p>\r\n\r\n\r\n\r\n<p>Pre pou\u017e\u00edvate\u013eov, ktor\u00ed sa zaregistruj\u00fa na na\u0161ej webovej str\u00e1nke (ak existuj\u00fa), uklad\u00e1me osobn\u00e9 \u00fadaje, ktor\u00e9 n\u00e1m poskytn\u00fa, aj v ich pou\u017e\u00edvate\u013eskom profile. V\u0161etci pou\u017e\u00edvatelia m\u00f4\u017eu kedyko\u013evek zobrazi\u0165, upravi\u0165 alebo odstr\u00e1ni\u0165 svoje osobn\u00e9 \u00fadaje (okrem toho, \u017ee nem\u00f4\u017eu zmeni\u0165 svoje pou\u017e\u00edvate\u013esk\u00e9 meno). Spr\u00e1vcovia webov\u00fdch str\u00e1nok m\u00f4\u017eu tie\u017e zobrazi\u0165 a upravi\u0165 tieto inform\u00e1cie.<\/p>\r\n\r\n\r\n\r\n<h2 class=\"wp-block-heading\">Ak\u00e9 pr\u00e1va m\u00e1te k svojim \u00fadajom<\/h2>\r\n\r\n\r\n\r\n<p>Ak m\u00e1te \u00fa\u010det na tejto str\u00e1nke alebo ste pridali koment\u00e1re, m\u00f4\u017eete po\u017eiada\u0165 o zaslanie exportovan\u00e9ho s\u00faboru osobn\u00fdch \u00fadajov, ktor\u00e9 o v\u00e1s uchov\u00e1vame, vr\u00e1tane v\u0161etk\u00fdch \u00fadajov, ktor\u00e9 ste n\u00e1m poskytli. M\u00f4\u017eete tie\u017e po\u017eiada\u0165, aby sme vymazali v\u0161etky osobn\u00e9 \u00fadaje, ktor\u00e9 o v\u00e1s uchov\u00e1vame. To nezah\u0155\u0148a \u017eiadne \u00fadaje, ktor\u00e9 sme povinn\u00ed uchov\u00e1va\u0165 na administrat\u00edvne, pr\u00e1vne alebo bezpe\u010dnostn\u00e9 \u00fa\u010dely.<\/p>\r\n\r\n\r\n\r\n<h2 class=\"wp-block-heading\">Kam posielame va\u0161e \u00fadaje<\/h2>\r\n\r\n\r\n\r\n<p>Koment\u00e1re n\u00e1v\u0161tevn\u00edkov m\u00f4\u017eu by\u0165 kontrolovan\u00e9 prostredn\u00edctvom slu\u017eby automatizovanej detekcie spamu.<\/p>\r\n\r\n\r\n\r\n<h2 class=\"wp-block-heading\">Va\u0161e kontaktn\u00e9 \u00fadaje<\/h2>\r\n\r\n\r\n\r\n<h2 class=\"wp-block-heading\">\u010eal\u0161ie inform\u00e1cie<\/h2>\r\n\r\n\r\n\r\n<h3 class=\"wp-block-heading\">Ako chr\u00e1nime va\u0161e \u00fadaje<\/h3>\r\n\r\n\r\n\r\n<h3 class=\"wp-block-heading\">Ak\u00e9 postupy pri poru\u0161en\u00ed ochrany \u00fadajov m\u00e1me zaveden\u00e9<\/h3>\r\n\r\n\r\n\r\n<h3 class=\"wp-block-heading\">Od ak\u00fdch tret\u00edch str\u00e1n z\u00edskavame \u00fadaje<\/h3>\r\n\r\n\r\n\r\n<h3 class=\"wp-block-heading\">Ak\u00e9 automatizovan\u00e9 rozhodovanie a\/alebo profilovanie rob\u00edme s pou\u017e\u00edvate\u013esk\u00fdmi \u00fadajmi<\/h3>\r\n\r\n\r\n\r\n<h3 class=\"wp-block-heading\">Odvetvov\u00e9 regula\u010dn\u00e9 po\u017eiadavky na zverej\u0148ovanie<\/h3>","protected":false},"excerpt":{"rendered":"<p>Kto sme Na\u0161a webov\u00e1 adresa je: https:\/\/ecohotelcrete.com. Ak\u00e9 osobn\u00e9 \u00fadaje zhroma\u017e\u010fujeme a pre\u010do ich zhroma\u017e\u010fujeme Koment\u00e1re Ke\u010f n\u00e1v\u0161tevn\u00edci zanechaj\u00fa koment\u00e1re na str\u00e1nke, zhroma\u017e\u010fujeme \u00fadaje zobrazen\u00e9 vo formul\u00e1ri koment\u00e1rov, ako aj IP adresu n\u00e1v\u0161tevn\u00edka a re\u0165azec pou\u017e\u00edvate\u013esk\u00e9ho agenta prehliada\u010da, aby sme pomohli pri detekcii spamu. Anonymizovan\u00fd re\u0165azec vytvoren\u00fd z [\u2026]<\/p>","protected":false},"author":1,"featured_media":0,"parent":0,"menu_order":0,"comment_status":"closed","ping_status":"closed","template":"","meta":{"footnotes":""},"categories":[],"tags":[],"class_list":["post-3","page","type-page","status-publish","hentry"],"yoast_head":"<!-- This site is optimized with the Yoast SEO plugin v26.7 - https:\/\/yoast.com\/wordpress\/plugins\/seo\/ -->\n<title>Privacy Policy - Ecotourism on Crete: Mourtzanakis ecotourism hotel<\/title>\n<meta name=\"description\" content=\"Privacy policy of Mourtzanakis eco lodge. Sustainable travel and ecotourism holidays on Crete.\" \/>\n<meta name=\"robots\" content=\"index, follow, max-snippet:-1, max-image-preview:large, max-video-preview:-1\" \/>\n<link rel=\"canonical\" href=\"https:\/\/ecohotelcrete.com\/sk\/privacy-policy\/\" \/>\n<meta property=\"og:locale\" content=\"sk_SK\" \/>\n<meta property=\"og:type\" content=\"article\" \/>\n<meta property=\"og:title\" content=\"Privacy Policy - Ecotourism on Crete: Mourtzanakis ecotourism hotel\" \/>\n<meta property=\"og:description\" content=\"Privacy policy of Mourtzanakis eco lodge. Sustainable travel and ecotourism holidays on Crete.\" \/>\n<meta property=\"og:url\" content=\"https:\/\/ecohotelcrete.com\/sk\/privacy-policy\/\" \/>\n<meta property=\"og:site_name\" content=\"Ecotourism on Crete: Mourtzanakis ecotourism hotel on Crete Greece\" \/>\n<meta property=\"article:modified_time\" content=\"2021-10-10T18:26:55+00:00\" \/>\n<meta name=\"twitter:card\" content=\"summary_large_image\" \/>\n<meta name=\"twitter:label1\" content=\"Predpokladan\u00fd \u010das \u010d\u00edtania\" \/>\n\t<meta name=\"twitter:data1\" content=\"3 min\u00faty\" \/>\n<script type=\"application\/ld+json\" class=\"yoast-schema-graph\">{\"@context\":\"https:\/\/schema.org\",\"@graph\":[{\"@type\":\"WebPage\",\"@id\":\"https:\/\/ecohotelcrete.com\/privacy-policy\/\",\"url\":\"https:\/\/ecohotelcrete.com\/privacy-policy\/\",\"name\":\"Privacy Policy - Ecotourism on Crete: Mourtzanakis ecotourism hotel\",\"isPartOf\":{\"@id\":\"https:\/\/ecohotelcrete.com\/cs\/#website\"},\"datePublished\":\"2021-03-07T12:29:33+00:00\",\"dateModified\":\"2021-10-10T18:26:55+00:00\",\"description\":\"Privacy policy of Mourtzanakis eco lodge. Sustainable travel and ecotourism holidays on Crete.\",\"breadcrumb\":{\"@id\":\"https:\/\/ecohotelcrete.com\/privacy-policy\/#breadcrumb\"},\"inLanguage\":\"sk-SK\",\"potentialAction\":[{\"@type\":\"ReadAction\",\"target\":[\"https:\/\/ecohotelcrete.com\/privacy-policy\/\"]}]},{\"@type\":\"BreadcrumbList\",\"@id\":\"https:\/\/ecohotelcrete.com\/privacy-policy\/#breadcrumb\",\"itemListElement\":[{\"@type\":\"ListItem\",\"position\":1,\"name\":\"Home\",\"item\":\"https:\/\/ecohotelcrete.com\/cs\/\"},{\"@type\":\"ListItem\",\"position\":2,\"name\":\"Privacy Policy\"}]},{\"@type\":\"WebSite\",\"@id\":\"https:\/\/ecohotelcrete.com\/cs\/#website\",\"url\":\"https:\/\/ecohotelcrete.com\/cs\/\",\"name\":\"Ecotourism on Crete: Mourtzanakis ecotourism hotel on Crete Greece\",\"description\":\"Crete Greece: Ecotourism hotel (4 independent luxury Villas) for holidays in the nature of Crete Island. An ecotourism hotel with sensational views\",\"potentialAction\":[{\"@type\":\"SearchAction\",\"target\":{\"@type\":\"EntryPoint\",\"urlTemplate\":\"https:\/\/ecohotelcrete.com\/cs\/?s={search_term_string}\"},\"query-input\":{\"@type\":\"PropertyValueSpecification\",\"valueRequired\":true,\"valueName\":\"search_term_string\"}}],\"inLanguage\":\"sk-SK\"}]}<\/script>\n<!-- \/ Yoast SEO plugin. -->","yoast_head_json":{"title":"Z\u00e1sady ochrany osobn\u00fdch \u00fadajov \u2013 Ekoturizmus na Kr\u00e9te: Hotel ekoturizmu Mourtzanakis","description":"Z\u00e1sady ochrany osobn\u00fdch \u00fadajov Mourtzanakis eco lodge. Udr\u017eate\u013en\u00e9 cestovanie a ekoturistick\u00e9 dovolenky na Kr\u00e9te.","robots":{"index":"index","follow":"follow","max-snippet":"max-snippet:-1","max-image-preview":"max-image-preview:large","max-video-preview":"max-video-preview:-1"},"canonical":"https:\/\/ecohotelcrete.com\/sk\/privacy-policy\/","og_locale":"sk_SK","og_type":"article","og_title":"Privacy Policy - Ecotourism on Crete: Mourtzanakis ecotourism hotel","og_description":"Privacy policy of Mourtzanakis eco lodge. Sustainable travel and ecotourism holidays on Crete.","og_url":"https:\/\/ecohotelcrete.com\/sk\/privacy-policy\/","og_site_name":"Ecotourism on Crete: Mourtzanakis ecotourism hotel on Crete Greece","article_modified_time":"2021-10-10T18:26:55+00:00","twitter_card":"summary_large_image","twitter_misc":{"Predpokladan\u00fd \u010das \u010d\u00edtania":"3 min\u00faty"},"schema":{"@context":"https:\/\/schema.org","@graph":[{"@type":"WebPage","@id":"https:\/\/ecohotelcrete.com\/privacy-policy\/","url":"https:\/\/ecohotelcrete.com\/privacy-policy\/","name":"Z\u00e1sady ochrany osobn\u00fdch \u00fadajov \u2013 Ekoturizmus na Kr\u00e9te: Hotel ekoturizmu Mourtzanakis","isPartOf":{"@id":"https:\/\/ecohotelcrete.com\/cs\/#website"},"datePublished":"2021-03-07T12:29:33+00:00","dateModified":"2021-10-10T18:26:55+00:00","description":"Z\u00e1sady ochrany osobn\u00fdch \u00fadajov Mourtzanakis eco lodge. Udr\u017eate\u013en\u00e9 cestovanie a ekoturistick\u00e9 dovolenky na Kr\u00e9te.","breadcrumb":{"@id":"https:\/\/ecohotelcrete.com\/privacy-policy\/#breadcrumb"},"inLanguage":"sk-SK","potentialAction":[{"@type":"ReadAction","target":["https:\/\/ecohotelcrete.com\/privacy-policy\/"]}]},{"@type":"BreadcrumbList","@id":"https:\/\/ecohotelcrete.com\/privacy-policy\/#breadcrumb","itemListElement":[{"@type":"ListItem","position":1,"name":"Home","item":"https:\/\/ecohotelcrete.com\/cs\/"},{"@type":"ListItem","position":2,"name":"Privacy Policy"}]},{"@type":"WebSite","@id":"https:\/\/ecohotelcrete.com\/cs\/#website","url":"https:\/\/ecohotelcrete.com\/cs\/","name":"Ekoturizmus na Kr\u00e9te: Ekoturistick\u00fd hotel Mourtzanakis na Kr\u00e9te Gr\u00e9cko","description":"Kr\u00e9ta Gr\u00e9cko: Ekoturistick\u00fd hotel (4 samostatn\u00e9 luxusn\u00e9 vily) pre dovolenku v pr\u00edrode ostrova Kr\u00e9ta. Ekoturistick\u00fd hotel so senza\u010dn\u00fdm v\u00fdh\u013eadom","potentialAction":[{"@type":"SearchAction","target":{"@type":"EntryPoint","urlTemplate":"https:\/\/ecohotelcrete.com\/cs\/?s={search_term_string}"},"query-input":{"@type":"PropertyValueSpecification","valueRequired":true,"valueName":"search_term_string"}}],"inLanguage":"sk-SK"}]}},"_links":{"self":[{"href":"https:\/\/ecohotelcrete.com\/sk\/wp-json\/wp\/v2\/pages\/3","targetHints":{"allow":["GET"]}}],"collection":[{"href":"https:\/\/ecohotelcrete.com\/sk\/wp-json\/wp\/v2\/pages"}],"about":[{"href":"https:\/\/ecohotelcrete.com\/sk\/wp-json\/wp\/v2\/types\/page"}],"author":[{"embeddable":true,"href":"https:\/\/ecohotelcrete.com\/sk\/wp-json\/wp\/v2\/users\/1"}],"replies":[{"embeddable":true,"href":"https:\/\/ecohotelcrete.com\/sk\/wp-json\/wp\/v2\/comments?post=3"}],"version-history":[{"count":0,"href":"https:\/\/ecohotelcrete.com\/sk\/wp-json\/wp\/v2\/pages\/3\/revisions"}],"wp:attachment":[{"href":"https:\/\/ecohotelcrete.com\/sk\/wp-json\/wp\/v2\/media?parent=3"}],"wp:term":[{"taxonomy":"category","embeddable":true,"href":"https:\/\/ecohotelcrete.com\/sk\/wp-json\/wp\/v2\/categories?post=3"},{"taxonomy":"post_tag","embeddable":true,"href":"https:\/\/ecohotelcrete.com\/sk\/wp-json\/wp\/v2\/tags?post=3"}],"curies":[{"name":"wp","href":"https:\/\/api.w.org\/{rel}","templated":true}]}}