{"id":638,"date":"2021-09-08T17:51:25","date_gmt":"2021-09-08T14:51:25","guid":{"rendered":"https:\/\/ecohotelcrete.com\/?page_id=638"},"modified":"2021-10-10T19:40:05","modified_gmt":"2021-10-10T16:40:05","slug":"scuba-diving","status":"publish","type":"page","link":"https:\/\/ecohotelcrete.com\/sk\/scuba-diving\/","title":{"rendered":"Z\u00e1\u017eitky s pot\u00e1pan\u00edm na Kr\u00e9te Gr\u00e9cko"},"content":{"rendered":"","protected":false},"excerpt":{"rendered":"","protected":false},"author":1,"featured_media":0,"parent":0,"menu_order":0,"comment_status":"closed","ping_status":"closed","template":"","meta":{"footnotes":""},"categories":[],"tags":[],"class_list":["post-638","page","type-page","status-publish","hentry"],"yoast_head":"<!-- This site is optimized with the Yoast SEO plugin v26.7 - https:\/\/yoast.com\/wordpress\/plugins\/seo\/ -->\n<title>Scuba Diving experiences on Crete Greece - Mourtzanakis Eco Hotel<\/title>\n<meta name=\"description\" content=\"Ecotourism Activities on Crete - experience Scuba Diving at the shores of the island of Crete Greece\" \/>\n<meta name=\"robots\" content=\"index, follow, max-snippet:-1, max-image-preview:large, max-video-preview:-1\" \/>\n<link rel=\"canonical\" href=\"https:\/\/ecohotelcrete.com\/sk\/scuba-diving\/\" \/>\n<meta property=\"og:locale\" content=\"sk_SK\" \/>\n<meta property=\"og:type\" content=\"article\" \/>\n<meta property=\"og:title\" content=\"Scuba Diving experiences on Crete Greece - Mourtzanakis Eco Hotel\" \/>\n<meta property=\"og:description\" content=\"Ecotourism Activities on Crete - experience Scuba Diving at the shores of the island of Crete Greece\" \/>\n<meta property=\"og:url\" content=\"https:\/\/ecohotelcrete.com\/sk\/scuba-diving\/\" \/>\n<meta property=\"og:site_name\" content=\"Ecotourism on Crete: Mourtzanakis ecotourism hotel on Crete Greece\" \/>\n<meta property=\"article:modified_time\" content=\"2021-10-10T16:40:05+00:00\" \/>\n<meta name=\"twitter:card\" content=\"summary_large_image\" \/>\n<script type=\"application\/ld+json\" class=\"yoast-schema-graph\">{\"@context\":\"https:\/\/schema.org\",\"@graph\":[{\"@type\":\"WebPage\",\"@id\":\"https:\/\/ecohotelcrete.com\/scuba-diving\/\",\"url\":\"https:\/\/ecohotelcrete.com\/scuba-diving\/\",\"name\":\"Scuba Diving experiences on Crete Greece - Mourtzanakis Eco Hotel\",\"isPartOf\":{\"@id\":\"https:\/\/ecohotelcrete.com\/cs\/#website\"},\"datePublished\":\"2021-09-08T14:51:25+00:00\",\"dateModified\":\"2021-10-10T16:40:05+00:00\",\"description\":\"Ecotourism Activities on Crete - experience Scuba Diving at the shores of the island of Crete Greece\",\"breadcrumb\":{\"@id\":\"https:\/\/ecohotelcrete.com\/scuba-diving\/#breadcrumb\"},\"inLanguage\":\"sk-SK\",\"potentialAction\":[{\"@type\":\"ReadAction\",\"target\":[\"https:\/\/ecohotelcrete.com\/scuba-diving\/\"]}]},{\"@type\":\"BreadcrumbList\",\"@id\":\"https:\/\/ecohotelcrete.com\/scuba-diving\/#breadcrumb\",\"itemListElement\":[{\"@type\":\"ListItem\",\"position\":1,\"name\":\"Home\",\"item\":\"https:\/\/ecohotelcrete.com\/cs\/\"},{\"@type\":\"ListItem\",\"position\":2,\"name\":\"Scuba Diving experiences on Crete Greece\"}]},{\"@type\":\"WebSite\",\"@id\":\"https:\/\/ecohotelcrete.com\/cs\/#website\",\"url\":\"https:\/\/ecohotelcrete.com\/cs\/\",\"name\":\"Ecotourism on Crete: Mourtzanakis ecotourism hotel on Crete Greece\",\"description\":\"Crete Greece: Ecotourism hotel (4 independent luxury Villas) for holidays in the nature of Crete Island. An ecotourism hotel with sensational views\",\"potentialAction\":[{\"@type\":\"SearchAction\",\"target\":{\"@type\":\"EntryPoint\",\"urlTemplate\":\"https:\/\/ecohotelcrete.com\/cs\/?s={search_term_string}\"},\"query-input\":{\"@type\":\"PropertyValueSpecification\",\"valueRequired\":true,\"valueName\":\"search_term_string\"}}],\"inLanguage\":\"sk-SK\"}]}<\/script>\n<!-- \/ Yoast SEO plugin. -->","yoast_head_json":{"title":"Z\u00e1\u017eitky z pot\u00e1pania na Kr\u00e9te Gr\u00e9cko - Mourtzanakis Eco Hotel","description":"Ekoturistick\u00e9 aktivity na Kr\u00e9te - za\u017eite pot\u00e1panie na pobre\u017e\u00ed ostrova Kr\u00e9ta Gr\u00e9cko","robots":{"index":"index","follow":"follow","max-snippet":"max-snippet:-1","max-image-preview":"max-image-preview:large","max-video-preview":"max-video-preview:-1"},"canonical":"https:\/\/ecohotelcrete.com\/sk\/scuba-diving\/","og_locale":"sk_SK","og_type":"article","og_title":"Scuba Diving experiences on Crete Greece - Mourtzanakis Eco Hotel","og_description":"Ecotourism Activities on Crete - experience Scuba Diving at the shores of the island of Crete Greece","og_url":"https:\/\/ecohotelcrete.com\/sk\/scuba-diving\/","og_site_name":"Ecotourism on Crete: Mourtzanakis ecotourism hotel on Crete Greece","article_modified_time":"2021-10-10T16:40:05+00:00","twitter_card":"summary_large_image","schema":{"@context":"https:\/\/schema.org","@graph":[{"@type":"WebPage","@id":"https:\/\/ecohotelcrete.com\/scuba-diving\/","url":"https:\/\/ecohotelcrete.com\/scuba-diving\/","name":"Z\u00e1\u017eitky z pot\u00e1pania na Kr\u00e9te Gr\u00e9cko - Mourtzanakis Eco Hotel","isPartOf":{"@id":"https:\/\/ecohotelcrete.com\/cs\/#website"},"datePublished":"2021-09-08T14:51:25+00:00","dateModified":"2021-10-10T16:40:05+00:00","description":"Ekoturistick\u00e9 aktivity na Kr\u00e9te - za\u017eite pot\u00e1panie na pobre\u017e\u00ed ostrova Kr\u00e9ta Gr\u00e9cko","breadcrumb":{"@id":"https:\/\/ecohotelcrete.com\/scuba-diving\/#breadcrumb"},"inLanguage":"sk-SK","potentialAction":[{"@type":"ReadAction","target":["https:\/\/ecohotelcrete.com\/scuba-diving\/"]}]},{"@type":"BreadcrumbList","@id":"https:\/\/ecohotelcrete.com\/scuba-diving\/#breadcrumb","itemListElement":[{"@type":"ListItem","position":1,"name":"Home","item":"https:\/\/ecohotelcrete.com\/cs\/"},{"@type":"ListItem","position":2,"name":"Scuba Diving experiences on Crete Greece"}]},{"@type":"WebSite","@id":"https:\/\/ecohotelcrete.com\/cs\/#website","url":"https:\/\/ecohotelcrete.com\/cs\/","name":"Ekoturizmus na Kr\u00e9te: Ekoturistick\u00fd hotel Mourtzanakis na Kr\u00e9te Gr\u00e9cko","description":"Kr\u00e9ta Gr\u00e9cko: Ekoturistick\u00fd hotel (4 samostatn\u00e9 luxusn\u00e9 vily) pre dovolenku v pr\u00edrode ostrova Kr\u00e9ta. Ekoturistick\u00fd hotel so senza\u010dn\u00fdm v\u00fdh\u013eadom","potentialAction":[{"@type":"SearchAction","target":{"@type":"EntryPoint","urlTemplate":"https:\/\/ecohotelcrete.com\/cs\/?s={search_term_string}"},"query-input":{"@type":"PropertyValueSpecification","valueRequired":true,"valueName":"search_term_string"}}],"inLanguage":"sk-SK"}]}},"_links":{"self":[{"href":"https:\/\/ecohotelcrete.com\/sk\/wp-json\/wp\/v2\/pages\/638","targetHints":{"allow":["GET"]}}],"collection":[{"href":"https:\/\/ecohotelcrete.com\/sk\/wp-json\/wp\/v2\/pages"}],"about":[{"href":"https:\/\/ecohotelcrete.com\/sk\/wp-json\/wp\/v2\/types\/page"}],"author":[{"embeddable":true,"href":"https:\/\/ecohotelcrete.com\/sk\/wp-json\/wp\/v2\/users\/1"}],"replies":[{"embeddable":true,"href":"https:\/\/ecohotelcrete.com\/sk\/wp-json\/wp\/v2\/comments?post=638"}],"version-history":[{"count":0,"href":"https:\/\/ecohotelcrete.com\/sk\/wp-json\/wp\/v2\/pages\/638\/revisions"}],"wp:attachment":[{"href":"https:\/\/ecohotelcrete.com\/sk\/wp-json\/wp\/v2\/media?parent=638"}],"wp:term":[{"taxonomy":"category","embeddable":true,"href":"https:\/\/ecohotelcrete.com\/sk\/wp-json\/wp\/v2\/categories?post=638"},{"taxonomy":"post_tag","embeddable":true,"href":"https:\/\/ecohotelcrete.com\/sk\/wp-json\/wp\/v2\/tags?post=638"}],"curies":[{"name":"wp","href":"https:\/\/api.w.org\/{rel}","templated":true}]}}