{"id":194,"date":"2021-03-09T02:02:10","date_gmt":"2021-03-09T00:02:10","guid":{"rendered":"https:\/\/ecohotelcrete.com\/?page_id=194"},"modified":"2021-10-10T18:58:51","modified_gmt":"2021-10-10T15:58:51","slug":"confortable-eco-villas","status":"publish","type":"page","link":"https:\/\/ecohotelcrete.com\/sl\/confortable-eco-villas\/","title":{"rendered":"Udobne vile - Eko hotelska namestitev na Kreti"},"content":{"rendered":"","protected":false},"excerpt":{"rendered":"","protected":false},"author":1,"featured_media":0,"parent":0,"menu_order":0,"comment_status":"closed","ping_status":"closed","template":"","meta":{"footnotes":""},"categories":[],"tags":[],"class_list":["post-194","page","type-page","status-publish","hentry"],"yoast_head":"<!-- This site is optimized with the Yoast SEO plugin v26.7 - https:\/\/yoast.com\/wordpress\/plugins\/seo\/ -->\n<title>Confortable Eco Villas - Ecotourism hotel on Crete Greece<\/title>\n<meta name=\"description\" content=\"Comfortable Eco villas on Crete Greece. Eco hotel accommodation on the island of Crete. Eco tourism holidays in Greece.\" \/>\n<meta name=\"robots\" content=\"index, follow, max-snippet:-1, max-image-preview:large, max-video-preview:-1\" \/>\n<link rel=\"canonical\" href=\"https:\/\/ecohotelcrete.com\/sl\/confortable-eco-villas\/\" \/>\n<meta property=\"og:locale\" content=\"sl_SI\" \/>\n<meta property=\"og:type\" content=\"article\" \/>\n<meta property=\"og:title\" content=\"Confortable Eco Villas - Ecotourism hotel on Crete Greece\" \/>\n<meta property=\"og:description\" content=\"Comfortable Eco villas on Crete Greece. Eco hotel accommodation on the island of Crete. Eco tourism holidays in Greece.\" \/>\n<meta property=\"og:url\" content=\"https:\/\/ecohotelcrete.com\/sl\/confortable-eco-villas\/\" \/>\n<meta property=\"og:site_name\" content=\"Ecotourism on Crete: Mourtzanakis ecotourism hotel on Crete Greece\" \/>\n<meta property=\"article:modified_time\" content=\"2021-10-10T15:58:51+00:00\" \/>\n<meta name=\"twitter:card\" content=\"summary_large_image\" \/>\n<script type=\"application\/ld+json\" class=\"yoast-schema-graph\">{\"@context\":\"https:\/\/schema.org\",\"@graph\":[{\"@type\":\"WebPage\",\"@id\":\"https:\/\/ecohotelcrete.com\/de\/confortable-eco-villas\/\",\"url\":\"https:\/\/ecohotelcrete.com\/de\/confortable-eco-villas\/\",\"name\":\"Confortable Eco Villas - Ecotourism hotel on Crete Greece\",\"isPartOf\":{\"@id\":\"https:\/\/ecohotelcrete.com\/cs\/#website\"},\"datePublished\":\"2021-03-09T00:02:10+00:00\",\"dateModified\":\"2021-10-10T15:58:51+00:00\",\"description\":\"Comfortable Eco villas on Crete Greece. Eco hotel accommodation on the island of Crete. Eco tourism holidays in Greece.\",\"breadcrumb\":{\"@id\":\"https:\/\/ecohotelcrete.com\/de\/confortable-eco-villas\/#breadcrumb\"},\"inLanguage\":\"sl-SI\",\"potentialAction\":[{\"@type\":\"ReadAction\",\"target\":[\"https:\/\/ecohotelcrete.com\/de\/confortable-eco-villas\/\"]}]},{\"@type\":\"BreadcrumbList\",\"@id\":\"https:\/\/ecohotelcrete.com\/de\/confortable-eco-villas\/#breadcrumb\",\"itemListElement\":[{\"@type\":\"ListItem\",\"position\":1,\"name\":\"Home\",\"item\":\"https:\/\/ecohotelcrete.com\/cs\/\"},{\"@type\":\"ListItem\",\"position\":2,\"name\":\"Confortable Villas - Eco hotel accommodation on Crete\"}]},{\"@type\":\"WebSite\",\"@id\":\"https:\/\/ecohotelcrete.com\/cs\/#website\",\"url\":\"https:\/\/ecohotelcrete.com\/cs\/\",\"name\":\"Ecotourism on Crete: Mourtzanakis ecotourism hotel on Crete Greece\",\"description\":\"Crete Greece: Ecotourism hotel (4 independent luxury Villas) for holidays in the nature of Crete Island. An ecotourism hotel with sensational views\",\"potentialAction\":[{\"@type\":\"SearchAction\",\"target\":{\"@type\":\"EntryPoint\",\"urlTemplate\":\"https:\/\/ecohotelcrete.com\/cs\/?s={search_term_string}\"},\"query-input\":{\"@type\":\"PropertyValueSpecification\",\"valueRequired\":true,\"valueName\":\"search_term_string\"}}],\"inLanguage\":\"sl-SI\"}]}<\/script>\n<!-- \/ Yoast SEO plugin. -->","yoast_head_json":{"title":"Udobne Eco Villas - Ekoturisti\u010dni hotel na Kreti v Gr\u010diji","description":"Udobne ekolo\u0161ke vile na Kreti v Gr\u010diji. Namestitev v eko hotelu na otoku Kreta. Ekolo\u0161ke po\u010ditnice v Gr\u010diji.","robots":{"index":"index","follow":"follow","max-snippet":"max-snippet:-1","max-image-preview":"max-image-preview:large","max-video-preview":"max-video-preview:-1"},"canonical":"https:\/\/ecohotelcrete.com\/sl\/confortable-eco-villas\/","og_locale":"sl_SI","og_type":"article","og_title":"Confortable Eco Villas - Ecotourism hotel on Crete Greece","og_description":"Comfortable Eco villas on Crete Greece. Eco hotel accommodation on the island of Crete. Eco tourism holidays in Greece.","og_url":"https:\/\/ecohotelcrete.com\/sl\/confortable-eco-villas\/","og_site_name":"Ecotourism on Crete: Mourtzanakis ecotourism hotel on Crete Greece","article_modified_time":"2021-10-10T15:58:51+00:00","twitter_card":"summary_large_image","schema":{"@context":"https:\/\/schema.org","@graph":[{"@type":"WebPage","@id":"https:\/\/ecohotelcrete.com\/de\/confortable-eco-villas\/","url":"https:\/\/ecohotelcrete.com\/de\/confortable-eco-villas\/","name":"Udobne Eco Villas - Ekoturisti\u010dni hotel na Kreti v Gr\u010diji","isPartOf":{"@id":"https:\/\/ecohotelcrete.com\/cs\/#website"},"datePublished":"2021-03-09T00:02:10+00:00","dateModified":"2021-10-10T15:58:51+00:00","description":"Udobne ekolo\u0161ke vile na Kreti v Gr\u010diji. Namestitev v eko hotelu na otoku Kreta. Ekolo\u0161ke po\u010ditnice v Gr\u010diji.","breadcrumb":{"@id":"https:\/\/ecohotelcrete.com\/de\/confortable-eco-villas\/#breadcrumb"},"inLanguage":"sl-SI","potentialAction":[{"@type":"ReadAction","target":["https:\/\/ecohotelcrete.com\/de\/confortable-eco-villas\/"]}]},{"@type":"BreadcrumbList","@id":"https:\/\/ecohotelcrete.com\/de\/confortable-eco-villas\/#breadcrumb","itemListElement":[{"@type":"ListItem","position":1,"name":"Home","item":"https:\/\/ecohotelcrete.com\/cs\/"},{"@type":"ListItem","position":2,"name":"Confortable Villas - Eco hotel accommodation on Crete"}]},{"@type":"WebSite","@id":"https:\/\/ecohotelcrete.com\/cs\/#website","url":"https:\/\/ecohotelcrete.com\/cs\/","name":"Ekoturizem na Kreti: Ekoturisti\u010dni hotel Mourtzanakis na Kreti v Gr\u010diji","description":"Kreta Gr\u010dija: Ekoturisti\u010dni hotel (4 samostojne luksuzne vile) za po\u010ditnice v naravi otoka Kreta. Ekoturisti\u010dni hotel s senzacionalnimi razgledi","potentialAction":[{"@type":"SearchAction","target":{"@type":"EntryPoint","urlTemplate":"https:\/\/ecohotelcrete.com\/cs\/?s={search_term_string}"},"query-input":{"@type":"PropertyValueSpecification","valueRequired":true,"valueName":"search_term_string"}}],"inLanguage":"sl-SI"}]}},"_links":{"self":[{"href":"https:\/\/ecohotelcrete.com\/sl\/wp-json\/wp\/v2\/pages\/194","targetHints":{"allow":["GET"]}}],"collection":[{"href":"https:\/\/ecohotelcrete.com\/sl\/wp-json\/wp\/v2\/pages"}],"about":[{"href":"https:\/\/ecohotelcrete.com\/sl\/wp-json\/wp\/v2\/types\/page"}],"author":[{"embeddable":true,"href":"https:\/\/ecohotelcrete.com\/sl\/wp-json\/wp\/v2\/users\/1"}],"replies":[{"embeddable":true,"href":"https:\/\/ecohotelcrete.com\/sl\/wp-json\/wp\/v2\/comments?post=194"}],"version-history":[{"count":0,"href":"https:\/\/ecohotelcrete.com\/sl\/wp-json\/wp\/v2\/pages\/194\/revisions"}],"wp:attachment":[{"href":"https:\/\/ecohotelcrete.com\/sl\/wp-json\/wp\/v2\/media?parent=194"}],"wp:term":[{"taxonomy":"category","embeddable":true,"href":"https:\/\/ecohotelcrete.com\/sl\/wp-json\/wp\/v2\/categories?post=194"},{"taxonomy":"post_tag","embeddable":true,"href":"https:\/\/ecohotelcrete.com\/sl\/wp-json\/wp\/v2\/tags?post=194"}],"curies":[{"name":"wp","href":"https:\/\/api.w.org\/{rel}","templated":true}]}}