{"id":3,"date":"2021-03-07T14:29:33","date_gmt":"2021-03-07T12:29:33","guid":{"rendered":"https:\/\/ecohotelcrete.com\/?page_id=3"},"modified":"2021-10-10T21:26:55","modified_gmt":"2021-10-10T18:26:55","slug":"privacy-policy","status":"publish","type":"page","link":"https:\/\/ecohotelcrete.com\/sl\/privacy-policy\/","title":{"rendered":"Politika zasebnosti"},"content":{"rendered":"<h2 class=\"wp-block-heading\">Kdo smo<\/h2>\r\n\r\n\r\n\r\n<p>Na\u0161 spletni naslov je: https:\/\/ecohotelcrete.com.<\/p>\r\n\r\n\r\n\r\n<h2 class=\"wp-block-heading\">Katere osebne podatke zbiramo in zakaj jih zbiramo<\/h2>\r\n\r\n\r\n\r\n<h3 class=\"wp-block-heading\">Komentarji<\/h3>\r\n\r\n\r\n\r\n<p>Ko obiskovalci pustijo komentarje na spletnem mestu, zberemo podatke, prikazane v obrazcu za komentarje, ter tudi naslov IP obiskovalca in niz uporabni\u0161kega agenta brskalnika za pomo\u010d pri odkrivanju ne\u017eelene po\u0161te.<\/p>\r\n\r\n\r\n\r\n<p>Anonimiziran niz, ustvarjen iz va\u0161ega e-po\u0161tnega naslova (imenovan tudi zgo\u0161\u010dena vrednost), se lahko posreduje storitvi Gravatar, da preveri, ali ga uporabljate. Politika zasebnosti storitve Gravatar je na voljo tukaj: https:\/\/automattic.com\/privacy\/. Po odobritvi va\u0161ega komentarja je va\u0161a profilna slika vidna javnosti v kontekstu va\u0161ega komentarja.<\/p>\r\n\r\n\r\n\r\n<h3 class=\"wp-block-heading\">Mediji<\/h3>\r\n\r\n\r\n\r\n<p>\u010ce nalagate slike na spletno mesto, se izogibajte nalaganju slik z vklju\u010denimi vdelanimi podatki o lokaciji (EXIF GPS). Obiskovalci spletnega mesta lahko prenesejo in izvle\u010dejo vse podatke o lokaciji iz slik na spletnem mestu.<\/p>\r\n\r\n\r\n\r\n<h3 class=\"wp-block-heading\">Kontaktni obrazci<\/h3>\r\n\r\n\r\n\r\n<h3 class=\"wp-block-heading\">Pi\u0161kotki<\/h3>\r\n\r\n\r\n\r\n<p>\u010ce pustite komentar na na\u0161em spletnem mestu, se lahko odlo\u010dite za shranjevanje va\u0161ega imena, e-po\u0161tnega naslova in spletnega mesta v pi\u0161kotkih. To je za va\u0161e udobje, tako da vam ni treba znova vna\u0161ati svojih podatkov, ko pustite nov komentar. Ti pi\u0161kotki bodo trajali eno leto.<\/p>\r\n\r\n\r\n\r\n<p>\u010ce obi\u0161\u010dete na\u0161o prijavno stran, bomo nastavili za\u010dasni pi\u0161kotek, da ugotovimo, ali va\u0161 brskalnik sprejema pi\u0161kotke. Ta pi\u0161kotek ne vsebuje osebnih podatkov in se zavr\u017ee, ko zaprete brskalnik.<\/p>\r\n\r\n\r\n\r\n<p>Ko se prijavite, bomo nastavili tudi ve\u010d pi\u0161kotkov, da shranimo va\u0161e podatke za prijavo in va\u0161e izbire prikaza na zaslonu. Pi\u0161kotki za prijavo trajajo dva dni, pi\u0161kotki z mo\u017enostmi zaslona pa eno leto. \u010ce izberete &quot;Zapomni si me&quot;, se bo va\u0161a prijava ohranila dva tedna. \u010ce se odjavite iz svojega ra\u010duna, bodo prijavni pi\u0161kotki odstranjeni.<\/p>\r\n\r\n\r\n\r\n<p>\u010ce uredite ali objavite \u010dlanek, se v va\u0161 brskalnik shrani dodaten pi\u0161kotek. Ta pi\u0161kotek ne vklju\u010duje nobenih osebnih podatkov in samo ozna\u010duje ID objave \u010dlanka, ki ste ga pravkar uredili. Pote\u010de po 1 dnevu.<\/p>\r\n\r\n\r\n\r\n<h3 class=\"wp-block-heading\">Vdelana vsebina z drugih spletnih mest<\/h3>\r\n\r\n\r\n\r\n<p>\u010clanki na tem spletnem mestu lahko vklju\u010dujejo vdelano vsebino (npr. videe, slike, \u010dlanke itd.). Vdelana vsebina z drugih spletnih mest se obna\u0161a na povsem enak na\u010din, kot \u010de bi obiskovalec obiskal drugo spletno mesto.<\/p>\r\n\r\n\r\n\r\n<p>Ta spletna mesta lahko zbirajo podatke o vas, uporabljajo pi\u0161kotke, vdelajo dodatno sledenje tretjih oseb in spremljajo va\u0161o interakcijo s to vdelano vsebino, vklju\u010dno s sledenjem va\u0161i interakciji z vdelano vsebino, \u010de imate ra\u010dun in ste prijavljeni na to spletno mesto.<\/p>\r\n\r\n\r\n\r\n<h3 class=\"wp-block-heading\">analitika<\/h3>\r\n\r\n\r\n\r\n<h2 class=\"wp-block-heading\">S kom delimo va\u0161e podatke<\/h2>\r\n\r\n\r\n\r\n<p>\u010ce zahtevate ponastavitev gesla, bo va\u0161 naslov IP vklju\u010den v e-po\u0161tno sporo\u010dilo za ponastavitev.<\/p>\r\n\r\n\r\n\r\n<h2 class=\"wp-block-heading\">Kako dolgo hranimo va\u0161e podatke<\/h2>\r\n\r\n\r\n\r\n<p>\u010ce pustite komentar, se komentar in njegovi metapodatki hranijo za nedolo\u010den \u010das. To je zato, da lahko samodejno prepoznamo in odobrimo nadaljnje komentarje, namesto da jih zadr\u017eimo v \u010dakalni vrsti za moderiranje.<\/p>\r\n\r\n\r\n\r\n<p>Za uporabnike, ki se registrirajo na na\u0161i spletni strani (\u010de obstajajo), hranimo tudi osebne podatke, ki jih posredujejo v svojem uporabni\u0161kem profilu. Vsi uporabniki lahko kadar koli vidijo, uredijo ali izbri\u0161ejo svoje osebne podatke (le da ne morejo spremeniti uporabni\u0161kega imena). Skrbniki spletnega mesta lahko tudi vidijo in urejajo te podatke.<\/p>\r\n\r\n\r\n\r\n<h2 class=\"wp-block-heading\">Kak\u0161ne pravice imate do svojih podatkov<\/h2>\r\n\r\n\r\n\r\n<p>\u010ce imate ra\u010dun na tem spletnem mestu ali ste pustili komentarje, lahko zahtevate prejem izvo\u017eene datoteke osebnih podatkov, ki jih imamo o vas, vklju\u010dno z vsemi podatki, ki ste nam jih posredovali. Prav tako lahko zahtevate, da izbri\u0161emo vse osebne podatke, ki jih imamo o vas. To ne vklju\u010duje nobenih podatkov, ki smo jih dol\u017eni hraniti za administrativne, pravne ali varnostne namene.<\/p>\r\n\r\n\r\n\r\n<h2 class=\"wp-block-heading\">Kam po\u0161iljamo va\u0161e podatke<\/h2>\r\n\r\n\r\n\r\n<p>Komentarje obiskovalcev je mogo\u010de preveriti prek storitve avtomatiziranega zaznavanja ne\u017eelene po\u0161te.<\/p>\r\n\r\n\r\n\r\n<h2 class=\"wp-block-heading\">Va\u0161i kontaktni podatki<\/h2>\r\n\r\n\r\n\r\n<h2 class=\"wp-block-heading\">Dodatne informacije<\/h2>\r\n\r\n\r\n\r\n<h3 class=\"wp-block-heading\">Kako varujemo va\u0161e podatke<\/h3>\r\n\r\n\r\n\r\n<h3 class=\"wp-block-heading\">Katere postopke za kr\u0161itve podatkov imamo vzpostavljene<\/h3>\r\n\r\n\r\n\r\n<h3 class=\"wp-block-heading\">Od katerih tretjih oseb prejemamo podatke<\/h3>\r\n\r\n\r\n\r\n<h3 class=\"wp-block-heading\">Kak\u0161no samodejno odlo\u010danje in\/ali profiliranje izvajamo z uporabni\u0161kimi podatki<\/h3>\r\n\r\n\r\n\r\n<h3 class=\"wp-block-heading\">Regulatorne zahteve za razkritje v industriji<\/h3>","protected":false},"excerpt":{"rendered":"<p>Kdo smo Naslov na\u0161ega spletnega mesta je: https:\/\/ecohotelcrete.com. Katere osebne podatke zbiramo in zakaj jih zbiramo Komentarji Ko obiskovalci pustijo komentarje na spletnem mestu, zberemo podatke, prikazane v obrazcu za komentarje, ter tudi naslov IP obiskovalca in niz uporabni\u0161kega agenta brskalnika za pomo\u010d pri odkrivanju ne\u017eelene po\u0161te. Anonimiziran niz, ustvarjen iz [\u2026]<\/p>","protected":false},"author":1,"featured_media":0,"parent":0,"menu_order":0,"comment_status":"closed","ping_status":"closed","template":"","meta":{"footnotes":""},"categories":[],"tags":[],"class_list":["post-3","page","type-page","status-publish","hentry"],"yoast_head":"<!-- This site is optimized with the Yoast SEO plugin v26.7 - https:\/\/yoast.com\/wordpress\/plugins\/seo\/ -->\n<title>Privacy Policy - Ecotourism on Crete: Mourtzanakis ecotourism hotel<\/title>\n<meta name=\"description\" content=\"Privacy policy of Mourtzanakis eco lodge. Sustainable travel and ecotourism holidays on Crete.\" \/>\n<meta name=\"robots\" content=\"index, follow, max-snippet:-1, max-image-preview:large, max-video-preview:-1\" \/>\n<link rel=\"canonical\" href=\"https:\/\/ecohotelcrete.com\/sl\/privacy-policy\/\" \/>\n<meta property=\"og:locale\" content=\"sl_SI\" \/>\n<meta property=\"og:type\" content=\"article\" \/>\n<meta property=\"og:title\" content=\"Privacy Policy - Ecotourism on Crete: Mourtzanakis ecotourism hotel\" \/>\n<meta property=\"og:description\" content=\"Privacy policy of Mourtzanakis eco lodge. Sustainable travel and ecotourism holidays on Crete.\" \/>\n<meta property=\"og:url\" content=\"https:\/\/ecohotelcrete.com\/sl\/privacy-policy\/\" \/>\n<meta property=\"og:site_name\" content=\"Ecotourism on Crete: Mourtzanakis ecotourism hotel on Crete Greece\" \/>\n<meta property=\"article:modified_time\" content=\"2021-10-10T18:26:55+00:00\" \/>\n<meta name=\"twitter:card\" content=\"summary_large_image\" \/>\n<meta name=\"twitter:label1\" content=\"Est. reading time\" \/>\n\t<meta name=\"twitter:data1\" content=\"3 minute\" \/>\n<script type=\"application\/ld+json\" class=\"yoast-schema-graph\">{\"@context\":\"https:\/\/schema.org\",\"@graph\":[{\"@type\":\"WebPage\",\"@id\":\"https:\/\/ecohotelcrete.com\/privacy-policy\/\",\"url\":\"https:\/\/ecohotelcrete.com\/privacy-policy\/\",\"name\":\"Privacy Policy - Ecotourism on Crete: Mourtzanakis ecotourism hotel\",\"isPartOf\":{\"@id\":\"https:\/\/ecohotelcrete.com\/cs\/#website\"},\"datePublished\":\"2021-03-07T12:29:33+00:00\",\"dateModified\":\"2021-10-10T18:26:55+00:00\",\"description\":\"Privacy policy of Mourtzanakis eco lodge. Sustainable travel and ecotourism holidays on Crete.\",\"breadcrumb\":{\"@id\":\"https:\/\/ecohotelcrete.com\/privacy-policy\/#breadcrumb\"},\"inLanguage\":\"sl-SI\",\"potentialAction\":[{\"@type\":\"ReadAction\",\"target\":[\"https:\/\/ecohotelcrete.com\/privacy-policy\/\"]}]},{\"@type\":\"BreadcrumbList\",\"@id\":\"https:\/\/ecohotelcrete.com\/privacy-policy\/#breadcrumb\",\"itemListElement\":[{\"@type\":\"ListItem\",\"position\":1,\"name\":\"Home\",\"item\":\"https:\/\/ecohotelcrete.com\/cs\/\"},{\"@type\":\"ListItem\",\"position\":2,\"name\":\"Privacy Policy\"}]},{\"@type\":\"WebSite\",\"@id\":\"https:\/\/ecohotelcrete.com\/cs\/#website\",\"url\":\"https:\/\/ecohotelcrete.com\/cs\/\",\"name\":\"Ecotourism on Crete: Mourtzanakis ecotourism hotel on Crete Greece\",\"description\":\"Crete Greece: Ecotourism hotel (4 independent luxury Villas) for holidays in the nature of Crete Island. An ecotourism hotel with sensational views\",\"potentialAction\":[{\"@type\":\"SearchAction\",\"target\":{\"@type\":\"EntryPoint\",\"urlTemplate\":\"https:\/\/ecohotelcrete.com\/cs\/?s={search_term_string}\"},\"query-input\":{\"@type\":\"PropertyValueSpecification\",\"valueRequired\":true,\"valueName\":\"search_term_string\"}}],\"inLanguage\":\"sl-SI\"}]}<\/script>\n<!-- \/ Yoast SEO plugin. -->","yoast_head_json":{"title":"Politika zasebnosti - Ekoturizem na Kreti: Ekoturisti\u010dni hotel Mourtzanakis","description":"Politika zasebnosti Mourtzanakis eco lodge. Trajnostna potovanja in ekoturisti\u010dni dopust na Kreti.","robots":{"index":"index","follow":"follow","max-snippet":"max-snippet:-1","max-image-preview":"max-image-preview:large","max-video-preview":"max-video-preview:-1"},"canonical":"https:\/\/ecohotelcrete.com\/sl\/privacy-policy\/","og_locale":"sl_SI","og_type":"article","og_title":"Privacy Policy - Ecotourism on Crete: Mourtzanakis ecotourism hotel","og_description":"Privacy policy of Mourtzanakis eco lodge. Sustainable travel and ecotourism holidays on Crete.","og_url":"https:\/\/ecohotelcrete.com\/sl\/privacy-policy\/","og_site_name":"Ecotourism on Crete: Mourtzanakis ecotourism hotel on Crete Greece","article_modified_time":"2021-10-10T18:26:55+00:00","twitter_card":"summary_large_image","twitter_misc":{"Est. reading time":"3 minute"},"schema":{"@context":"https:\/\/schema.org","@graph":[{"@type":"WebPage","@id":"https:\/\/ecohotelcrete.com\/privacy-policy\/","url":"https:\/\/ecohotelcrete.com\/privacy-policy\/","name":"Politika zasebnosti - Ekoturizem na Kreti: Ekoturisti\u010dni hotel Mourtzanakis","isPartOf":{"@id":"https:\/\/ecohotelcrete.com\/cs\/#website"},"datePublished":"2021-03-07T12:29:33+00:00","dateModified":"2021-10-10T18:26:55+00:00","description":"Politika zasebnosti Mourtzanakis eco lodge. Trajnostna potovanja in ekoturisti\u010dni dopust na Kreti.","breadcrumb":{"@id":"https:\/\/ecohotelcrete.com\/privacy-policy\/#breadcrumb"},"inLanguage":"sl-SI","potentialAction":[{"@type":"ReadAction","target":["https:\/\/ecohotelcrete.com\/privacy-policy\/"]}]},{"@type":"BreadcrumbList","@id":"https:\/\/ecohotelcrete.com\/privacy-policy\/#breadcrumb","itemListElement":[{"@type":"ListItem","position":1,"name":"Home","item":"https:\/\/ecohotelcrete.com\/cs\/"},{"@type":"ListItem","position":2,"name":"Privacy Policy"}]},{"@type":"WebSite","@id":"https:\/\/ecohotelcrete.com\/cs\/#website","url":"https:\/\/ecohotelcrete.com\/cs\/","name":"Ekoturizem na Kreti: Ekoturisti\u010dni hotel Mourtzanakis na Kreti v Gr\u010diji","description":"Kreta Gr\u010dija: Ekoturisti\u010dni hotel (4 samostojne luksuzne vile) za po\u010ditnice v naravi otoka Kreta. Ekoturisti\u010dni hotel s senzacionalnimi razgledi","potentialAction":[{"@type":"SearchAction","target":{"@type":"EntryPoint","urlTemplate":"https:\/\/ecohotelcrete.com\/cs\/?s={search_term_string}"},"query-input":{"@type":"PropertyValueSpecification","valueRequired":true,"valueName":"search_term_string"}}],"inLanguage":"sl-SI"}]}},"_links":{"self":[{"href":"https:\/\/ecohotelcrete.com\/sl\/wp-json\/wp\/v2\/pages\/3","targetHints":{"allow":["GET"]}}],"collection":[{"href":"https:\/\/ecohotelcrete.com\/sl\/wp-json\/wp\/v2\/pages"}],"about":[{"href":"https:\/\/ecohotelcrete.com\/sl\/wp-json\/wp\/v2\/types\/page"}],"author":[{"embeddable":true,"href":"https:\/\/ecohotelcrete.com\/sl\/wp-json\/wp\/v2\/users\/1"}],"replies":[{"embeddable":true,"href":"https:\/\/ecohotelcrete.com\/sl\/wp-json\/wp\/v2\/comments?post=3"}],"version-history":[{"count":0,"href":"https:\/\/ecohotelcrete.com\/sl\/wp-json\/wp\/v2\/pages\/3\/revisions"}],"wp:attachment":[{"href":"https:\/\/ecohotelcrete.com\/sl\/wp-json\/wp\/v2\/media?parent=3"}],"wp:term":[{"taxonomy":"category","embeddable":true,"href":"https:\/\/ecohotelcrete.com\/sl\/wp-json\/wp\/v2\/categories?post=3"},{"taxonomy":"post_tag","embeddable":true,"href":"https:\/\/ecohotelcrete.com\/sl\/wp-json\/wp\/v2\/tags?post=3"}],"curies":[{"name":"wp","href":"https:\/\/api.w.org\/{rel}","templated":true}]}}