{"id":210,"date":"2021-03-09T05:55:04","date_gmt":"2021-03-09T03:55:04","guid":{"rendered":"https:\/\/ecohotelcrete.com\/?page_id=210"},"modified":"2021-10-10T21:24:25","modified_gmt":"2021-10-10T18:24:25","slug":"location-of-our-ecotourism-hotel-on-crete","status":"publish","type":"page","link":"https:\/\/ecohotelcrete.com\/sv\/location-of-our-ecotourism-hotel-on-crete\/","title":{"rendered":"Platsen f\u00f6r v\u00e5rt ekoturismhotell p\u00e5 Kreta"},"content":{"rendered":"","protected":false},"excerpt":{"rendered":"","protected":false},"author":1,"featured_media":0,"parent":0,"menu_order":0,"comment_status":"closed","ping_status":"closed","template":"","meta":{"footnotes":""},"categories":[],"tags":[],"class_list":["post-210","page","type-page","status-publish","hentry"],"yoast_head":"<!-- This site is optimized with the Yoast SEO plugin v26.7 - https:\/\/yoast.com\/wordpress\/plugins\/seo\/ -->\n<title>Location of our Ecotourism Hotel on Crete. Mourtzanakis Eco lodge.<\/title>\n<meta name=\"description\" content=\"Location of our Ecotourism Hotel on Crete. Mourtzanakis Eco Resort is at the center of Crete, at the rural traditional Cretan village Achlada\" \/>\n<meta name=\"robots\" content=\"index, follow, max-snippet:-1, max-image-preview:large, max-video-preview:-1\" \/>\n<link rel=\"canonical\" href=\"https:\/\/ecohotelcrete.com\/sv\/location-of-our-ecotourism-hotel-on-crete\/\" \/>\n<meta property=\"og:locale\" content=\"sv_SE\" \/>\n<meta property=\"og:type\" content=\"article\" \/>\n<meta property=\"og:title\" content=\"Location of our Ecotourism Hotel on Crete. Mourtzanakis Eco lodge.\" \/>\n<meta property=\"og:description\" content=\"Location of our Ecotourism Hotel on Crete. Mourtzanakis Eco Resort is at the center of Crete, at the rural traditional Cretan village Achlada\" \/>\n<meta property=\"og:url\" content=\"https:\/\/ecohotelcrete.com\/sv\/location-of-our-ecotourism-hotel-on-crete\/\" \/>\n<meta property=\"og:site_name\" content=\"Ecotourism on Crete: Mourtzanakis ecotourism hotel on Crete Greece\" \/>\n<meta property=\"article:modified_time\" content=\"2021-10-10T18:24:25+00:00\" \/>\n<meta name=\"twitter:card\" content=\"summary_large_image\" \/>\n<script type=\"application\/ld+json\" class=\"yoast-schema-graph\">{\"@context\":\"https:\/\/schema.org\",\"@graph\":[{\"@type\":\"WebPage\",\"@id\":\"https:\/\/ecohotelcrete.com\/ar\/location-of-our-ecotourism-hotel-on-crete\/\",\"url\":\"https:\/\/ecohotelcrete.com\/ar\/location-of-our-ecotourism-hotel-on-crete\/\",\"name\":\"Location of our Ecotourism Hotel on Crete. Mourtzanakis Eco lodge.\",\"isPartOf\":{\"@id\":\"https:\/\/ecohotelcrete.com\/cs\/#website\"},\"datePublished\":\"2021-03-09T03:55:04+00:00\",\"dateModified\":\"2021-10-10T18:24:25+00:00\",\"description\":\"Location of our Ecotourism Hotel on Crete. Mourtzanakis Eco Resort is at the center of Crete, at the rural traditional Cretan village Achlada\",\"breadcrumb\":{\"@id\":\"https:\/\/ecohotelcrete.com\/ar\/location-of-our-ecotourism-hotel-on-crete\/#breadcrumb\"},\"inLanguage\":\"sv-SE\",\"potentialAction\":[{\"@type\":\"ReadAction\",\"target\":[\"https:\/\/ecohotelcrete.com\/ar\/location-of-our-ecotourism-hotel-on-crete\/\"]}]},{\"@type\":\"BreadcrumbList\",\"@id\":\"https:\/\/ecohotelcrete.com\/ar\/location-of-our-ecotourism-hotel-on-crete\/#breadcrumb\",\"itemListElement\":[{\"@type\":\"ListItem\",\"position\":1,\"name\":\"Home\",\"item\":\"https:\/\/ecohotelcrete.com\/cs\/\"},{\"@type\":\"ListItem\",\"position\":2,\"name\":\"Location of our Ecotourism Hotel on Crete\"}]},{\"@type\":\"WebSite\",\"@id\":\"https:\/\/ecohotelcrete.com\/cs\/#website\",\"url\":\"https:\/\/ecohotelcrete.com\/cs\/\",\"name\":\"Ecotourism on Crete: Mourtzanakis ecotourism hotel on Crete Greece\",\"description\":\"Crete Greece: Ecotourism hotel (4 independent luxury Villas) for holidays in the nature of Crete Island. An ecotourism hotel with sensational views\",\"potentialAction\":[{\"@type\":\"SearchAction\",\"target\":{\"@type\":\"EntryPoint\",\"urlTemplate\":\"https:\/\/ecohotelcrete.com\/cs\/?s={search_term_string}\"},\"query-input\":{\"@type\":\"PropertyValueSpecification\",\"valueRequired\":true,\"valueName\":\"search_term_string\"}}],\"inLanguage\":\"sv-SE\"}]}<\/script>\n<!-- \/ Yoast SEO plugin. -->","yoast_head_json":{"title":"L\u00e4ge f\u00f6r v\u00e5rt ekoturismhotell p\u00e5 Kreta. Mourtzanakis Eco lodge.","description":"L\u00e4ge f\u00f6r v\u00e5rt ekoturismhotell p\u00e5 Kreta. Mourtzanakis Eco Resort ligger i centrala Kreta, vid den traditionella kretensiska byn Achlada p\u00e5 landsbygden","robots":{"index":"index","follow":"follow","max-snippet":"max-snippet:-1","max-image-preview":"max-image-preview:large","max-video-preview":"max-video-preview:-1"},"canonical":"https:\/\/ecohotelcrete.com\/sv\/location-of-our-ecotourism-hotel-on-crete\/","og_locale":"sv_SE","og_type":"article","og_title":"Location of our Ecotourism Hotel on Crete. Mourtzanakis Eco lodge.","og_description":"Location of our Ecotourism Hotel on Crete. Mourtzanakis Eco Resort is at the center of Crete, at the rural traditional Cretan village Achlada","og_url":"https:\/\/ecohotelcrete.com\/sv\/location-of-our-ecotourism-hotel-on-crete\/","og_site_name":"Ecotourism on Crete: Mourtzanakis ecotourism hotel on Crete Greece","article_modified_time":"2021-10-10T18:24:25+00:00","twitter_card":"summary_large_image","schema":{"@context":"https:\/\/schema.org","@graph":[{"@type":"WebPage","@id":"https:\/\/ecohotelcrete.com\/ar\/location-of-our-ecotourism-hotel-on-crete\/","url":"https:\/\/ecohotelcrete.com\/ar\/location-of-our-ecotourism-hotel-on-crete\/","name":"L\u00e4ge f\u00f6r v\u00e5rt ekoturismhotell p\u00e5 Kreta. Mourtzanakis Eco lodge.","isPartOf":{"@id":"https:\/\/ecohotelcrete.com\/cs\/#website"},"datePublished":"2021-03-09T03:55:04+00:00","dateModified":"2021-10-10T18:24:25+00:00","description":"L\u00e4ge f\u00f6r v\u00e5rt ekoturismhotell p\u00e5 Kreta. Mourtzanakis Eco Resort ligger i centrala Kreta, vid den traditionella kretensiska byn Achlada p\u00e5 landsbygden","breadcrumb":{"@id":"https:\/\/ecohotelcrete.com\/ar\/location-of-our-ecotourism-hotel-on-crete\/#breadcrumb"},"inLanguage":"sv-SE","potentialAction":[{"@type":"ReadAction","target":["https:\/\/ecohotelcrete.com\/ar\/location-of-our-ecotourism-hotel-on-crete\/"]}]},{"@type":"BreadcrumbList","@id":"https:\/\/ecohotelcrete.com\/ar\/location-of-our-ecotourism-hotel-on-crete\/#breadcrumb","itemListElement":[{"@type":"ListItem","position":1,"name":"Home","item":"https:\/\/ecohotelcrete.com\/cs\/"},{"@type":"ListItem","position":2,"name":"Location of our Ecotourism Hotel on Crete"}]},{"@type":"WebSite","@id":"https:\/\/ecohotelcrete.com\/cs\/#website","url":"https:\/\/ecohotelcrete.com\/cs\/","name":"Ekoturism p\u00e5 Kreta: Mourtzanakis ekoturismhotell p\u00e5 Kreta Grekland","description":"Kreta Grekland: Ekoturismhotell (4 oberoende lyxvillor) f\u00f6r semester i Kretas natur. Ett ekoturismhotell med sensationell utsikt","potentialAction":[{"@type":"SearchAction","target":{"@type":"EntryPoint","urlTemplate":"https:\/\/ecohotelcrete.com\/cs\/?s={search_term_string}"},"query-input":{"@type":"PropertyValueSpecification","valueRequired":true,"valueName":"search_term_string"}}],"inLanguage":"sv-SE"}]}},"_links":{"self":[{"href":"https:\/\/ecohotelcrete.com\/sv\/wp-json\/wp\/v2\/pages\/210","targetHints":{"allow":["GET"]}}],"collection":[{"href":"https:\/\/ecohotelcrete.com\/sv\/wp-json\/wp\/v2\/pages"}],"about":[{"href":"https:\/\/ecohotelcrete.com\/sv\/wp-json\/wp\/v2\/types\/page"}],"author":[{"embeddable":true,"href":"https:\/\/ecohotelcrete.com\/sv\/wp-json\/wp\/v2\/users\/1"}],"replies":[{"embeddable":true,"href":"https:\/\/ecohotelcrete.com\/sv\/wp-json\/wp\/v2\/comments?post=210"}],"version-history":[{"count":0,"href":"https:\/\/ecohotelcrete.com\/sv\/wp-json\/wp\/v2\/pages\/210\/revisions"}],"wp:attachment":[{"href":"https:\/\/ecohotelcrete.com\/sv\/wp-json\/wp\/v2\/media?parent=210"}],"wp:term":[{"taxonomy":"category","embeddable":true,"href":"https:\/\/ecohotelcrete.com\/sv\/wp-json\/wp\/v2\/categories?post=210"},{"taxonomy":"post_tag","embeddable":true,"href":"https:\/\/ecohotelcrete.com\/sv\/wp-json\/wp\/v2\/tags?post=210"}],"curies":[{"name":"wp","href":"https:\/\/api.w.org\/{rel}","templated":true}]}}