{"id":462,"date":"2021-06-13T00:12:32","date_gmt":"2021-06-12T21:12:32","guid":{"rendered":"https:\/\/ecohotelcrete.com\/?page_id=462"},"modified":"2021-10-11T20:43:27","modified_gmt":"2021-10-11T17:43:27","slug":"booking-cancelation-policy","status":"publish","type":"page","link":"https:\/\/ecohotelcrete.com\/sv\/booking-cancelation-policy\/","title":{"rendered":"Mourtzanakis Eco Residence: Bokning \/ \u00c4ndringar \/ Avbokningsregler"},"content":{"rendered":"","protected":false},"excerpt":{"rendered":"","protected":false},"author":1,"featured_media":0,"parent":0,"menu_order":0,"comment_status":"closed","ping_status":"closed","template":"","meta":{"footnotes":""},"categories":[],"tags":[],"class_list":["post-462","page","type-page","status-publish","hentry"],"yoast_head":"<!-- This site is optimized with the Yoast SEO plugin v26.7 - https:\/\/yoast.com\/wordpress\/plugins\/seo\/ -->\n<title>Booking\/Amendments\/Cancellation policy of our eco hotel<\/title>\n<meta name=\"description\" content=\"Mourtzanakis Eco Residence: Booking \/ Amendments \/ Cancellation policy - Ecotourism holidays on Crete: Mourtzanakis eco hotel on Crete Greece\" \/>\n<meta name=\"robots\" content=\"index, follow, max-snippet:-1, max-image-preview:large, max-video-preview:-1\" \/>\n<link rel=\"canonical\" href=\"https:\/\/ecohotelcrete.com\/sv\/booking-cancelation-policy\/\" \/>\n<meta property=\"og:locale\" content=\"sv_SE\" \/>\n<meta property=\"og:type\" content=\"article\" \/>\n<meta property=\"og:title\" content=\"Booking\/Amendments\/Cancellation policy of our eco hotel\" \/>\n<meta property=\"og:description\" content=\"Mourtzanakis Eco Residence: Booking \/ Amendments \/ Cancellation policy - Ecotourism holidays on Crete: Mourtzanakis eco hotel on Crete Greece\" \/>\n<meta property=\"og:url\" content=\"https:\/\/ecohotelcrete.com\/sv\/booking-cancelation-policy\/\" \/>\n<meta property=\"og:site_name\" content=\"Ecotourism on Crete: Mourtzanakis ecotourism hotel on Crete Greece\" \/>\n<meta property=\"article:modified_time\" content=\"2021-10-11T17:43:27+00:00\" \/>\n<meta name=\"twitter:card\" content=\"summary_large_image\" \/>\n<script type=\"application\/ld+json\" class=\"yoast-schema-graph\">{\"@context\":\"https:\/\/schema.org\",\"@graph\":[{\"@type\":\"WebPage\",\"@id\":\"https:\/\/ecohotelcrete.com\/he\/booking-cancelation-policy\/\",\"url\":\"https:\/\/ecohotelcrete.com\/he\/booking-cancelation-policy\/\",\"name\":\"Booking\/Amendments\/Cancellation policy of our eco hotel\",\"isPartOf\":{\"@id\":\"https:\/\/ecohotelcrete.com\/cs\/#website\"},\"datePublished\":\"2021-06-12T21:12:32+00:00\",\"dateModified\":\"2021-10-11T17:43:27+00:00\",\"description\":\"Mourtzanakis Eco Residence: Booking \/ Amendments \/ Cancellation policy - Ecotourism holidays on Crete: Mourtzanakis eco hotel on Crete Greece\",\"breadcrumb\":{\"@id\":\"https:\/\/ecohotelcrete.com\/he\/booking-cancelation-policy\/#breadcrumb\"},\"inLanguage\":\"sv-SE\",\"potentialAction\":[{\"@type\":\"ReadAction\",\"target\":[\"https:\/\/ecohotelcrete.com\/he\/booking-cancelation-policy\/\"]}]},{\"@type\":\"BreadcrumbList\",\"@id\":\"https:\/\/ecohotelcrete.com\/he\/booking-cancelation-policy\/#breadcrumb\",\"itemListElement\":[{\"@type\":\"ListItem\",\"position\":1,\"name\":\"Home\",\"item\":\"https:\/\/ecohotelcrete.com\/cs\/\"},{\"@type\":\"ListItem\",\"position\":2,\"name\":\"Mourtzanakis Eco Residence: Booking \/ Amendments \/ Cancellation policy\"}]},{\"@type\":\"WebSite\",\"@id\":\"https:\/\/ecohotelcrete.com\/cs\/#website\",\"url\":\"https:\/\/ecohotelcrete.com\/cs\/\",\"name\":\"Ecotourism on Crete: Mourtzanakis ecotourism hotel on Crete Greece\",\"description\":\"Crete Greece: Ecotourism hotel (4 independent luxury Villas) for holidays in the nature of Crete Island. An ecotourism hotel with sensational views\",\"potentialAction\":[{\"@type\":\"SearchAction\",\"target\":{\"@type\":\"EntryPoint\",\"urlTemplate\":\"https:\/\/ecohotelcrete.com\/cs\/?s={search_term_string}\"},\"query-input\":{\"@type\":\"PropertyValueSpecification\",\"valueRequired\":true,\"valueName\":\"search_term_string\"}}],\"inLanguage\":\"sv-SE\"}]}<\/script>\n<!-- \/ Yoast SEO plugin. -->","yoast_head_json":{"title":"Bokning\/\u00e4ndringar\/avbokningsregler f\u00f6r v\u00e5rt milj\u00f6hotell","description":"Mourtzanakis Eco Residence: Bokning \/ \u00e4ndringar \/ avbokningsregler - Ekoturismsemester p\u00e5 Kreta: Mourtzanakis milj\u00f6hotell p\u00e5 Kreta Grekland","robots":{"index":"index","follow":"follow","max-snippet":"max-snippet:-1","max-image-preview":"max-image-preview:large","max-video-preview":"max-video-preview:-1"},"canonical":"https:\/\/ecohotelcrete.com\/sv\/booking-cancelation-policy\/","og_locale":"sv_SE","og_type":"article","og_title":"Booking\/Amendments\/Cancellation policy of our eco hotel","og_description":"Mourtzanakis Eco Residence: Booking \/ Amendments \/ Cancellation policy - Ecotourism holidays on Crete: Mourtzanakis eco hotel on Crete Greece","og_url":"https:\/\/ecohotelcrete.com\/sv\/booking-cancelation-policy\/","og_site_name":"Ecotourism on Crete: Mourtzanakis ecotourism hotel on Crete Greece","article_modified_time":"2021-10-11T17:43:27+00:00","twitter_card":"summary_large_image","schema":{"@context":"https:\/\/schema.org","@graph":[{"@type":"WebPage","@id":"https:\/\/ecohotelcrete.com\/he\/booking-cancelation-policy\/","url":"https:\/\/ecohotelcrete.com\/he\/booking-cancelation-policy\/","name":"Bokning\/\u00e4ndringar\/avbokningsregler f\u00f6r v\u00e5rt milj\u00f6hotell","isPartOf":{"@id":"https:\/\/ecohotelcrete.com\/cs\/#website"},"datePublished":"2021-06-12T21:12:32+00:00","dateModified":"2021-10-11T17:43:27+00:00","description":"Mourtzanakis Eco Residence: Bokning \/ \u00e4ndringar \/ avbokningsregler - Ekoturismsemester p\u00e5 Kreta: Mourtzanakis milj\u00f6hotell p\u00e5 Kreta Grekland","breadcrumb":{"@id":"https:\/\/ecohotelcrete.com\/he\/booking-cancelation-policy\/#breadcrumb"},"inLanguage":"sv-SE","potentialAction":[{"@type":"ReadAction","target":["https:\/\/ecohotelcrete.com\/he\/booking-cancelation-policy\/"]}]},{"@type":"BreadcrumbList","@id":"https:\/\/ecohotelcrete.com\/he\/booking-cancelation-policy\/#breadcrumb","itemListElement":[{"@type":"ListItem","position":1,"name":"Home","item":"https:\/\/ecohotelcrete.com\/cs\/"},{"@type":"ListItem","position":2,"name":"Mourtzanakis Eco Residence: Booking \/ Amendments \/ Cancellation policy"}]},{"@type":"WebSite","@id":"https:\/\/ecohotelcrete.com\/cs\/#website","url":"https:\/\/ecohotelcrete.com\/cs\/","name":"Ekoturism p\u00e5 Kreta: Mourtzanakis ekoturismhotell p\u00e5 Kreta Grekland","description":"Kreta Grekland: Ekoturismhotell (4 oberoende lyxvillor) f\u00f6r semester i Kretas natur. Ett ekoturismhotell med sensationell utsikt","potentialAction":[{"@type":"SearchAction","target":{"@type":"EntryPoint","urlTemplate":"https:\/\/ecohotelcrete.com\/cs\/?s={search_term_string}"},"query-input":{"@type":"PropertyValueSpecification","valueRequired":true,"valueName":"search_term_string"}}],"inLanguage":"sv-SE"}]}},"_links":{"self":[{"href":"https:\/\/ecohotelcrete.com\/sv\/wp-json\/wp\/v2\/pages\/462","targetHints":{"allow":["GET"]}}],"collection":[{"href":"https:\/\/ecohotelcrete.com\/sv\/wp-json\/wp\/v2\/pages"}],"about":[{"href":"https:\/\/ecohotelcrete.com\/sv\/wp-json\/wp\/v2\/types\/page"}],"author":[{"embeddable":true,"href":"https:\/\/ecohotelcrete.com\/sv\/wp-json\/wp\/v2\/users\/1"}],"replies":[{"embeddable":true,"href":"https:\/\/ecohotelcrete.com\/sv\/wp-json\/wp\/v2\/comments?post=462"}],"version-history":[{"count":0,"href":"https:\/\/ecohotelcrete.com\/sv\/wp-json\/wp\/v2\/pages\/462\/revisions"}],"wp:attachment":[{"href":"https:\/\/ecohotelcrete.com\/sv\/wp-json\/wp\/v2\/media?parent=462"}],"wp:term":[{"taxonomy":"category","embeddable":true,"href":"https:\/\/ecohotelcrete.com\/sv\/wp-json\/wp\/v2\/categories?post=462"},{"taxonomy":"post_tag","embeddable":true,"href":"https:\/\/ecohotelcrete.com\/sv\/wp-json\/wp\/v2\/tags?post=462"}],"curies":[{"name":"wp","href":"https:\/\/api.w.org\/{rel}","templated":true}]}}